{"id":74,"date":"2017-05-21T20:48:37","date_gmt":"2017-05-21T18:48:37","guid":{"rendered":"http:\/\/furkamotors.com\/?page_id=74"},"modified":"2024-08-02T15:35:26","modified_gmt":"2024-08-02T13:35:26","slug":"motobicykle-a-zakon","status":"publish","type":"page","link":"https:\/\/furkamotors.com\/ita\/motobicykle-a-zakon\/","title":{"rendered":"La legge"},"content":{"rendered":"<h3><strong><i class=\"fas fa-bicycle \" ><\/i> <\/strong><strong>Va come una bicicletta semplice<\/strong><\/h3>\n<p>Le motociclette sono ammesse in tutta Europa secondo <a href=\"https:\/\/eur-lex.europa.eu\" target=\"_blank\" rel=\"noopener\">EU2018\/858<\/a>. La bicicletta \u00e8 un veicolo non motorizzato, pi\u00f9 precisamente, con motore ausiliario. Non \u00e8 quindi necessaria la patente di guida e potrete godervi liberamente la pedalata come su una normale bicicletta.<\/p>\n<h3><strong><i class=\"fas fa-book-medical \" ><\/i> <\/strong><strong>Prenditi cura di te e di ci\u00f2 che ti circonda<\/strong><\/h3>\n<p>\u00c8 necessario comunque rispettare il codice della strada e in nessun caso mettere in pericolo la circolazione. Segui la legislazione in vigore nel tuo Paese per evitare di mettere a repentaglio la tua sicurezza stradale. Se necessario, chiedici a info@furkamotors.com. Non guidare quando le condizioni atmosferiche sono avverse o quando la strada \u00e8 bagnata e scivolosa, per evitare di scivolare. Quando la strada \u00e8 bagnata, in cattive condizioni, sassosa o altro, si consiglia di utilizzare i freni delle ruote posteriori per rallentare. Tu sei l&#8217;autista, motivo per cui sei pienamente e incondizionatamente responsabile della tua corsa e del tuo veicolo.<\/p>\n<ul>\n<li style=\"list-style-type: none;\">\n<ul>\n<li><strong>Velocit\u00e0:<\/strong>\u00a0 costruzione: 25 km\/h (massimo 45 km\/h)<\/li>\n<li><strong>Volume del motore:<\/strong>\n<ul>\n<li>Per la Slovacchia: 48 ccm &#8211; 50 ccm, 2 tempi<\/li>\n<li>Per l&#8217;esportazione puoi scegliere tra 45 ccm &#8211; 85 ccm, 2 tempi, secondo le leggi del paese di consegna<\/li>\n<\/ul>\n<\/li>\n<li><strong>Fissaggio del motore:<\/strong> senza interferire con il telaio (Repubblica Ceca, alcuni paesi dell&#8217;UE)<\/li>\n<li><strong>Frizione:<\/strong> automatica, 1 velocit\u00e0<\/li>\n<\/ul>\n<\/li>\n<\/ul>\n<ul>\n<li><strong>Potenza motore:<\/strong> 1,5 Kw &#8211; 2,1 Kw<\/li>\n<\/ul>\n<p>Se hai bisogno di ulteriori informazioni, non esitare a <a href=\"https:\/\/furkamotors.com\/ita\/kontakt\/\" target=\"_blank\" rel=\"noopener\"><strong><span style=\"color: #0000ff;\"> contattaci<\/span><\/strong>.<\/a><\/p>\n<p>&nbsp;<\/p>\n","protected":false},"excerpt":{"rendered":"<p>Va come una bicicletta semplice Le motociclette sono ammesse in tutta Europa secondo EU2018\/858. La bicicletta \u00e8 un veicolo non motorizzato, pi\u00f9 precisamente, con motore ausiliario. Non \u00e8 quindi necessaria la patente di guida e potrete godervi liberamente la pedalata come su una normale bicicletta. Prenditi cura di te e di ci\u00f2 che ti circonda [&hellip;]<\/p>\n","protected":false},"author":1,"featured_media":0,"parent":0,"menu_order":0,"comment_status":"closed","ping_status":"closed","template":"template-fullwidth.php","meta":{"footnotes":""},"class_list":["post-74","page","type-page","status-publish","hentry"],"yoast_head":"<!-- This site is optimized with the Yoast SEO plugin v24.8.1 - https:\/\/yoast.com\/wordpress\/plugins\/seo\/ -->\n<title>La legge | FURKA MOTORS<\/title>\n<meta name=\"robots\" content=\"index, follow, max-snippet:-1, max-image-preview:large, max-video-preview:-1\" \/>\n<link rel=\"canonical\" href=\"https:\/\/furkamotors.com\/ita\/motobicykle-a-zakon\/\" \/>\n<meta property=\"og:locale\" content=\"it_IT\" \/>\n<meta property=\"og:locale:alternate\" content=\"en_US\" \/>\n<meta property=\"og:locale:alternate\" content=\"sk_SK\" \/>\n<meta property=\"og:locale:alternate\" content=\"es_ES\" \/>\n<meta property=\"og:type\" content=\"article\" \/>\n<meta property=\"og:title\" content=\"La legge\" \/>\n<meta property=\"og:description\" content=\"Va come una bicicletta semplice Le motociclette sono ammesse in tutta Europa secondo EU2018\/858. La bicicletta \u00e8 un veicolo non motorizzato, pi\u00f9 precisamente, con motore ausiliario. Non \u00e8 quindi necessaria la patente di guida e potrete godervi liberamente la pedalata come su una normale bicicletta. Prenditi cura di te e di ci\u00f2 che ti circonda [&hellip;]\" \/>\n<meta property=\"og:url\" content=\"https:\/\/furkamotors.com\/ita\/motobicykle-a-zakon\/\" \/>\n<meta property=\"og:site_name\" content=\"FURKA MOTORS\" \/>\n<meta property=\"article:publisher\" content=\"https:\/\/www.facebook.com\/furkamotors\" \/>\n<meta property=\"article:modified_time\" content=\"2024-08-02T13:35:26+00:00\" \/>\n<meta property=\"og:image\" content=\"https:\/\/furkamotors.com\/wp-content\/uploads\/2023\/09\/obrazok_2023-09-05_152755398.png\" \/>\n<meta name=\"twitter:card\" content=\"summary_large_image\" \/>\n<meta name=\"twitter:label1\" content=\"Tempo di lettura stimato\" \/>\n\t<meta name=\"twitter:data1\" content=\"3 minuti\" \/>\n<script type=\"application\/ld+json\" class=\"yoast-schema-graph\">{\"@context\":\"https:\/\/schema.org\",\"@graph\":[{\"@type\":\"WebPage\",\"@id\":\"https:\/\/furkamotors.com\/motobicykle-a-zakon\/\",\"url\":\"https:\/\/furkamotors.com\/motobicykle-a-zakon\/\",\"name\":\"La legge\",\"isPartOf\":{\"@id\":\"https:\/\/furkamotors.com\/#website\"},\"primaryImageOfPage\":{\"@id\":\"https:\/\/furkamotors.com\/motobicykle-a-zakon\/#primaryimage\"},\"image\":{\"@id\":\"https:\/\/furkamotors.com\/motobicykle-a-zakon\/#primaryimage\"},\"thumbnailUrl\":\"https:\/\/furkamotors.com\/wp-content\/uploads\/2023\/09\/obrazok_2023-09-05_152755398.png\",\"datePublished\":\"2017-05-21T18:48:37+00:00\",\"dateModified\":\"2024-08-02T13:35:26+00:00\",\"inLanguage\":\"it-IT\",\"potentialAction\":[{\"@type\":\"ReadAction\",\"target\":[\"https:\/\/furkamotors.com\/motobicykle-a-zakon\/\"]}]},{\"@type\":\"ImageObject\",\"inLanguage\":\"it-IT\",\"@id\":\"https:\/\/furkamotors.com\/motobicykle-a-zakon\/#primaryimage\",\"url\":\"https:\/\/furkamotors.com\/wp-content\/uploads\/2023\/09\/obrazok_2023-09-05_152755398.png\",\"contentUrl\":\"https:\/\/furkamotors.com\/wp-content\/uploads\/2023\/09\/obrazok_2023-09-05_152755398.png\"},{\"@type\":\"WebSite\",\"@id\":\"https:\/\/furkamotors.com\/#website\",\"url\":\"https:\/\/furkamotors.com\/\",\"name\":\"FURKA MOTORS\",\"description\":\"Stile proprio...\",\"publisher\":{\"@id\":\"https:\/\/furkamotors.com\/#organization\"},\"potentialAction\":[{\"@type\":\"SearchAction\",\"target\":{\"@type\":\"EntryPoint\",\"urlTemplate\":\"https:\/\/furkamotors.com\/?s={search_term_string}\"},\"query-input\":{\"@type\":\"PropertyValueSpecification\",\"valueRequired\":true,\"valueName\":\"search_term_string\"}}],\"inLanguage\":\"it-IT\"},{\"@type\":\"Organization\",\"@id\":\"https:\/\/furkamotors.com\/#organization\",\"name\":\"FURKA MOTORS\",\"url\":\"https:\/\/furkamotors.com\/\",\"logo\":{\"@type\":\"ImageObject\",\"inLanguage\":\"it-IT\",\"@id\":\"https:\/\/furkamotors.com\/#\/schema\/logo\/image\/\",\"url\":\"https:\/\/furkamotors.com\/wp-content\/uploads\/2022\/07\/logo-od2022.png\",\"contentUrl\":\"https:\/\/furkamotors.com\/wp-content\/uploads\/2022\/07\/logo-od2022.png\",\"width\":468,\"height\":462,\"caption\":\"FURKA MOTORS\"},\"image\":{\"@id\":\"https:\/\/furkamotors.com\/#\/schema\/logo\/image\/\"},\"sameAs\":[\"https:\/\/www.facebook.com\/furkamotors\"]}]}<\/script>\n<!-- \/ Yoast SEO plugin. -->","yoast_head_json":{"title":"La legge | FURKA MOTORS","robots":{"index":"index","follow":"follow","max-snippet":"max-snippet:-1","max-image-preview":"max-image-preview:large","max-video-preview":"max-video-preview:-1"},"canonical":"https:\/\/furkamotors.com\/ita\/motobicykle-a-zakon\/","og_locale":"it_IT","og_type":"article","og_title":"[:en]The law[:sk]Motobicykle a z\u00e1kon[:es]Motobicycletas y marco legal[:ita]La legge[:] | FURKA MOTORS","og_description":"Va come una bicicletta semplice Le motociclette sono ammesse in tutta Europa secondo EU2018\/858. La bicicletta \u00e8 un veicolo non motorizzato, pi\u00f9 precisamente, con motore ausiliario. Non \u00e8 quindi necessaria la patente di guida e potrete godervi liberamente la pedalata come su una normale bicicletta. Prenditi cura di te e di ci\u00f2 che ti circonda [&hellip;]","og_url":"https:\/\/furkamotors.com\/ita\/motobicykle-a-zakon\/","og_site_name":"FURKA MOTORS","article_publisher":"https:\/\/www.facebook.com\/furkamotors","article_modified_time":"2024-08-02T13:35:26+00:00","og_image":[{"url":"https:\/\/furkamotors.com\/wp-content\/uploads\/2023\/09\/obrazok_2023-09-05_152755398.png","type":"","width":"","height":""}],"twitter_card":"summary_large_image","twitter_misc":{"Tempo di lettura stimato":"3 minuti"},"schema":{"@context":"https:\/\/schema.org","@graph":[{"@type":"WebPage","@id":"https:\/\/furkamotors.com\/motobicykle-a-zakon\/","url":"https:\/\/furkamotors.com\/motobicykle-a-zakon\/","name":"La legge","isPartOf":{"@id":"https:\/\/furkamotors.com\/#website"},"primaryImageOfPage":{"@id":"https:\/\/furkamotors.com\/motobicykle-a-zakon\/#primaryimage"},"image":{"@id":"https:\/\/furkamotors.com\/motobicykle-a-zakon\/#primaryimage"},"thumbnailUrl":"https:\/\/furkamotors.com\/wp-content\/uploads\/2023\/09\/obrazok_2023-09-05_152755398.png","datePublished":"2017-05-21T18:48:37+00:00","dateModified":"2024-08-02T13:35:26+00:00","inLanguage":"it-IT","potentialAction":[{"@type":"ReadAction","target":["https:\/\/furkamotors.com\/motobicykle-a-zakon\/"]}]},{"@type":"ImageObject","inLanguage":"it-IT","@id":"https:\/\/furkamotors.com\/motobicykle-a-zakon\/#primaryimage","url":"https:\/\/furkamotors.com\/wp-content\/uploads\/2023\/09\/obrazok_2023-09-05_152755398.png","contentUrl":"https:\/\/furkamotors.com\/wp-content\/uploads\/2023\/09\/obrazok_2023-09-05_152755398.png"},{"@type":"WebSite","@id":"https:\/\/furkamotors.com\/#website","url":"https:\/\/furkamotors.com\/","name":"FURKA MOTORS","description":"Stile proprio...","publisher":{"@id":"https:\/\/furkamotors.com\/#organization"},"potentialAction":[{"@type":"SearchAction","target":{"@type":"EntryPoint","urlTemplate":"https:\/\/furkamotors.com\/?s={search_term_string}"},"query-input":{"@type":"PropertyValueSpecification","valueRequired":true,"valueName":"search_term_string"}}],"inLanguage":"it-IT"},{"@type":"Organization","@id":"https:\/\/furkamotors.com\/#organization","name":"FURKA MOTORS","url":"https:\/\/furkamotors.com\/","logo":{"@type":"ImageObject","inLanguage":"it-IT","@id":"https:\/\/furkamotors.com\/#\/schema\/logo\/image\/","url":"https:\/\/furkamotors.com\/wp-content\/uploads\/2022\/07\/logo-od2022.png","contentUrl":"https:\/\/furkamotors.com\/wp-content\/uploads\/2022\/07\/logo-od2022.png","width":468,"height":462,"caption":"FURKA MOTORS"},"image":{"@id":"https:\/\/furkamotors.com\/#\/schema\/logo\/image\/"},"sameAs":["https:\/\/www.facebook.com\/furkamotors"]}]}},"_links":{"self":[{"href":"https:\/\/furkamotors.com\/ita\/wp-json\/wp\/v2\/pages\/74","targetHints":{"allow":["GET"]}}],"collection":[{"href":"https:\/\/furkamotors.com\/ita\/wp-json\/wp\/v2\/pages"}],"about":[{"href":"https:\/\/furkamotors.com\/ita\/wp-json\/wp\/v2\/types\/page"}],"author":[{"embeddable":true,"href":"https:\/\/furkamotors.com\/ita\/wp-json\/wp\/v2\/users\/1"}],"replies":[{"embeddable":true,"href":"https:\/\/furkamotors.com\/ita\/wp-json\/wp\/v2\/comments?post=74"}],"version-history":[{"count":46,"href":"https:\/\/furkamotors.com\/ita\/wp-json\/wp\/v2\/pages\/74\/revisions"}],"predecessor-version":[{"id":3789,"href":"https:\/\/furkamotors.com\/ita\/wp-json\/wp\/v2\/pages\/74\/revisions\/3789"}],"wp:attachment":[{"href":"https:\/\/furkamotors.com\/ita\/wp-json\/wp\/v2\/media?parent=74"}],"curies":[{"name":"wp","href":"https:\/\/api.w.org\/{rel}","templated":true}]}}