{"id":66,"date":"2017-05-21T20:46:44","date_gmt":"2017-05-21T18:46:44","guid":{"rendered":"http:\/\/furkamotors.com\/?page_id=66"},"modified":"2024-01-22T11:36:03","modified_gmt":"2024-01-22T10:36:03","slug":"o-nas","status":"publish","type":"page","link":"https:\/\/furkamotors.com\/ita\/o-nas\/","title":{"rendered":"Chi siamo"},"content":{"rendered":"<div id=\"pl-66\"  class=\"panel-layout\" ><div id=\"pg-66-0\"  class=\"panel-grid panel-no-style\" ><div id=\"pgc-66-0-0\"  class=\"panel-grid-cell\" ><div id=\"panel-66-0-0-0\" class=\"so-panel widget widget_sow-editor panel-first-child panel-last-child\" data-index=\"0\" ><div\n\t\t\t\n\t\t\tclass=\"so-widget-sow-editor so-widget-sow-editor-base\"\n\t\t\t\n\t\t>\n<div class=\"siteorigin-widget-tinymce textwidget\">\n\t<h3><strong>La nostra storia<\/strong><\/h3>\n<p>FURKAMOTORS e nato da un progetto scolastico di motocili potenti ed economici. All inizio abbiamo costruito soltanto un paio di biciclette per noi. Quando abbiamo notato un grande interesse dalla parte die nostri amici d\u00b4avere un motociclo uguale, abbiamo deciso di produrne un paio di pi\u00fa. Siamo contenti che vi piacciono i nostri prodotti. Per quello abbiamo l intensione di allargare di pi\u00fa il nostro sortimento. Aprite la mappa per vedere dove si trovano gi\u00e1 i nostri biciclette a benzina: <a href=\"https:\/\/www.furkamotors.com\/ita\/mapa-kde-uz-jazdite\/\"><span style=\"color: #0000ff;\">vedi mappa <i class=\"fas fa-map-marked \" ><\/i><\/span><\/a> .<\/p>\n<p><img loading=\"lazy\" decoding=\"async\" class=\"wp-image-2360 aligncenter\" src=\"http:\/\/furkamotors.com\/wp-content\/uploads\/2022\/10\/made-in-eu.jpg\" alt=\"\" width=\"152\" height=\"150\" \/><\/p>\n<h3><strong>Quanto tempo \u00e9 durato?<\/strong><\/h3>\n<p>Lo sviluppo del nostro primo motociclo \u00e9 durato quasi 3 anni. All\u00b4inizio durante le costruzioni delle nostre prime bici usavamo solo i componenti disponibili \"a mano\". Tuttavia, in seguito abbiamo iniziato a utilizzare le conoscenze dei nostri dipartimenti \u2013 biochimica e chimica fisica \u2013 e abbiamo sviluppato motori di alta qualit\u00e0. \u00c9 stato un viaggio lungo e difficile. Speriamo che sarete sodisfatti del nostro lavoro.<\/p>\n<h3><strong>Nostri obiettivi<\/strong><\/h3>\n<p>Il nostro obiettivo attuale, su cui lavoriamo, \u00e9 costruire una macchina elettrica. Samuel ha gi\u00e1 comprato il materiale per la costruzione dello scheleto, tuttavia stiamo ancora lavorando sul sviluppo di un acumulatore adatto, poich\u00e9 le risorse disponibili non soddisfano le nostre aspettative. Anche grazie a voi possiamo completare questo progetto. <\/p>\n<p>Vi ringraziamo, Samuel Furka e Daniel Furka<\/p>\n<p style=\"text-align: center;\"><img loading=\"lazy\" decoding=\"async\" class=\" wp-image-2464 aligncenter\" src=\"http:\/\/furkamotors.com\/wp-content\/uploads\/2022\/10\/about-us.jpg\" alt=\"\" width=\"795\" height=\"529\" srcset=\"https:\/\/furkamotors.com\/wp-content\/uploads\/2022\/10\/about-us.jpg 672w, https:\/\/furkamotors.com\/wp-content\/uploads\/2022\/10\/about-us-600x399.jpg 600w, https:\/\/furkamotors.com\/wp-content\/uploads\/2022\/10\/about-us-555x369.jpg 555w, https:\/\/furkamotors.com\/wp-content\/uploads\/2022\/10\/about-us-272x182.jpg 272w\" sizes=\"auto, (max-width: 795px) 100vw, 795px\" \/>Fotografia da sinistra: Ing. Ivan Furka, Mgr. Helena Furkov\u00e1 and twins Dr. Samuel Furka (CEO) and Dr. Daniel Furka (CEO)<\/p>\n<p>&nbsp;<\/p>\n<\/div>\n<\/div><\/div><\/div><\/div><div id=\"pg-66-1\"  class=\"panel-grid panel-no-style\" ><div id=\"pgc-66-1-0\"  class=\"panel-grid-cell\" ><div id=\"panel-66-1-0-0\" class=\"so-panel widget widget_sow-editor panel-first-child panel-last-child\" data-index=\"1\" ><div\n\t\t\t\n\t\t\tclass=\"so-widget-sow-editor so-widget-sow-editor-base\"\n\t\t\t\n\t\t>\n<div class=\"siteorigin-widget-tinymce textwidget\">\n\t<h3><strong>FURKA S.R.L.<\/strong><\/h3>\n<p>Company ID: 51789418<br \/>\nIndirizzo per la corrispondenza: Pri \u0160ajb\u00e1ch 20, 83106 Bratislava, Slovakia<br \/>\nLa societ\u00e0 \u00e8 iscritta nel registro delle imprese del tribunale distrettuale di Bratislava I, inserto n. <strong>129398\/B<\/strong><\/p>\n<h3><strong>Per pi\u00fa informazioni apri<\/strong><\/h3>\n<ul>\n<li><span style=\"color: #0000ff;\"><a style=\"color: #0000ff;\" href=\"https:\/\/furkamotors.com\/ita\/kontakt\/\"><b>Dettagli del contatto<\/b><\/a><\/span><\/li>\n<li><span style=\"color: #0000ff;\"><a style=\"color: #0000ff;\" href=\"https:\/\/furkamotors.com\/ita\/platba\/\"><b>Pagamento e Spedizione<\/b><\/a><\/span><\/li>\n<\/ul>\n<\/div>\n<\/div><\/div><\/div><div id=\"pgc-66-1-1\"  class=\"panel-grid-cell\" ><div id=\"panel-66-1-1-0\" class=\"so-panel widget widget_sow-editor panel-first-child panel-last-child\" data-index=\"2\" ><div\n\t\t\t\n\t\t\tclass=\"so-widget-sow-editor so-widget-sow-editor-base\"\n\t\t\t\n\t\t>\n<div class=\"siteorigin-widget-tinymce textwidget\">\n\t<p><img loading=\"lazy\" decoding=\"async\" class=\"wp-image-2360 aligncenter\" src=\"http:\/\/furkamotors.com\/wp-content\/uploads\/2022\/10\/made-in-eu.jpg\" alt=\"\" width=\"251\" height=\"248\" \/><\/p>\n<\/div>\n<\/div><\/div><\/div><\/div><\/div>","protected":false},"excerpt":{"rendered":"<p>La nostra storia FURKAMOTORS e nato da un progetto scolastico di motocili potenti ed economici. All inizio abbiamo costruito soltanto un paio di biciclette per noi. Quando abbiamo notato un grande interesse dalla parte die nostri amici d\u00b4avere un motociclo uguale, abbiamo deciso di produrne un paio di pi\u00fa. Siamo contenti che vi piacciono i [&hellip;]<\/p>\n","protected":false},"author":1,"featured_media":2555,"parent":0,"menu_order":0,"comment_status":"closed","ping_status":"closed","template":"template-fullwidth.php","meta":{"footnotes":""},"class_list":["post-66","page","type-page","status-publish","has-post-thumbnail","hentry"],"yoast_head":"<!-- This site is optimized with the Yoast SEO plugin v24.8.1 - https:\/\/yoast.com\/wordpress\/plugins\/seo\/ -->\n<title>Chi siamo | FURKA MOTORS<\/title>\n<meta name=\"robots\" content=\"index, follow, max-snippet:-1, max-image-preview:large, max-video-preview:-1\" \/>\n<link rel=\"canonical\" href=\"https:\/\/furkamotors.com\/ita\/o-nas\/\" \/>\n<meta property=\"og:locale\" content=\"it_IT\" \/>\n<meta property=\"og:locale:alternate\" content=\"en_US\" \/>\n<meta property=\"og:locale:alternate\" content=\"sk_SK\" \/>\n<meta property=\"og:locale:alternate\" content=\"es_ES\" \/>\n<meta property=\"og:type\" content=\"article\" \/>\n<meta property=\"og:title\" content=\"Chi siamo\" \/>\n<meta property=\"og:description\" content=\"La nostra storia FURKAMOTORS e nato da un progetto scolastico di motocili potenti ed economici. All inizio abbiamo costruito soltanto un paio di biciclette per noi. Quando abbiamo notato un grande interesse dalla parte die nostri amici d\u00b4avere un motociclo uguale, abbiamo deciso di produrne un paio di pi\u00fa. Siamo contenti che vi piacciono i [&hellip;]\" \/>\n<meta property=\"og:url\" content=\"https:\/\/furkamotors.com\/ita\/o-nas\/\" \/>\n<meta property=\"og:site_name\" content=\"FURKA MOTORS\" \/>\n<meta property=\"article:publisher\" content=\"https:\/\/www.facebook.com\/furkamotors\" \/>\n<meta property=\"article:modified_time\" content=\"2024-01-22T10:36:03+00:00\" \/>\n<meta property=\"og:image\" content=\"https:\/\/furkamotors.com\/wp-content\/uploads\/2022\/10\/19467957_1446153525469486_1247470023007948517_o-scaled-e1664649546866.jpg\" \/>\n\t<meta property=\"og:image:width\" content=\"2534\" \/>\n\t<meta property=\"og:image:height\" content=\"627\" \/>\n\t<meta property=\"og:image:type\" content=\"image\/jpeg\" \/>\n<meta name=\"twitter:card\" content=\"summary_large_image\" \/>\n<meta name=\"twitter:label1\" content=\"Tempo di lettura stimato\" \/>\n\t<meta name=\"twitter:data1\" content=\"3 minuti\" \/>\n<script type=\"application\/ld+json\" class=\"yoast-schema-graph\">{\"@context\":\"https:\/\/schema.org\",\"@graph\":[{\"@type\":\"WebPage\",\"@id\":\"https:\/\/furkamotors.com\/ita\/o-nas\/\",\"url\":\"https:\/\/furkamotors.com\/ita\/o-nas\/\",\"name\":\"Chi siamo\",\"isPartOf\":{\"@id\":\"https:\/\/furkamotors.com\/#website\"},\"primaryImageOfPage\":{\"@id\":\"https:\/\/furkamotors.com\/ita\/o-nas\/#primaryimage\"},\"image\":{\"@id\":\"https:\/\/furkamotors.com\/ita\/o-nas\/#primaryimage\"},\"thumbnailUrl\":\"https:\/\/furkamotors.com\/wp-content\/uploads\/2022\/10\/19467957_1446153525469486_1247470023007948517_o-scaled-e1664649546866.jpg\",\"datePublished\":\"2017-05-21T18:46:44+00:00\",\"dateModified\":\"2024-01-22T10:36:03+00:00\",\"inLanguage\":\"it-IT\",\"potentialAction\":[{\"@type\":\"ReadAction\",\"target\":[\"https:\/\/furkamotors.com\/ita\/o-nas\/\"]}]},{\"@type\":\"ImageObject\",\"inLanguage\":\"it-IT\",\"@id\":\"https:\/\/furkamotors.com\/ita\/o-nas\/#primaryimage\",\"url\":\"https:\/\/furkamotors.com\/wp-content\/uploads\/2022\/10\/19467957_1446153525469486_1247470023007948517_o-scaled-e1664649546866.jpg\",\"contentUrl\":\"https:\/\/furkamotors.com\/wp-content\/uploads\/2022\/10\/19467957_1446153525469486_1247470023007948517_o-scaled-e1664649546866.jpg\",\"width\":2534,\"height\":627},{\"@type\":\"WebSite\",\"@id\":\"https:\/\/furkamotors.com\/#website\",\"url\":\"https:\/\/furkamotors.com\/\",\"name\":\"FURKA MOTORS\",\"description\":\"Stile proprio...\",\"publisher\":{\"@id\":\"https:\/\/furkamotors.com\/#organization\"},\"potentialAction\":[{\"@type\":\"SearchAction\",\"target\":{\"@type\":\"EntryPoint\",\"urlTemplate\":\"https:\/\/furkamotors.com\/?s={search_term_string}\"},\"query-input\":{\"@type\":\"PropertyValueSpecification\",\"valueRequired\":true,\"valueName\":\"search_term_string\"}}],\"inLanguage\":\"it-IT\"},{\"@type\":\"Organization\",\"@id\":\"https:\/\/furkamotors.com\/#organization\",\"name\":\"FURKA MOTORS\",\"url\":\"https:\/\/furkamotors.com\/\",\"logo\":{\"@type\":\"ImageObject\",\"inLanguage\":\"it-IT\",\"@id\":\"https:\/\/furkamotors.com\/#\/schema\/logo\/image\/\",\"url\":\"https:\/\/furkamotors.com\/wp-content\/uploads\/2022\/07\/logo-od2022.png\",\"contentUrl\":\"https:\/\/furkamotors.com\/wp-content\/uploads\/2022\/07\/logo-od2022.png\",\"width\":468,\"height\":462,\"caption\":\"FURKA MOTORS\"},\"image\":{\"@id\":\"https:\/\/furkamotors.com\/#\/schema\/logo\/image\/\"},\"sameAs\":[\"https:\/\/www.facebook.com\/furkamotors\"]}]}<\/script>\n<!-- \/ Yoast SEO plugin. -->","yoast_head_json":{"title":"Chi siamo | FURKA MOTORS","robots":{"index":"index","follow":"follow","max-snippet":"max-snippet:-1","max-image-preview":"max-image-preview:large","max-video-preview":"max-video-preview:-1"},"canonical":"https:\/\/furkamotors.com\/ita\/o-nas\/","og_locale":"it_IT","og_type":"article","og_title":"[:en]About us[:sk]O n\u00e1s[:es]Sobre nosotros[:ita]Chi siamo[:] | FURKA MOTORS","og_description":"La nostra storia FURKAMOTORS e nato da un progetto scolastico di motocili potenti ed economici. All inizio abbiamo costruito soltanto un paio di biciclette per noi. Quando abbiamo notato un grande interesse dalla parte die nostri amici d\u00b4avere un motociclo uguale, abbiamo deciso di produrne un paio di pi\u00fa. Siamo contenti che vi piacciono i [&hellip;]","og_url":"https:\/\/furkamotors.com\/ita\/o-nas\/","og_site_name":"FURKA MOTORS","article_publisher":"https:\/\/www.facebook.com\/furkamotors","article_modified_time":"2024-01-22T10:36:03+00:00","og_image":[{"width":2534,"height":627,"url":"https:\/\/furkamotors.com\/wp-content\/uploads\/2022\/10\/19467957_1446153525469486_1247470023007948517_o-scaled-e1664649546866.jpg","type":"image\/jpeg"}],"twitter_card":"summary_large_image","twitter_misc":{"Tempo di lettura stimato":"3 minuti"},"schema":{"@context":"https:\/\/schema.org","@graph":[{"@type":"WebPage","@id":"https:\/\/furkamotors.com\/ita\/o-nas\/","url":"https:\/\/furkamotors.com\/ita\/o-nas\/","name":"Chi siamo","isPartOf":{"@id":"https:\/\/furkamotors.com\/#website"},"primaryImageOfPage":{"@id":"https:\/\/furkamotors.com\/ita\/o-nas\/#primaryimage"},"image":{"@id":"https:\/\/furkamotors.com\/ita\/o-nas\/#primaryimage"},"thumbnailUrl":"https:\/\/furkamotors.com\/wp-content\/uploads\/2022\/10\/19467957_1446153525469486_1247470023007948517_o-scaled-e1664649546866.jpg","datePublished":"2017-05-21T18:46:44+00:00","dateModified":"2024-01-22T10:36:03+00:00","inLanguage":"it-IT","potentialAction":[{"@type":"ReadAction","target":["https:\/\/furkamotors.com\/ita\/o-nas\/"]}]},{"@type":"ImageObject","inLanguage":"it-IT","@id":"https:\/\/furkamotors.com\/ita\/o-nas\/#primaryimage","url":"https:\/\/furkamotors.com\/wp-content\/uploads\/2022\/10\/19467957_1446153525469486_1247470023007948517_o-scaled-e1664649546866.jpg","contentUrl":"https:\/\/furkamotors.com\/wp-content\/uploads\/2022\/10\/19467957_1446153525469486_1247470023007948517_o-scaled-e1664649546866.jpg","width":2534,"height":627},{"@type":"WebSite","@id":"https:\/\/furkamotors.com\/#website","url":"https:\/\/furkamotors.com\/","name":"FURKA MOTORS","description":"Stile proprio...","publisher":{"@id":"https:\/\/furkamotors.com\/#organization"},"potentialAction":[{"@type":"SearchAction","target":{"@type":"EntryPoint","urlTemplate":"https:\/\/furkamotors.com\/?s={search_term_string}"},"query-input":{"@type":"PropertyValueSpecification","valueRequired":true,"valueName":"search_term_string"}}],"inLanguage":"it-IT"},{"@type":"Organization","@id":"https:\/\/furkamotors.com\/#organization","name":"FURKA MOTORS","url":"https:\/\/furkamotors.com\/","logo":{"@type":"ImageObject","inLanguage":"it-IT","@id":"https:\/\/furkamotors.com\/#\/schema\/logo\/image\/","url":"https:\/\/furkamotors.com\/wp-content\/uploads\/2022\/07\/logo-od2022.png","contentUrl":"https:\/\/furkamotors.com\/wp-content\/uploads\/2022\/07\/logo-od2022.png","width":468,"height":462,"caption":"FURKA MOTORS"},"image":{"@id":"https:\/\/furkamotors.com\/#\/schema\/logo\/image\/"},"sameAs":["https:\/\/www.facebook.com\/furkamotors"]}]}},"_links":{"self":[{"href":"https:\/\/furkamotors.com\/ita\/wp-json\/wp\/v2\/pages\/66","targetHints":{"allow":["GET"]}}],"collection":[{"href":"https:\/\/furkamotors.com\/ita\/wp-json\/wp\/v2\/pages"}],"about":[{"href":"https:\/\/furkamotors.com\/ita\/wp-json\/wp\/v2\/types\/page"}],"author":[{"embeddable":true,"href":"https:\/\/furkamotors.com\/ita\/wp-json\/wp\/v2\/users\/1"}],"replies":[{"embeddable":true,"href":"https:\/\/furkamotors.com\/ita\/wp-json\/wp\/v2\/comments?post=66"}],"version-history":[{"count":85,"href":"https:\/\/furkamotors.com\/ita\/wp-json\/wp\/v2\/pages\/66\/revisions"}],"predecessor-version":[{"id":3601,"href":"https:\/\/furkamotors.com\/ita\/wp-json\/wp\/v2\/pages\/66\/revisions\/3601"}],"wp:featuredmedia":[{"embeddable":true,"href":"https:\/\/furkamotors.com\/ita\/wp-json\/wp\/v2\/media\/2555"}],"wp:attachment":[{"href":"https:\/\/furkamotors.com\/ita\/wp-json\/wp\/v2\/media?parent=66"}],"curies":[{"name":"wp","href":"https:\/\/api.w.org\/{rel}","templated":true}]}}