{"id":389,"date":"2017-06-29T18:43:38","date_gmt":"2017-06-29T16:43:38","guid":{"rendered":"http:\/\/furkamotors.com\/?page_id=389"},"modified":"2024-01-22T12:33:41","modified_gmt":"2024-01-22T11:33:41","slug":"vyroba","status":"publish","type":"page","link":"https:\/\/furkamotors.com\/ita\/vyroba\/","title":{"rendered":"Tempi di produzione"},"content":{"rendered":"<h3><strong>Quanto tempo passa dall&#8217;ordine alla spedizione e alla consegna?<\/strong><\/h3>\n<p>Produciamo biciclette per te dopo aver ricevuto un acconto o dopo aver ricevuto il pagamento completo. Il tempo di produzione pu\u00f2 variare a seconda del numero di biciclette che stiamo attualmente assemblando. La durata minima potr\u00e0 essere ridotta rispetto al tempo indicato. Se sei interessato alla produzione entro 4 giorni, il costo aggiuntivo \u00e8 di \u20ac 100. Gli attuali tempi di produzione indicati di seguito si applicano senza costi aggiuntivi. Il tempo di percorrenza totale deve essere calcolato come: <strong><span style=\"color: #800080;\">Tempo di attesa<\/span><\/strong> + <strong><span style=\"color: #ff6600;\"> S <\/span><span style=\"color: #ff6600;\">Tempo di consegna <span style=\"color: #000000;\">= Tempo di consegna<\/span><\/span><\/strong><\/p>\n<h3><strong>Attuale <span style=\"color: #800080;\">tempo di attesa<\/span> della versione nera<\/strong><\/h3>\n<div class=\"su-animate\" style=\"opacity:0;-webkit-animation-duration:2s;-webkit-animation-delay:0.1s;animation-duration:2s;animation-delay:0.1s;\" data-animation=\"fadeIn\" data-duration=\"2\" data-delay=\"0.1\"><div class=\"su-note\"  style=\"border-color:#a5e54c;border-radius:8px;-moz-border-radius:8px;-webkit-border-radius:8px;\"><div class=\"su-note-inner su-u-clearfix su-u-trim\" style=\"background-color:#bfff66;border-color:#ffffff;color:#333333;border-radius:8px;-moz-border-radius:8px;-webkit-border-radius:8px;\"><i class=\"fas fa-info-circle \" ><\/i> <i class=\"far fa-clock \" ><\/i> Il tempo di attesa per la spedizione della moto \u00e8 di 1-2 settimane dalla ricezione del pagamento (questo valore \u00e8 stato verificato: <span style=\"color: #ff0000;\"><strong>oggi alle 03:52<\/strong> <\/span>) <\/div><\/div><\/div>\n<h3><strong>Tempo di attesa <span style=\"color: #800080;\">attuale, compreso il dipinto nel colore scelto<\/span><\/strong><\/h3>\n<div class=\"su-animate\" style=\"opacity:0;-webkit-animation-duration:2s;-webkit-animation-delay:0.1s;animation-duration:2s;animation-delay:0.1s;\" data-animation=\"fadeIn\" data-duration=\"2\" data-delay=\"0.1\"><div class=\"su-note\"  style=\"border-color:#a5e54c;border-radius:8px;-moz-border-radius:8px;-webkit-border-radius:8px;\"><div class=\"su-note-inner su-u-clearfix su-u-trim\" style=\"background-color:#bfff66;border-color:#ffffff;color:#333333;border-radius:8px;-moz-border-radius:8px;-webkit-border-radius:8px;\"><i class=\"fas fa-info-circle \" ><\/i> <i class=\"far fa-clock \" ><\/i> Il tempo di attesa per l&#8217;invio della bicicletta \u00e8 da 3 a 5 settimane dal ricevimento (questo valore \u00e8 stato verificato: <span style=\"color: #ff0000;\"><strong>oggi alle 03:56<\/strong><\/span> ) <\/div><\/div><\/div>\n<h3><strong><span style=\"color: #ff6600;\">Tempo di spedizione<\/span> richiesto dall&#8217;ufficio postale per la consegna<\/strong><\/h3>\n<p>La consegna tramite corriere postale avviene come segue<\/p>\n<ul>\n<li style=\"list-style-type: none;\">\n<ul>\n<li><strong>Slovacchia:<\/strong> 2 giorni lavorativi, <span style=\"color: #008000;\">spedizione gratuita<\/span><\/li>\n<li><strong>Repubblica Ceca:<\/strong> 4-6 giorni lavorativi, <span style=\"color: #008000;\">spedizione gratuita<\/span><\/li>\n<li><strong>Austria, Ungheria, Polonia:<\/strong> 4-12 giorni, <span style=\"color: #008000;\">spedizione gratuita<\/span><\/li>\n<li><strong>Resto dell&#8217;Unione Europea e Inghilterra:<\/strong> 5 &#8211; 13 giorni, <span style=\"color: #008000;\">spedizione gratuita<\/span><\/li>\n<li><strong>Africa:<\/strong> 4 &#8211; 7 settimane, contattare info@furkamotors.com per il prezzo di spedizione<\/li>\n<li><strong>USA, Canada:<\/strong> 2 &#8211; 4 settimane, contattare info@furkamotors.com per il prezzo di spedizione<\/li>\n<li><strong>Asia<\/strong>: 3 &#8211; 6 settimane, contattare info@furkamotors.com per il prezzo di spedizione<\/li>\n<li><strong>Australia e Oceania:<\/strong> 3 &#8211; 6 settimane, contattare info@furkamotors.com per il prezzo di spedizione<\/li>\n<\/ul>\n<\/li>\n<\/ul>\n","protected":false},"excerpt":{"rendered":"<p>Quanto tempo passa dall&#8217;ordine alla spedizione e alla consegna? Produciamo biciclette per te dopo aver ricevuto un acconto o dopo aver ricevuto il pagamento completo. Il tempo di produzione pu\u00f2 variare a seconda del numero di biciclette che stiamo attualmente assemblando. La durata minima potr\u00e0 essere ridotta rispetto al tempo indicato. Se sei interessato alla [&hellip;]<\/p>\n","protected":false},"author":1,"featured_media":176,"parent":0,"menu_order":0,"comment_status":"closed","ping_status":"closed","template":"template-fullwidth.php","meta":{"footnotes":""},"class_list":["post-389","page","type-page","status-publish","has-post-thumbnail","hentry"],"yoast_head":"<!-- This site is optimized with the Yoast SEO plugin v24.8.1 - https:\/\/yoast.com\/wordpress\/plugins\/seo\/ -->\n<title>Tempi di produzione | FURKA MOTORS<\/title>\n<meta name=\"robots\" content=\"index, follow, max-snippet:-1, max-image-preview:large, max-video-preview:-1\" \/>\n<link rel=\"canonical\" href=\"https:\/\/furkamotors.com\/ita\/vyroba\/\" \/>\n<meta property=\"og:locale\" content=\"it_IT\" \/>\n<meta property=\"og:locale:alternate\" content=\"en_US\" \/>\n<meta property=\"og:locale:alternate\" content=\"sk_SK\" \/>\n<meta property=\"og:locale:alternate\" content=\"es_ES\" \/>\n<meta property=\"og:type\" content=\"article\" \/>\n<meta property=\"og:title\" content=\"Tempi di produzione\" \/>\n<meta property=\"og:description\" content=\"Quanto tempo passa dall&#8217;ordine alla spedizione e alla consegna? Produciamo biciclette per te dopo aver ricevuto un acconto o dopo aver ricevuto il pagamento completo. Il tempo di produzione pu\u00f2 variare a seconda del numero di biciclette che stiamo attualmente assemblando. La durata minima potr\u00e0 essere ridotta rispetto al tempo indicato. Se sei interessato alla [&hellip;]\" \/>\n<meta property=\"og:url\" content=\"https:\/\/furkamotors.com\/ita\/vyroba\/\" \/>\n<meta property=\"og:site_name\" content=\"FURKA MOTORS\" \/>\n<meta property=\"article:publisher\" content=\"https:\/\/www.facebook.com\/furkamotors\" \/>\n<meta property=\"article:modified_time\" content=\"2024-01-22T11:33:41+00:00\" \/>\n<meta property=\"og:image\" content=\"https:\/\/furkamotors.com\/wp-content\/uploads\/2017\/05\/furkamotors-tornado-2.jpg\" \/>\n\t<meta property=\"og:image:width\" content=\"2000\" \/>\n\t<meta property=\"og:image:height\" content=\"1500\" \/>\n\t<meta property=\"og:image:type\" content=\"image\/jpeg\" \/>\n<meta name=\"twitter:card\" content=\"summary_large_image\" \/>\n<meta name=\"twitter:label1\" content=\"Tempo di lettura stimato\" \/>\n\t<meta name=\"twitter:data1\" content=\"2 minuti\" \/>\n<script type=\"application\/ld+json\" class=\"yoast-schema-graph\">{\"@context\":\"https:\/\/schema.org\",\"@graph\":[{\"@type\":\"WebPage\",\"@id\":\"https:\/\/furkamotors.com\/ita\/vyroba\/\",\"url\":\"https:\/\/furkamotors.com\/ita\/vyroba\/\",\"name\":\"Tempi di produzione\",\"isPartOf\":{\"@id\":\"https:\/\/furkamotors.com\/#website\"},\"primaryImageOfPage\":{\"@id\":\"https:\/\/furkamotors.com\/ita\/vyroba\/#primaryimage\"},\"image\":{\"@id\":\"https:\/\/furkamotors.com\/ita\/vyroba\/#primaryimage\"},\"thumbnailUrl\":\"https:\/\/furkamotors.com\/wp-content\/uploads\/2017\/05\/furkamotors-tornado-2.jpg\",\"datePublished\":\"2017-06-29T16:43:38+00:00\",\"dateModified\":\"2024-01-22T11:33:41+00:00\",\"inLanguage\":\"it-IT\",\"potentialAction\":[{\"@type\":\"ReadAction\",\"target\":[\"https:\/\/furkamotors.com\/ita\/vyroba\/\"]}]},{\"@type\":\"ImageObject\",\"inLanguage\":\"it-IT\",\"@id\":\"https:\/\/furkamotors.com\/ita\/vyroba\/#primaryimage\",\"url\":\"https:\/\/furkamotors.com\/wp-content\/uploads\/2017\/05\/furkamotors-tornado-2.jpg\",\"contentUrl\":\"https:\/\/furkamotors.com\/wp-content\/uploads\/2017\/05\/furkamotors-tornado-2.jpg\",\"width\":2000,\"height\":1500},{\"@type\":\"WebSite\",\"@id\":\"https:\/\/furkamotors.com\/#website\",\"url\":\"https:\/\/furkamotors.com\/\",\"name\":\"FURKA MOTORS\",\"description\":\"Stile proprio...\",\"publisher\":{\"@id\":\"https:\/\/furkamotors.com\/#organization\"},\"potentialAction\":[{\"@type\":\"SearchAction\",\"target\":{\"@type\":\"EntryPoint\",\"urlTemplate\":\"https:\/\/furkamotors.com\/?s={search_term_string}\"},\"query-input\":{\"@type\":\"PropertyValueSpecification\",\"valueRequired\":true,\"valueName\":\"search_term_string\"}}],\"inLanguage\":\"it-IT\"},{\"@type\":\"Organization\",\"@id\":\"https:\/\/furkamotors.com\/#organization\",\"name\":\"FURKA MOTORS\",\"url\":\"https:\/\/furkamotors.com\/\",\"logo\":{\"@type\":\"ImageObject\",\"inLanguage\":\"it-IT\",\"@id\":\"https:\/\/furkamotors.com\/#\/schema\/logo\/image\/\",\"url\":\"https:\/\/furkamotors.com\/wp-content\/uploads\/2022\/07\/logo-od2022.png\",\"contentUrl\":\"https:\/\/furkamotors.com\/wp-content\/uploads\/2022\/07\/logo-od2022.png\",\"width\":468,\"height\":462,\"caption\":\"FURKA MOTORS\"},\"image\":{\"@id\":\"https:\/\/furkamotors.com\/#\/schema\/logo\/image\/\"},\"sameAs\":[\"https:\/\/www.facebook.com\/furkamotors\"]}]}<\/script>\n<!-- \/ Yoast SEO plugin. -->","yoast_head_json":{"title":"Tempi di produzione | FURKA MOTORS","robots":{"index":"index","follow":"follow","max-snippet":"max-snippet:-1","max-image-preview":"max-image-preview:large","max-video-preview":"max-video-preview:-1"},"canonical":"https:\/\/furkamotors.com\/ita\/vyroba\/","og_locale":"it_IT","og_type":"article","og_title":"[:en]Production time[:sk]Ko\u013eko trv\u00e1 v\u00fdroba[:es]Producci\u00f3n[:ita]Tempi di produzione[:] | FURKA MOTORS","og_description":"Quanto tempo passa dall&#8217;ordine alla spedizione e alla consegna? Produciamo biciclette per te dopo aver ricevuto un acconto o dopo aver ricevuto il pagamento completo. Il tempo di produzione pu\u00f2 variare a seconda del numero di biciclette che stiamo attualmente assemblando. La durata minima potr\u00e0 essere ridotta rispetto al tempo indicato. Se sei interessato alla [&hellip;]","og_url":"https:\/\/furkamotors.com\/ita\/vyroba\/","og_site_name":"FURKA MOTORS","article_publisher":"https:\/\/www.facebook.com\/furkamotors","article_modified_time":"2024-01-22T11:33:41+00:00","og_image":[{"width":2000,"height":1500,"url":"https:\/\/furkamotors.com\/wp-content\/uploads\/2017\/05\/furkamotors-tornado-2.jpg","type":"image\/jpeg"}],"twitter_card":"summary_large_image","twitter_misc":{"Tempo di lettura stimato":"2 minuti"},"schema":{"@context":"https:\/\/schema.org","@graph":[{"@type":"WebPage","@id":"https:\/\/furkamotors.com\/ita\/vyroba\/","url":"https:\/\/furkamotors.com\/ita\/vyroba\/","name":"Tempi di produzione","isPartOf":{"@id":"https:\/\/furkamotors.com\/#website"},"primaryImageOfPage":{"@id":"https:\/\/furkamotors.com\/ita\/vyroba\/#primaryimage"},"image":{"@id":"https:\/\/furkamotors.com\/ita\/vyroba\/#primaryimage"},"thumbnailUrl":"https:\/\/furkamotors.com\/wp-content\/uploads\/2017\/05\/furkamotors-tornado-2.jpg","datePublished":"2017-06-29T16:43:38+00:00","dateModified":"2024-01-22T11:33:41+00:00","inLanguage":"it-IT","potentialAction":[{"@type":"ReadAction","target":["https:\/\/furkamotors.com\/ita\/vyroba\/"]}]},{"@type":"ImageObject","inLanguage":"it-IT","@id":"https:\/\/furkamotors.com\/ita\/vyroba\/#primaryimage","url":"https:\/\/furkamotors.com\/wp-content\/uploads\/2017\/05\/furkamotors-tornado-2.jpg","contentUrl":"https:\/\/furkamotors.com\/wp-content\/uploads\/2017\/05\/furkamotors-tornado-2.jpg","width":2000,"height":1500},{"@type":"WebSite","@id":"https:\/\/furkamotors.com\/#website","url":"https:\/\/furkamotors.com\/","name":"FURKA MOTORS","description":"Stile proprio...","publisher":{"@id":"https:\/\/furkamotors.com\/#organization"},"potentialAction":[{"@type":"SearchAction","target":{"@type":"EntryPoint","urlTemplate":"https:\/\/furkamotors.com\/?s={search_term_string}"},"query-input":{"@type":"PropertyValueSpecification","valueRequired":true,"valueName":"search_term_string"}}],"inLanguage":"it-IT"},{"@type":"Organization","@id":"https:\/\/furkamotors.com\/#organization","name":"FURKA MOTORS","url":"https:\/\/furkamotors.com\/","logo":{"@type":"ImageObject","inLanguage":"it-IT","@id":"https:\/\/furkamotors.com\/#\/schema\/logo\/image\/","url":"https:\/\/furkamotors.com\/wp-content\/uploads\/2022\/07\/logo-od2022.png","contentUrl":"https:\/\/furkamotors.com\/wp-content\/uploads\/2022\/07\/logo-od2022.png","width":468,"height":462,"caption":"FURKA MOTORS"},"image":{"@id":"https:\/\/furkamotors.com\/#\/schema\/logo\/image\/"},"sameAs":["https:\/\/www.facebook.com\/furkamotors"]}]}},"_links":{"self":[{"href":"https:\/\/furkamotors.com\/ita\/wp-json\/wp\/v2\/pages\/389","targetHints":{"allow":["GET"]}}],"collection":[{"href":"https:\/\/furkamotors.com\/ita\/wp-json\/wp\/v2\/pages"}],"about":[{"href":"https:\/\/furkamotors.com\/ita\/wp-json\/wp\/v2\/types\/page"}],"author":[{"embeddable":true,"href":"https:\/\/furkamotors.com\/ita\/wp-json\/wp\/v2\/users\/1"}],"replies":[{"embeddable":true,"href":"https:\/\/furkamotors.com\/ita\/wp-json\/wp\/v2\/comments?post=389"}],"version-history":[{"count":31,"href":"https:\/\/furkamotors.com\/ita\/wp-json\/wp\/v2\/pages\/389\/revisions"}],"predecessor-version":[{"id":3646,"href":"https:\/\/furkamotors.com\/ita\/wp-json\/wp\/v2\/pages\/389\/revisions\/3646"}],"wp:featuredmedia":[{"embeddable":true,"href":"https:\/\/furkamotors.com\/ita\/wp-json\/wp\/v2\/media\/176"}],"wp:attachment":[{"href":"https:\/\/furkamotors.com\/ita\/wp-json\/wp\/v2\/media?parent=389"}],"curies":[{"name":"wp","href":"https:\/\/api.w.org\/{rel}","templated":true}]}}