{"id":2,"date":"2017-05-21T14:11:50","date_gmt":"2017-05-21T12:11:50","guid":{"rendered":"http:\/\/furkamotors.com\/?page_id=2"},"modified":"2024-01-22T11:54:13","modified_gmt":"2024-01-22T10:54:13","slug":"domov","status":"publish","type":"page","link":"https:\/\/furkamotors.com\/ita\/","title":{"rendered":"Introduzione"},"content":{"rendered":"<p>Motociclette a 2 tempi uniche fatte a mano (biciclette a benzina). Non \u00e8 necessaria la patente di guida.<\/p>\n<h4>ELETTRICO O BENZINA?<\/h4>\n<p>L&#8217;elettricit\u00e0 non \u00e8 sempre pi\u00f9 vantaggiosa se si desidera percorrere una distanza pi\u00f9 lunga. Con le nostre bici a benzina non devi preoccuparti di rimanere senza batteria. Rispetto ad una e-bike di pari potenza, le nostre bici hanno un consumo energetico inferiore, un peso dimezzato e un&#8217;autonomia oltre 5 volte maggiore.<\/p>\n<h4>ECO &#8211; AMICO<\/h4>\n<p>Cerchiamo innanzitutto di comportarci in modo ecologico. Inoltre le nostre moto non gravano sull\u2019ambiente. La nostra bici a benzina pu\u00f2 essere paragonata ad un piccolo tosaerba. In secondo luogo, i processi di produzione e funzionamento della bicicletta elettrica sono pi\u00f9 impegnativi dal punto di vista ambientale.<\/p>\n<h4>COME \u00c8 LA LEGGE?<\/h4>\n<p>Dal punto di vista della legge \u00e8 una bicicletta con motore ausiliario. Quindi puoi guidare di conseguenza con e senza patente di guida. Lo scheletro della moto \u00e8 omologato, il motore rispetta i criteri del motore ausiliario. Ecco perch\u00e9 guidiamo gi\u00e0 in Slovacchia, Repubblica Ceca, Ungheria, Svezia, Austria, Polonia, Nuova Zelanda e altri paesi.<\/p>\n<p>FURKAMOTORS \u00e8 stata fondata come progetto studentesco di motociclette convenienti e potenti. All&#8217;inizio abbiamo realizzato diverse bici a benzina e, quando abbiamo notato l&#8217;interesse degli amici, abbiamo continuato ad assemblare pi\u00f9 pezzi. Siamo lieti che ti piacciano i nostri prodotti e quindi intendiamo espandere costantemente le nostre possibilit\u00e0. Scopri dove sono andate le nostre bici a benzina sulla <a href=\"https:\/\/furkamotors.com\/ita\/mapa-kde-uz-jazdime\/\">mappa<\/a>.<\/p>\n<h4>QUANTO TEMPO CI \u00c8 VOLUTO PER SVILUPPARE LA PRIMA MOTOCICLETTA?<\/h4>\n<p>Ci sono voluti quasi tre anni. All&#8217;inizio, quando assemblavamo le nostre bici a benzina con l&#8217;obiettivo di un facile montaggio, utilizzavano componenti liberamente disponibili. Dopo qualche mese ci siamo resi conto che dovevamo fare tutto da soli, secondo i nostri progetti e disegni. Poich\u00e9 siamo biochimici e chimici fisici, abbiamo ricordato alcuni fatti delle lezioni e ci siamo attenuti ad essi nella produzione di motori nuovi e di alta qualit\u00e0. \u00c8 stato un viaggio lungo e difficile, tuttavia, abbiamo imparato dai nostri errori ed \u00e8 per questo che stiamo cercando di produrre motociclette senza di essi. Ci auguriamo che sarai soddisfatto.<\/p>\n<h4>I NOSTRI OBIETTIVI<\/h4>\n<p>In conclusione, l&#8217;obiettivo attuale su cui stiamo lavorando \u00e8 produrre un&#8217;auto elettrica, Samuel ha gi\u00e0 acquistato il materiale dello scheletro, ma stiamo ancora lavorando su una batteria adatta, poich\u00e9 le risorse a disposizione non soddisfano le nostre aspettative.<\/p>\n<p>Grazie, Samuel Furka e Daniel Furka<\/p>\n","protected":false},"excerpt":{"rendered":"<p>Motociclette a 2 tempi uniche fatte a mano (biciclette a benzina). Non \u00e8 necessaria la patente di guida. ELETTRICO O BENZINA? L&#8217;elettricit\u00e0 non \u00e8 sempre pi\u00f9 vantaggiosa se si desidera percorrere una distanza pi\u00f9 lunga. Con le nostre bici a benzina non devi preoccuparti di rimanere senza batteria. Rispetto ad una e-bike di pari potenza, [&hellip;]<\/p>\n","protected":false},"author":1,"featured_media":0,"parent":0,"menu_order":0,"comment_status":"closed","ping_status":"closed","template":"","meta":{"footnotes":""},"class_list":["post-2","page","type-page","status-publish","hentry"],"yoast_head":"<!-- This site is optimized with the Yoast SEO plugin v24.8.1 - https:\/\/yoast.com\/wordpress\/plugins\/seo\/ -->\n<title>|  | BENZ\u00cdNOV\u00c9 MOTOBICYKLE S PR\u00cdBEHOM[:]<\/title>\n<meta name=\"description\" content=\"\" \/>\n<meta name=\"robots\" content=\"index, follow, max-snippet:-1, max-image-preview:large, max-video-preview:-1\" \/>\n<link rel=\"canonical\" href=\"https:\/\/furkamotors.com\/ita\/\" \/>\n<meta property=\"og:locale\" content=\"it_IT\" \/>\n<meta property=\"og:locale:alternate\" content=\"en_US\" \/>\n<meta property=\"og:locale:alternate\" content=\"sk_SK\" \/>\n<meta property=\"og:locale:alternate\" content=\"es_ES\" \/>\n<meta property=\"og:type\" content=\"article\" \/>\n<meta property=\"og:title\" content=\"\" \/>\n<meta property=\"og:description\" content=\"\" \/>\n<meta property=\"og:url\" content=\"https:\/\/furkamotors.com\/ita\/\" \/>\n<meta property=\"og:site_name\" content=\"FURKA MOTORS\" \/>\n<meta property=\"article:publisher\" content=\"https:\/\/www.facebook.com\/furkamotors\" \/>\n<meta property=\"article:modified_time\" content=\"2024-01-22T10:54:13+00:00\" \/>\n<meta name=\"twitter:card\" content=\"summary_large_image\" \/>\n<meta name=\"twitter:label1\" content=\"Tempo di lettura stimato\" \/>\n\t<meta name=\"twitter:data1\" content=\"3 minuti\" \/>\n<script type=\"application\/ld+json\" class=\"yoast-schema-graph\">{\"@context\":\"https:\/\/schema.org\",\"@graph\":[{\"@type\":\"WebPage\",\"@id\":\"https:\/\/furkamotors.com\/es\/\",\"url\":\"https:\/\/furkamotors.com\/es\/\",\"name\":\"\",\"isPartOf\":{\"@id\":\"https:\/\/furkamotors.com\/#website\"},\"datePublished\":\"2017-05-21T12:11:50+00:00\",\"dateModified\":\"2024-01-22T10:54:13+00:00\",\"description\":\"\",\"inLanguage\":\"it-IT\",\"potentialAction\":[{\"@type\":\"ReadAction\",\"target\":[\"https:\/\/furkamotors.com\/es\/\"]}]},{\"@type\":\"WebSite\",\"@id\":\"https:\/\/furkamotors.com\/#website\",\"url\":\"https:\/\/furkamotors.com\/\",\"name\":\"FURKA MOTORS\",\"description\":\"Stile proprio...\",\"publisher\":{\"@id\":\"https:\/\/furkamotors.com\/#organization\"},\"potentialAction\":[{\"@type\":\"SearchAction\",\"target\":{\"@type\":\"EntryPoint\",\"urlTemplate\":\"https:\/\/furkamotors.com\/?s={search_term_string}\"},\"query-input\":{\"@type\":\"PropertyValueSpecification\",\"valueRequired\":true,\"valueName\":\"search_term_string\"}}],\"inLanguage\":\"it-IT\"},{\"@type\":\"Organization\",\"@id\":\"https:\/\/furkamotors.com\/#organization\",\"name\":\"FURKA MOTORS\",\"url\":\"https:\/\/furkamotors.com\/\",\"logo\":{\"@type\":\"ImageObject\",\"inLanguage\":\"it-IT\",\"@id\":\"https:\/\/furkamotors.com\/#\/schema\/logo\/image\/\",\"url\":\"https:\/\/furkamotors.com\/wp-content\/uploads\/2022\/07\/logo-od2022.png\",\"contentUrl\":\"https:\/\/furkamotors.com\/wp-content\/uploads\/2022\/07\/logo-od2022.png\",\"width\":468,\"height\":462,\"caption\":\"FURKA MOTORS\"},\"image\":{\"@id\":\"https:\/\/furkamotors.com\/#\/schema\/logo\/image\/\"},\"sameAs\":[\"https:\/\/www.facebook.com\/furkamotors\"]}]}<\/script>\n<!-- \/ Yoast SEO plugin. -->","yoast_head_json":{"title":"|  | BENZ\u00cdNOV\u00c9 MOTOBICYKLE S PR\u00cdBEHOM[:]","description":"[:en]Electricity is not always more advantageous for a longer route. With our gasoline bikes don\u00b4t worry about running out of battery.[:sk]Jedine\u010dn\u00e9, ru\u010dne vyr\u00e1ban\u00e9 benz\u00ednov\u00e9 motobicykle vyr\u00e1ban\u00e9 v SR a jazdiace po celom svete. Pre\u010d\u00edtajte si n\u00e1\u0161 pr\u00edbeh a sta\u0148te sa jeho s\u00fa\u010das\u0165ou.[:]","robots":{"index":"index","follow":"follow","max-snippet":"max-snippet:-1","max-image-preview":"max-image-preview:large","max-video-preview":"max-video-preview:-1"},"canonical":"https:\/\/furkamotors.com\/ita\/","og_locale":"it_IT","og_type":"article","og_title":"[:en]GASOLINE BIKES | FURKA MOTORS[:sk]FURKAMOTORS | BENZ\u00cdNOV\u00c9 MOTOBICYKLE S PR\u00cdBEHOM[:]","og_description":"[:en]Electricity is not always more advantageous for a longer route. With our gasoline bikes don\u00b4t worry about running out of battery.[:sk]Jedine\u010dn\u00e9, ru\u010dne vyr\u00e1ban\u00e9 benz\u00ednov\u00e9 motobicykle vyr\u00e1ban\u00e9 v SR a jazdiace po celom svete. Pre\u010d\u00edtajte si n\u00e1\u0161 pr\u00edbeh a sta\u0148te sa jeho s\u00fa\u010das\u0165ou.[:]","og_url":"https:\/\/furkamotors.com\/ita\/","og_site_name":"FURKA MOTORS","article_publisher":"https:\/\/www.facebook.com\/furkamotors","article_modified_time":"2024-01-22T10:54:13+00:00","twitter_card":"summary_large_image","twitter_misc":{"Tempo di lettura stimato":"3 minuti"},"schema":{"@context":"https:\/\/schema.org","@graph":[{"@type":"WebPage","@id":"https:\/\/furkamotors.com\/es\/","url":"https:\/\/furkamotors.com\/es\/","name":"","isPartOf":{"@id":"https:\/\/furkamotors.com\/#website"},"datePublished":"2017-05-21T12:11:50+00:00","dateModified":"2024-01-22T10:54:13+00:00","description":"","inLanguage":"it-IT","potentialAction":[{"@type":"ReadAction","target":["https:\/\/furkamotors.com\/es\/"]}]},{"@type":"WebSite","@id":"https:\/\/furkamotors.com\/#website","url":"https:\/\/furkamotors.com\/","name":"FURKA MOTORS","description":"Stile proprio...","publisher":{"@id":"https:\/\/furkamotors.com\/#organization"},"potentialAction":[{"@type":"SearchAction","target":{"@type":"EntryPoint","urlTemplate":"https:\/\/furkamotors.com\/?s={search_term_string}"},"query-input":{"@type":"PropertyValueSpecification","valueRequired":true,"valueName":"search_term_string"}}],"inLanguage":"it-IT"},{"@type":"Organization","@id":"https:\/\/furkamotors.com\/#organization","name":"FURKA MOTORS","url":"https:\/\/furkamotors.com\/","logo":{"@type":"ImageObject","inLanguage":"it-IT","@id":"https:\/\/furkamotors.com\/#\/schema\/logo\/image\/","url":"https:\/\/furkamotors.com\/wp-content\/uploads\/2022\/07\/logo-od2022.png","contentUrl":"https:\/\/furkamotors.com\/wp-content\/uploads\/2022\/07\/logo-od2022.png","width":468,"height":462,"caption":"FURKA MOTORS"},"image":{"@id":"https:\/\/furkamotors.com\/#\/schema\/logo\/image\/"},"sameAs":["https:\/\/www.facebook.com\/furkamotors"]}]}},"_links":{"self":[{"href":"https:\/\/furkamotors.com\/ita\/wp-json\/wp\/v2\/pages\/2","targetHints":{"allow":["GET"]}}],"collection":[{"href":"https:\/\/furkamotors.com\/ita\/wp-json\/wp\/v2\/pages"}],"about":[{"href":"https:\/\/furkamotors.com\/ita\/wp-json\/wp\/v2\/types\/page"}],"author":[{"embeddable":true,"href":"https:\/\/furkamotors.com\/ita\/wp-json\/wp\/v2\/users\/1"}],"replies":[{"embeddable":true,"href":"https:\/\/furkamotors.com\/ita\/wp-json\/wp\/v2\/comments?post=2"}],"version-history":[{"count":19,"href":"https:\/\/furkamotors.com\/ita\/wp-json\/wp\/v2\/pages\/2\/revisions"}],"predecessor-version":[{"id":3616,"href":"https:\/\/furkamotors.com\/ita\/wp-json\/wp\/v2\/pages\/2\/revisions\/3616"}],"wp:attachment":[{"href":"https:\/\/furkamotors.com\/ita\/wp-json\/wp\/v2\/media?parent=2"}],"curies":[{"name":"wp","href":"https:\/\/api.w.org\/{rel}","templated":true}]}}