{"id":1397,"date":"2018-04-06T20:00:43","date_gmt":"2018-04-06T18:00:43","guid":{"rendered":"http:\/\/furkamotors.com\/?post_type=product&#038;p=1397"},"modified":"2025-04-11T10:33:58","modified_gmt":"2025-04-11T08:33:58","slug":"furkamotors-sport-deluxe","status":"publish","type":"product","link":"https:\/\/furkamotors.com\/es\/produkt\/furkamotors-sport-deluxe\/","title":{"rendered":"COFFE BEAN deluxe"},"content":{"rendered":"<p>Disfruta la experiencia \u00fanica de tu paseo. El dise\u00f1o deportivo te fascinar\u00e1, cada momento ser\u00e1 una experiencia \u00fanica y no querr\u00e1s parar de conducir. El perfil de la bicicleta est\u00e1 reducido en 5 cm comparado con otros modelos, el centro de gravedad est\u00e1 desplazado lo m\u00e1s bajo posible. Tambi\u00e9n redujimos el peso a unos incre\u00edbles 16 kg (12kg bicicleta regular). Un potente motor provee el manejo deportivo y el tanque te permitir\u00e1 recorrer hasta 150 km en una sola carga.<\/p>\n<ul>\n<li>dise\u00f1ado para: Hombre, Mujer, hasta 150 kg, construcci\u00f3n universal<\/li>\n<li>consumo: 0,9 l\/100 km, autonom\u00eda 150 km<\/li>\n<li>motor: potencia b\u00e1sica 0.7 kW, 50 cc<\/li>\n<li>velocidad de dise\u00f1o: seg\u00fan la ley del pa\u00eds de entrega<\/li>\n<li>No necesitas carnet de conducir, FURKAMOTORS es una bicicleta con motor auxiliar como las bicicletas el\u00e9ctricas<\/li>\n<\/ul>\n","protected":false},"excerpt":{"rendered":"<p>Disfruta la experiencia \u00fanica de tu paseo. El dise\u00f1o deportivo te fascinar\u00e1, cada momento ser\u00e1 una experiencia \u00fanica y no querr\u00e1s parar de conducir. El perfil de la bicicleta est\u00e1 reducido en 5 cm comparado con otros modelos, el centro de gravedad est\u00e1 desplazado lo m\u00e1s bajo posible. Tambi\u00e9n redujimos el peso a unos incre\u00edbles [&hellip;]<\/p>\n","protected":false},"featured_media":0,"comment_status":"open","ping_status":"closed","template":"","meta":[],"product_brand":[],"product_cat":[15],"product_tag":[],"class_list":{"0":"post-1397","1":"product","2":"type-product","3":"status-publish","5":"product_cat-motobicykle","7":"first","8":"instock","9":"sale","10":"taxable","11":"shipping-taxable","12":"purchasable","13":"product-type-simple"},"yoast_head":"<!-- This site is optimized with the Yoast SEO plugin v24.8.1 - https:\/\/yoast.com\/wordpress\/plugins\/seo\/ -->\n<title>COFFE BEAN deluxe | FURKA MOTORS<\/title>\n<meta name=\"description\" content=\"Disfruta la experiencia \u00fanica de tu paseo. El dise\u00f1o deportivo te fascinar\u00e1, cada momento ser\u00e1 una experiencia \u00fanica y no querr\u00e1s parar de conducir.\" \/>\n<meta name=\"robots\" content=\"index, follow, max-snippet:-1, max-image-preview:large, max-video-preview:-1\" \/>\n<link rel=\"canonical\" href=\"https:\/\/furkamotors.com\/es\/produkt\/furkamotors-sport-deluxe\/\" \/>\n<meta property=\"og:locale\" content=\"es_ES\" \/>\n<meta property=\"og:locale:alternate\" content=\"en_US\" \/>\n<meta property=\"og:locale:alternate\" content=\"sk_SK\" \/>\n<meta property=\"og:locale:alternate\" content=\"it_IT\" \/>\n<meta property=\"og:type\" content=\"article\" \/>\n<meta property=\"og:title\" content=\"COFFE BEAN deluxe\" \/>\n<meta property=\"og:description\" content=\"Disfruta la experiencia \u00fanica de tu paseo. El dise\u00f1o deportivo te fascinar\u00e1, cada momento ser\u00e1 una experiencia \u00fanica y no querr\u00e1s parar de conducir.\" \/>\n<meta property=\"og:url\" content=\"https:\/\/furkamotors.com\/es\/produkt\/furkamotors-sport-deluxe\/\" \/>\n<meta property=\"og:site_name\" content=\"FURKA MOTORS\" \/>\n<meta property=\"article:publisher\" content=\"https:\/\/www.facebook.com\/furkamotors\" \/>\n<meta property=\"article:modified_time\" content=\"2025-04-11T08:33:58+00:00\" \/>\n<meta name=\"twitter:card\" content=\"summary_large_image\" \/>\n<meta name=\"twitter:label1\" content=\"Tiempo de lectura\" \/>\n\t<meta name=\"twitter:data1\" content=\"1 minuto\" \/>\n<script type=\"application\/ld+json\" class=\"yoast-schema-graph\">{\"@context\":\"https:\/\/schema.org\",\"@graph\":[{\"@type\":\"WebPage\",\"@id\":\"https:\/\/furkamotors.com\/ita\/produkt\/furkamotors-sport-deluxe\/\",\"url\":\"https:\/\/furkamotors.com\/ita\/produkt\/furkamotors-sport-deluxe\/\",\"name\":\"COFFE BEAN deluxe\",\"isPartOf\":{\"@id\":\"https:\/\/furkamotors.com\/#website\"},\"datePublished\":\"2018-04-06T18:00:43+00:00\",\"dateModified\":\"2025-04-11T08:33:58+00:00\",\"description\":\"Disfruta la experiencia \u00fanica de tu paseo. El dise\u00f1o deportivo te fascinar\u00e1, cada momento ser\u00e1 una experiencia \u00fanica y no querr\u00e1s parar de conducir.\",\"breadcrumb\":{\"@id\":\"https:\/\/furkamotors.com\/ita\/produkt\/furkamotors-sport-deluxe\/#breadcrumb\"},\"inLanguage\":\"es-ES\",\"potentialAction\":[{\"@type\":\"ReadAction\",\"target\":[\"https:\/\/furkamotors.com\/ita\/produkt\/furkamotors-sport-deluxe\/\"]}]},{\"@type\":\"BreadcrumbList\",\"@id\":\"https:\/\/furkamotors.com\/ita\/produkt\/furkamotors-sport-deluxe\/#breadcrumb\",\"itemListElement\":[{\"@type\":\"ListItem\",\"position\":1,\"name\":\"Negozio\",\"item\":\"https:\/\/furkamotors.com\/ita\/obchod\/\"},{\"@type\":\"ListItem\",\"position\":2,\"name\":\"COFFE BEAN deluxe\"}]},{\"@type\":\"WebSite\",\"@id\":\"https:\/\/furkamotors.com\/#website\",\"url\":\"https:\/\/furkamotors.com\/\",\"name\":\"FURKA MOTORS\",\"description\":\"Estilo propio...\",\"publisher\":{\"@id\":\"https:\/\/furkamotors.com\/#organization\"},\"potentialAction\":[{\"@type\":\"SearchAction\",\"target\":{\"@type\":\"EntryPoint\",\"urlTemplate\":\"https:\/\/furkamotors.com\/?s={search_term_string}\"},\"query-input\":{\"@type\":\"PropertyValueSpecification\",\"valueRequired\":true,\"valueName\":\"search_term_string\"}}],\"inLanguage\":\"es-ES\"},{\"@type\":\"Organization\",\"@id\":\"https:\/\/furkamotors.com\/#organization\",\"name\":\"FURKA MOTORS\",\"url\":\"https:\/\/furkamotors.com\/\",\"logo\":{\"@type\":\"ImageObject\",\"inLanguage\":\"es-ES\",\"@id\":\"https:\/\/furkamotors.com\/#\/schema\/logo\/image\/\",\"url\":\"https:\/\/furkamotors.com\/wp-content\/uploads\/2022\/07\/logo-od2022.png\",\"contentUrl\":\"https:\/\/furkamotors.com\/wp-content\/uploads\/2022\/07\/logo-od2022.png\",\"width\":468,\"height\":462,\"caption\":\"FURKA MOTORS\"},\"image\":{\"@id\":\"https:\/\/furkamotors.com\/#\/schema\/logo\/image\/\"},\"sameAs\":[\"https:\/\/www.facebook.com\/furkamotors\"]}]}<\/script>\n<!-- \/ Yoast SEO plugin. -->","yoast_head_json":{"title":"COFFE BEAN deluxe | FURKA MOTORS","description":"[:en]Enjoy a unique sports driving experience with FURKAMOTORS COFFE BEAN deluxe. The sporty design will capture your heart, every moment become an experience.[:sk]Enjoy a unique sports driving experience with FURKAMOTORS COFFE BEAN deluxe. The sporty design will capture your heart, every moment become an experience.[:es]Disfruta la experiencia \u00fanica de tu paseo. El dise\u00f1o deportivo te fascinar\u00e1, cada momento ser\u00e1 una experiencia \u00fanica y no querr\u00e1s parar de conducir.[:ita]Goditi un'esperienza di guida sportiva unica con COFFE BEAN deluxe. Il design sportivo catturer\u00e0 il tuo cuore, ogni momento diventer\u00e0 un'esperienza.[:]","robots":{"index":"index","follow":"follow","max-snippet":"max-snippet:-1","max-image-preview":"max-image-preview:large","max-video-preview":"max-video-preview:-1"},"canonical":"https:\/\/furkamotors.com\/es\/produkt\/furkamotors-sport-deluxe\/","og_locale":"es_ES","og_type":"article","og_title":"[:en]COFFE BEAN deluxe[:sk]COFFE BEAN deluxe[:es]COFFE BEAN deluxe[:ita]COFFE BEAN deluxe[:] | FURKA MOTORS","og_description":"[:en]Enjoy a unique sports driving experience with FURKAMOTORS COFFE BEAN deluxe. The sporty design will capture your heart, every moment become an experience.[:sk]Enjoy a unique sports driving experience with FURKAMOTORS COFFE BEAN deluxe. The sporty design will capture your heart, every moment become an experience.[:es]Disfruta la experiencia \u00fanica de tu paseo. El dise\u00f1o deportivo te fascinar\u00e1, cada momento ser\u00e1 una experiencia \u00fanica y no querr\u00e1s parar de conducir.[:ita]Goditi un'esperienza di guida sportiva unica con COFFE BEAN deluxe. Il design sportivo catturer\u00e0 il tuo cuore, ogni momento diventer\u00e0 un'esperienza.[:]","og_url":"https:\/\/furkamotors.com\/es\/produkt\/furkamotors-sport-deluxe\/","og_site_name":"FURKA MOTORS","article_publisher":"https:\/\/www.facebook.com\/furkamotors","article_modified_time":"2025-04-11T08:33:58+00:00","twitter_card":"summary_large_image","twitter_misc":{"Tiempo de lectura":"1 minuto"},"schema":{"@context":"https:\/\/schema.org","@graph":[{"@type":"WebPage","@id":"https:\/\/furkamotors.com\/ita\/produkt\/furkamotors-sport-deluxe\/","url":"https:\/\/furkamotors.com\/ita\/produkt\/furkamotors-sport-deluxe\/","name":"COFFE BEAN deluxe","isPartOf":{"@id":"https:\/\/furkamotors.com\/#website"},"datePublished":"2018-04-06T18:00:43+00:00","dateModified":"2025-04-11T08:33:58+00:00","description":"Disfruta la experiencia \u00fanica de tu paseo. El dise\u00f1o deportivo te fascinar\u00e1, cada momento ser\u00e1 una experiencia \u00fanica y no querr\u00e1s parar de conducir.","breadcrumb":{"@id":"https:\/\/furkamotors.com\/ita\/produkt\/furkamotors-sport-deluxe\/#breadcrumb"},"inLanguage":"es-ES","potentialAction":[{"@type":"ReadAction","target":["https:\/\/furkamotors.com\/ita\/produkt\/furkamotors-sport-deluxe\/"]}]},{"@type":"BreadcrumbList","@id":"https:\/\/furkamotors.com\/ita\/produkt\/furkamotors-sport-deluxe\/#breadcrumb","itemListElement":[{"@type":"ListItem","position":1,"name":"Negozio","item":"https:\/\/furkamotors.com\/ita\/obchod\/"},{"@type":"ListItem","position":2,"name":"COFFE BEAN deluxe"}]},{"@type":"WebSite","@id":"https:\/\/furkamotors.com\/#website","url":"https:\/\/furkamotors.com\/","name":"FURKA MOTORS","description":"Estilo propio...","publisher":{"@id":"https:\/\/furkamotors.com\/#organization"},"potentialAction":[{"@type":"SearchAction","target":{"@type":"EntryPoint","urlTemplate":"https:\/\/furkamotors.com\/?s={search_term_string}"},"query-input":{"@type":"PropertyValueSpecification","valueRequired":true,"valueName":"search_term_string"}}],"inLanguage":"es-ES"},{"@type":"Organization","@id":"https:\/\/furkamotors.com\/#organization","name":"FURKA MOTORS","url":"https:\/\/furkamotors.com\/","logo":{"@type":"ImageObject","inLanguage":"es-ES","@id":"https:\/\/furkamotors.com\/#\/schema\/logo\/image\/","url":"https:\/\/furkamotors.com\/wp-content\/uploads\/2022\/07\/logo-od2022.png","contentUrl":"https:\/\/furkamotors.com\/wp-content\/uploads\/2022\/07\/logo-od2022.png","width":468,"height":462,"caption":"FURKA MOTORS"},"image":{"@id":"https:\/\/furkamotors.com\/#\/schema\/logo\/image\/"},"sameAs":["https:\/\/www.facebook.com\/furkamotors"]}]}},"_links":{"self":[{"href":"https:\/\/furkamotors.com\/es\/wp-json\/wp\/v2\/product\/1397","targetHints":{"allow":["GET"]}}],"collection":[{"href":"https:\/\/furkamotors.com\/es\/wp-json\/wp\/v2\/product"}],"about":[{"href":"https:\/\/furkamotors.com\/es\/wp-json\/wp\/v2\/types\/product"}],"replies":[{"embeddable":true,"href":"https:\/\/furkamotors.com\/es\/wp-json\/wp\/v2\/comments?post=1397"}],"wp:attachment":[{"href":"https:\/\/furkamotors.com\/es\/wp-json\/wp\/v2\/media?parent=1397"}],"wp:term":[{"taxonomy":"product_brand","embeddable":true,"href":"https:\/\/furkamotors.com\/es\/wp-json\/wp\/v2\/product_brand?post=1397"},{"taxonomy":"product_cat","embeddable":true,"href":"https:\/\/furkamotors.com\/es\/wp-json\/wp\/v2\/product_cat?post=1397"},{"taxonomy":"product_tag","embeddable":true,"href":"https:\/\/furkamotors.com\/es\/wp-json\/wp\/v2\/product_tag?post=1397"}],"curies":[{"name":"wp","href":"https:\/\/api.w.org\/{rel}","templated":true}]}}