{"id":82,"date":"2017-05-21T20:49:28","date_gmt":"2017-05-21T18:49:28","guid":{"rendered":"http:\/\/furkamotors.com\/?page_id=82"},"modified":"2024-08-02T15:34:59","modified_gmt":"2024-08-02T13:34:59","slug":"poistenie","status":"publish","type":"page","link":"https:\/\/furkamotors.com\/es\/poistenie\/","title":{"rendered":"El seguro"},"content":{"rendered":"<h3>Uni\u00f3n Europea<\/h3>\n<p>Seguro de transporte autom\u00e1tico y gratuito. Los env\u00edos est\u00e1n asegurados por 1000\u20ac \u2013 1500\u20ac.<\/p>\n<h3>Mundo<\/h3>\n<p>El seguro depende del pa\u00eds de entrega y del medio de transporte. Es necesario comprender que, en este caso, el precio de la entrega, junto con el seguro, se establece individualmente. Estamos tratando de encontrar las mejores y m\u00e1s baratas opciones para usted.<\/p>\n","protected":false},"excerpt":{"rendered":"<p>Uni\u00f3n Europea Seguro de transporte autom\u00e1tico y gratuito. Los env\u00edos est\u00e1n asegurados por 1000\u20ac \u2013 1500\u20ac. Mundo El seguro depende del pa\u00eds de entrega y del medio de transporte. Es necesario comprender que, en este caso, el precio de la entrega, junto con el seguro, se establece individualmente. Estamos tratando de encontrar las mejores y [&hellip;]<\/p>\n","protected":false},"author":1,"featured_media":0,"parent":0,"menu_order":0,"comment_status":"closed","ping_status":"closed","template":"template-fullwidth.php","meta":{"footnotes":""},"class_list":["post-82","page","type-page","status-publish","hentry"],"yoast_head":"<!-- This site is optimized with the Yoast SEO plugin v24.8.1 - https:\/\/yoast.com\/wordpress\/plugins\/seo\/ -->\n<title>El seguro | FURKA MOTORS<\/title>\n<meta name=\"robots\" content=\"index, follow, max-snippet:-1, max-image-preview:large, max-video-preview:-1\" \/>\n<link rel=\"canonical\" href=\"https:\/\/furkamotors.com\/es\/poistenie\/\" \/>\n<meta property=\"og:locale\" content=\"es_ES\" \/>\n<meta property=\"og:locale:alternate\" content=\"en_US\" \/>\n<meta property=\"og:locale:alternate\" content=\"sk_SK\" \/>\n<meta property=\"og:locale:alternate\" content=\"it_IT\" \/>\n<meta property=\"og:type\" content=\"article\" \/>\n<meta property=\"og:title\" content=\"El seguro\" \/>\n<meta property=\"og:description\" content=\"Uni\u00f3n Europea Seguro de transporte autom\u00e1tico y gratuito. Los env\u00edos est\u00e1n asegurados por 1000\u20ac \u2013 1500\u20ac. Mundo El seguro depende del pa\u00eds de entrega y del medio de transporte. Es necesario comprender que, en este caso, el precio de la entrega, junto con el seguro, se establece individualmente. Estamos tratando de encontrar las mejores y [&hellip;]\" \/>\n<meta property=\"og:url\" content=\"https:\/\/furkamotors.com\/es\/poistenie\/\" \/>\n<meta property=\"og:site_name\" content=\"FURKA MOTORS\" \/>\n<meta property=\"article:publisher\" content=\"https:\/\/www.facebook.com\/furkamotors\" \/>\n<meta property=\"article:modified_time\" content=\"2024-08-02T13:34:59+00:00\" \/>\n<meta name=\"twitter:card\" content=\"summary_large_image\" \/>\n<meta name=\"twitter:label1\" content=\"Tiempo de lectura\" \/>\n\t<meta name=\"twitter:data1\" content=\"1 minuto\" \/>\n<script type=\"application\/ld+json\" class=\"yoast-schema-graph\">{\"@context\":\"https:\/\/schema.org\",\"@graph\":[{\"@type\":\"WebPage\",\"@id\":\"https:\/\/furkamotors.com\/poistenie\/\",\"url\":\"https:\/\/furkamotors.com\/poistenie\/\",\"name\":\"El seguro\",\"isPartOf\":{\"@id\":\"https:\/\/furkamotors.com\/#website\"},\"datePublished\":\"2017-05-21T18:49:28+00:00\",\"dateModified\":\"2024-08-02T13:34:59+00:00\",\"inLanguage\":\"es-ES\",\"potentialAction\":[{\"@type\":\"ReadAction\",\"target\":[\"https:\/\/furkamotors.com\/poistenie\/\"]}]},{\"@type\":\"WebSite\",\"@id\":\"https:\/\/furkamotors.com\/#website\",\"url\":\"https:\/\/furkamotors.com\/\",\"name\":\"FURKA MOTORS\",\"description\":\"Estilo propio...\",\"publisher\":{\"@id\":\"https:\/\/furkamotors.com\/#organization\"},\"potentialAction\":[{\"@type\":\"SearchAction\",\"target\":{\"@type\":\"EntryPoint\",\"urlTemplate\":\"https:\/\/furkamotors.com\/?s={search_term_string}\"},\"query-input\":{\"@type\":\"PropertyValueSpecification\",\"valueRequired\":true,\"valueName\":\"search_term_string\"}}],\"inLanguage\":\"es-ES\"},{\"@type\":\"Organization\",\"@id\":\"https:\/\/furkamotors.com\/#organization\",\"name\":\"FURKA MOTORS\",\"url\":\"https:\/\/furkamotors.com\/\",\"logo\":{\"@type\":\"ImageObject\",\"inLanguage\":\"es-ES\",\"@id\":\"https:\/\/furkamotors.com\/#\/schema\/logo\/image\/\",\"url\":\"https:\/\/furkamotors.com\/wp-content\/uploads\/2022\/07\/logo-od2022.png\",\"contentUrl\":\"https:\/\/furkamotors.com\/wp-content\/uploads\/2022\/07\/logo-od2022.png\",\"width\":468,\"height\":462,\"caption\":\"FURKA MOTORS\"},\"image\":{\"@id\":\"https:\/\/furkamotors.com\/#\/schema\/logo\/image\/\"},\"sameAs\":[\"https:\/\/www.facebook.com\/furkamotors\"]}]}<\/script>\n<!-- \/ Yoast SEO plugin. -->","yoast_head_json":{"title":"El seguro | FURKA MOTORS","robots":{"index":"index","follow":"follow","max-snippet":"max-snippet:-1","max-image-preview":"max-image-preview:large","max-video-preview":"max-video-preview:-1"},"canonical":"https:\/\/furkamotors.com\/es\/poistenie\/","og_locale":"es_ES","og_type":"article","og_title":"[:en]Transportation insurance[:sk]Poistenie prepravy[:es]El seguro[:ita]Assicurazione[:] | FURKA MOTORS","og_description":"Uni\u00f3n Europea Seguro de transporte autom\u00e1tico y gratuito. Los env\u00edos est\u00e1n asegurados por 1000\u20ac \u2013 1500\u20ac. Mundo El seguro depende del pa\u00eds de entrega y del medio de transporte. Es necesario comprender que, en este caso, el precio de la entrega, junto con el seguro, se establece individualmente. Estamos tratando de encontrar las mejores y [&hellip;]","og_url":"https:\/\/furkamotors.com\/es\/poistenie\/","og_site_name":"FURKA MOTORS","article_publisher":"https:\/\/www.facebook.com\/furkamotors","article_modified_time":"2024-08-02T13:34:59+00:00","twitter_card":"summary_large_image","twitter_misc":{"Tiempo de lectura":"1 minuto"},"schema":{"@context":"https:\/\/schema.org","@graph":[{"@type":"WebPage","@id":"https:\/\/furkamotors.com\/poistenie\/","url":"https:\/\/furkamotors.com\/poistenie\/","name":"El seguro","isPartOf":{"@id":"https:\/\/furkamotors.com\/#website"},"datePublished":"2017-05-21T18:49:28+00:00","dateModified":"2024-08-02T13:34:59+00:00","inLanguage":"es-ES","potentialAction":[{"@type":"ReadAction","target":["https:\/\/furkamotors.com\/poistenie\/"]}]},{"@type":"WebSite","@id":"https:\/\/furkamotors.com\/#website","url":"https:\/\/furkamotors.com\/","name":"FURKA MOTORS","description":"Estilo propio...","publisher":{"@id":"https:\/\/furkamotors.com\/#organization"},"potentialAction":[{"@type":"SearchAction","target":{"@type":"EntryPoint","urlTemplate":"https:\/\/furkamotors.com\/?s={search_term_string}"},"query-input":{"@type":"PropertyValueSpecification","valueRequired":true,"valueName":"search_term_string"}}],"inLanguage":"es-ES"},{"@type":"Organization","@id":"https:\/\/furkamotors.com\/#organization","name":"FURKA MOTORS","url":"https:\/\/furkamotors.com\/","logo":{"@type":"ImageObject","inLanguage":"es-ES","@id":"https:\/\/furkamotors.com\/#\/schema\/logo\/image\/","url":"https:\/\/furkamotors.com\/wp-content\/uploads\/2022\/07\/logo-od2022.png","contentUrl":"https:\/\/furkamotors.com\/wp-content\/uploads\/2022\/07\/logo-od2022.png","width":468,"height":462,"caption":"FURKA MOTORS"},"image":{"@id":"https:\/\/furkamotors.com\/#\/schema\/logo\/image\/"},"sameAs":["https:\/\/www.facebook.com\/furkamotors"]}]}},"_links":{"self":[{"href":"https:\/\/furkamotors.com\/es\/wp-json\/wp\/v2\/pages\/82","targetHints":{"allow":["GET"]}}],"collection":[{"href":"https:\/\/furkamotors.com\/es\/wp-json\/wp\/v2\/pages"}],"about":[{"href":"https:\/\/furkamotors.com\/es\/wp-json\/wp\/v2\/types\/page"}],"author":[{"embeddable":true,"href":"https:\/\/furkamotors.com\/es\/wp-json\/wp\/v2\/users\/1"}],"replies":[{"embeddable":true,"href":"https:\/\/furkamotors.com\/es\/wp-json\/wp\/v2\/comments?post=82"}],"version-history":[{"count":13,"href":"https:\/\/furkamotors.com\/es\/wp-json\/wp\/v2\/pages\/82\/revisions"}],"predecessor-version":[{"id":3788,"href":"https:\/\/furkamotors.com\/es\/wp-json\/wp\/v2\/pages\/82\/revisions\/3788"}],"wp:attachment":[{"href":"https:\/\/furkamotors.com\/es\/wp-json\/wp\/v2\/media?parent=82"}],"curies":[{"name":"wp","href":"https:\/\/api.w.org\/{rel}","templated":true}]}}