{"id":78,"date":"2017-05-21T20:49:09","date_gmt":"2017-05-21T18:49:09","guid":{"rendered":"http:\/\/furkamotors.com\/?page_id=78"},"modified":"2024-01-22T12:16:25","modified_gmt":"2024-01-22T11:16:25","slug":"platba","status":"publish","type":"page","link":"https:\/\/furkamotors.com\/es\/platba\/","title":{"rendered":"Pago+env\u00edo"},"content":{"rendered":"<div id=\"pl-78\"  class=\"panel-layout\" ><div id=\"pg-78-0\"  class=\"panel-grid panel-no-style\" ><div id=\"pgc-78-0-0\"  class=\"panel-grid-cell\" ><div id=\"panel-78-0-0-0\" class=\"so-panel widget widget_sow-editor panel-first-child panel-last-child\" data-index=\"0\" ><div\n\t\t\t\n\t\t\tclass=\"so-widget-sow-editor so-widget-sow-editor-base\"\n\t\t\t\n\t\t>\n<div class=\"siteorigin-widget-tinymce textwidget\">\n\t<p style=\"text-align: center;\"><div class=\"su-divider su-divider-style-dotted\" style=\"margin:15px 0;border-width:1px;border-color:#999999\"><\/div><\/p>\n<h3 style=\"text-align: center;\">Si est\u00e1s a punto de ordenar una motobicicleta, puedes completar tu orden haciendo click en el bot\u00f3n azul de la p\u00e1gina de compra. Si desea otro m\u00e9todo, cont\u00e1ctanos por e-mail o ll\u00e1manos. Generaremos informaci\u00f3n de pago para usted.<\/h3>\n<p style=\"text-align: center;\"><div class=\"su-divider su-divider-style-dotted\" style=\"margin:15px 0;border-width:1px;border-color:#999999\"><\/div><\/p>\n<h3 style=\"text-align: center;\"><span style=\"color: #000000;\"><a style=\"color: #000000;\" href=\"mailto:info@furkamotors.com\"><span style=\"color: #800000;\"><i class=\"far fa-envelope \" ><\/i><\/span> info@furkamotors.com<\/a><\/span> (En espa\u00f1ol)| <span style=\"color: #800000;\"><i class=\"fas fa-phone-alt \" ><\/i><\/span> +421 948 503 678 (En ingl\u00e9s)<\/h3>\n<p style=\"text-align: center;\"><div class=\"su-divider su-divider-style-dotted\" style=\"margin:15px 0;border-width:1px;border-color:#999999\"><\/div><\/p>\n<h3 style=\"text-align: center;\"><span style=\"color: #008000;\"><span style=\"color: #800000;\"><i class=\"fas fa-truck \" ><\/i> <span style=\"color: #000000;\"><span style=\"color: #339966;\">Env\u00edo gratuito<\/span> dentro de Espa\u00f1a y los pa\u00edses de la Uni\u00f3n Europea<\/span><\/span><\/span><\/h3>\n<p style=\"text-align: center;\"><div class=\"su-divider su-divider-style-dotted\" style=\"margin:15px 0;border-width:1px;border-color:#999999\"><\/div><\/p>\n<\/div>\n<\/div><\/div><\/div><\/div><div id=\"pg-78-1\"  class=\"panel-grid panel-no-style\" ><div id=\"pgc-78-1-0\"  class=\"panel-grid-cell\" ><div id=\"panel-78-1-0-0\" class=\"so-panel widget widget_sow-editor panel-first-child panel-last-child\" data-index=\"1\" ><div\n\t\t\t\n\t\t\tclass=\"so-widget-sow-editor so-widget-sow-editor-base\"\n\t\t\t\n\t\t>\n<div class=\"siteorigin-widget-tinymce textwidget\">\n\t<h3>Informaci\u00f3n de facturaci\u00f3n<\/h3>\n<p><strong>Nombre comercial: <\/strong> FURKA s. r. o.<br \/>\n<strong>Direcci\u00f3n:<\/strong> Pri \u0160ajb\u00e1ch 7734\/20, 831 06 Bratislava, Eslovaquia, Europa.<br \/>\n<strong>N\u00famero de registro:<\/strong>\u00a051789418<br \/>\n<strong>Identificaci\u00f3n fiscal:<\/strong>\u00a02120783115<br \/>\n<strong>Cuenta bancaria (IBAN):<\/strong>\u00a0SK33 1100 0000 0029 4805 7860<br \/>\n<strong>Nombre del banco:<\/strong> TATRA BANKA<br \/>\n<strong>SWIFT\/BIC:<\/strong> TATRASKBX<br \/>\n<strong>Propietario de la cuenta:<\/strong> FURKA S.R.O. - Helena Furkova<br \/>\n<strong>Descripci\u00f3n:<\/strong> N\u00famero de orden<\/p>\n<\/div>\n<\/div><\/div><\/div><div id=\"pgc-78-1-1\"  class=\"panel-grid-cell\" ><div id=\"panel-78-1-1-0\" class=\"so-panel widget widget_sow-editor panel-first-child panel-last-child\" data-index=\"2\" ><div\n\t\t\t\n\t\t\tclass=\"so-widget-sow-editor so-widget-sow-editor-base\"\n\t\t\t\n\t\t>\n<div class=\"siteorigin-widget-tinymce textwidget\">\n\t<h3 style=\"text-align: center;\"><span style=\"color: #339966;\">Dep\u00f3sito<\/span>\u00a0en cuenta<\/h3>\n<ul>\n<li><strong>Opci\u00f3n 1)<\/strong> Pago del importe total mediante transferencia a nuestra cuenta. El mensajero no le cobrar\u00e1 ninguna tarifa adicional.<\/li>\n<\/ul>\n<p>&nbsp;<\/p>\n<p><span style=\"color: #ffffff;\">_<\/span><br \/>\n<img loading=\"lazy\" decoding=\"async\" class=\"wp-image-2411 aligncenter\" src=\"http:\/\/furkamotors.com\/wp-content\/uploads\/2022\/10\/courier.png\" alt=\"\" width=\"208\" height=\"60\" \/><\/p>\n<\/div>\n<\/div><\/div><\/div><div id=\"pgc-78-1-2\"  class=\"panel-grid-cell\" ><div id=\"panel-78-1-2-0\" class=\"so-panel widget widget_sow-editor panel-first-child panel-last-child\" data-index=\"3\" ><div\n\t\t\t\n\t\t\tclass=\"so-widget-sow-editor so-widget-sow-editor-base\"\n\t\t\t\n\t\t>\n<div class=\"siteorigin-widget-tinymce textwidget\">\n\t<h3 style=\"text-align: center;\">Pago con <span style=\"color: #0000ff;\">tarjeta<\/span> o <span style=\"color: #0000ff;\">PAY PAL<\/span><\/h3>\n<ul>\n<li><strong>Opci\u00f3n 1)<\/strong> Pagas de forma segura, directamente con tu <strong><span style=\"color: #0000ff;\">tarjeta<\/span><\/strong>.<\/li>\n<li><strong>Opci\u00f3n 2)<\/strong> Si te gusta pagar a trav\u00e9s de <strong><span style=\"color: #0000ff;\">PAY PAL<\/span><\/strong>, paga con tu tarjeta c\u00f3modamente con unos pocos clics desde cualquier pa\u00eds del mundo. Las transacciones que utilizan <strong><span style=\"color: #0000ff;\">PAY PAL<\/span><\/strong> est\u00e1n espec\u00edficamente protegidas por PAY PAL.<\/li>\n<\/ul>\n<p style=\"text-align: center;\"><span style=\"color: #ffffff;\">\u00a0_<\/span><br \/>\n<img loading=\"lazy\" decoding=\"async\" class=\"aligncenter wp-image-2410\" src=\"http:\/\/furkamotors.com\/wp-content\/uploads\/2022\/10\/credit-cards.png\" alt=\"\" width=\"175\" height=\"60\" \/><\/p>\n<\/div>\n<\/div><\/div><\/div><\/div><\/div>","protected":false},"excerpt":{"rendered":"<p>Si est\u00e1s a punto de ordenar una motobicicleta, puedes completar tu orden haciendo click en el bot\u00f3n azul de la p\u00e1gina de compra. Si desea otro m\u00e9todo, cont\u00e1ctanos por e-mail o ll\u00e1manos. Generaremos informaci\u00f3n de pago para usted. info@furkamotors.com (En espa\u00f1ol)| +421 948 503 678 (En ingl\u00e9s) Env\u00edo gratuito dentro de Espa\u00f1a y los pa\u00edses [&hellip;]<\/p>\n","protected":false},"author":1,"featured_media":2538,"parent":0,"menu_order":0,"comment_status":"closed","ping_status":"closed","template":"template-fullwidth.php","meta":{"footnotes":""},"class_list":["post-78","page","type-page","status-publish","has-post-thumbnail","hentry"],"yoast_head":"<!-- This site is optimized with the Yoast SEO plugin v24.8.1 - https:\/\/yoast.com\/wordpress\/plugins\/seo\/ -->\n<title>Pago+env\u00edo | FURKA MOTORS<\/title>\n<meta name=\"robots\" content=\"index, follow, max-snippet:-1, max-image-preview:large, max-video-preview:-1\" \/>\n<link rel=\"canonical\" href=\"https:\/\/furkamotors.com\/es\/platba\/\" \/>\n<meta property=\"og:locale\" content=\"es_ES\" \/>\n<meta property=\"og:locale:alternate\" content=\"en_US\" \/>\n<meta property=\"og:locale:alternate\" content=\"sk_SK\" \/>\n<meta property=\"og:locale:alternate\" content=\"it_IT\" \/>\n<meta property=\"og:type\" content=\"article\" \/>\n<meta property=\"og:title\" content=\"Pago+env\u00edo\" \/>\n<meta property=\"og:description\" content=\"Si est\u00e1s a punto de ordenar una motobicicleta, puedes completar tu orden haciendo click en el bot\u00f3n azul de la p\u00e1gina de compra. Si desea otro m\u00e9todo, cont\u00e1ctanos por e-mail o ll\u00e1manos. Generaremos informaci\u00f3n de pago para usted. info@furkamotors.com (En espa\u00f1ol)| +421 948 503 678 (En ingl\u00e9s) Env\u00edo gratuito dentro de Espa\u00f1a y los pa\u00edses [&hellip;]\" \/>\n<meta property=\"og:url\" content=\"https:\/\/furkamotors.com\/es\/platba\/\" \/>\n<meta property=\"og:site_name\" content=\"FURKA MOTORS\" \/>\n<meta property=\"article:publisher\" content=\"https:\/\/www.facebook.com\/furkamotors\" \/>\n<meta property=\"article:modified_time\" content=\"2024-01-22T11:16:25+00:00\" \/>\n<meta property=\"og:image\" content=\"https:\/\/furkamotors.com\/wp-content\/uploads\/2022\/10\/obrazok_2022-10-01_202552604-e1664648773291.png\" \/>\n\t<meta property=\"og:image:width\" content=\"932\" \/>\n\t<meta property=\"og:image:height\" content=\"622\" \/>\n\t<meta property=\"og:image:type\" content=\"image\/png\" \/>\n<meta name=\"twitter:card\" content=\"summary_large_image\" \/>\n<meta name=\"twitter:label1\" content=\"Tiempo de lectura\" \/>\n\t<meta name=\"twitter:data1\" content=\"2 minutos\" \/>\n<script type=\"application\/ld+json\" class=\"yoast-schema-graph\">{\"@context\":\"https:\/\/schema.org\",\"@graph\":[{\"@type\":\"WebPage\",\"@id\":\"https:\/\/furkamotors.com\/ita\/platba\/\",\"url\":\"https:\/\/furkamotors.com\/ita\/platba\/\",\"name\":\"Pago+env\u00edo\",\"isPartOf\":{\"@id\":\"https:\/\/furkamotors.com\/#website\"},\"primaryImageOfPage\":{\"@id\":\"https:\/\/furkamotors.com\/ita\/platba\/#primaryimage\"},\"image\":{\"@id\":\"https:\/\/furkamotors.com\/ita\/platba\/#primaryimage\"},\"thumbnailUrl\":\"https:\/\/furkamotors.com\/wp-content\/uploads\/2022\/10\/obrazok_2022-10-01_202552604-e1664648773291.png\",\"datePublished\":\"2017-05-21T18:49:09+00:00\",\"dateModified\":\"2024-01-22T11:16:25+00:00\",\"inLanguage\":\"es-ES\",\"potentialAction\":[{\"@type\":\"ReadAction\",\"target\":[\"https:\/\/furkamotors.com\/ita\/platba\/\"]}]},{\"@type\":\"ImageObject\",\"inLanguage\":\"es-ES\",\"@id\":\"https:\/\/furkamotors.com\/ita\/platba\/#primaryimage\",\"url\":\"https:\/\/furkamotors.com\/wp-content\/uploads\/2022\/10\/obrazok_2022-10-01_202552604-e1664648773291.png\",\"contentUrl\":\"https:\/\/furkamotors.com\/wp-content\/uploads\/2022\/10\/obrazok_2022-10-01_202552604-e1664648773291.png\",\"width\":932,\"height\":622},{\"@type\":\"WebSite\",\"@id\":\"https:\/\/furkamotors.com\/#website\",\"url\":\"https:\/\/furkamotors.com\/\",\"name\":\"FURKA MOTORS\",\"description\":\"Estilo propio...\",\"publisher\":{\"@id\":\"https:\/\/furkamotors.com\/#organization\"},\"potentialAction\":[{\"@type\":\"SearchAction\",\"target\":{\"@type\":\"EntryPoint\",\"urlTemplate\":\"https:\/\/furkamotors.com\/?s={search_term_string}\"},\"query-input\":{\"@type\":\"PropertyValueSpecification\",\"valueRequired\":true,\"valueName\":\"search_term_string\"}}],\"inLanguage\":\"es-ES\"},{\"@type\":\"Organization\",\"@id\":\"https:\/\/furkamotors.com\/#organization\",\"name\":\"FURKA MOTORS\",\"url\":\"https:\/\/furkamotors.com\/\",\"logo\":{\"@type\":\"ImageObject\",\"inLanguage\":\"es-ES\",\"@id\":\"https:\/\/furkamotors.com\/#\/schema\/logo\/image\/\",\"url\":\"https:\/\/furkamotors.com\/wp-content\/uploads\/2022\/07\/logo-od2022.png\",\"contentUrl\":\"https:\/\/furkamotors.com\/wp-content\/uploads\/2022\/07\/logo-od2022.png\",\"width\":468,\"height\":462,\"caption\":\"FURKA MOTORS\"},\"image\":{\"@id\":\"https:\/\/furkamotors.com\/#\/schema\/logo\/image\/\"},\"sameAs\":[\"https:\/\/www.facebook.com\/furkamotors\"]}]}<\/script>\n<!-- \/ Yoast SEO plugin. -->","yoast_head_json":{"title":"Pago+env\u00edo | FURKA MOTORS","robots":{"index":"index","follow":"follow","max-snippet":"max-snippet:-1","max-image-preview":"max-image-preview:large","max-video-preview":"max-video-preview:-1"},"canonical":"https:\/\/furkamotors.com\/es\/platba\/","og_locale":"es_ES","og_type":"article","og_title":"[:en]Payment & delivery[:sk]Platba a doprava[:es]Pago+env\u00edo[:ita]Pagamento e consegna[:] | FURKA MOTORS","og_description":"Si est\u00e1s a punto de ordenar una motobicicleta, puedes completar tu orden haciendo click en el bot\u00f3n azul de la p\u00e1gina de compra. Si desea otro m\u00e9todo, cont\u00e1ctanos por e-mail o ll\u00e1manos. Generaremos informaci\u00f3n de pago para usted. info@furkamotors.com (En espa\u00f1ol)| +421 948 503 678 (En ingl\u00e9s) Env\u00edo gratuito dentro de Espa\u00f1a y los pa\u00edses [&hellip;]","og_url":"https:\/\/furkamotors.com\/es\/platba\/","og_site_name":"FURKA MOTORS","article_publisher":"https:\/\/www.facebook.com\/furkamotors","article_modified_time":"2024-01-22T11:16:25+00:00","og_image":[{"width":932,"height":622,"url":"https:\/\/furkamotors.com\/wp-content\/uploads\/2022\/10\/obrazok_2022-10-01_202552604-e1664648773291.png","type":"image\/png"}],"twitter_card":"summary_large_image","twitter_misc":{"Tiempo de lectura":"2 minutos"},"schema":{"@context":"https:\/\/schema.org","@graph":[{"@type":"WebPage","@id":"https:\/\/furkamotors.com\/ita\/platba\/","url":"https:\/\/furkamotors.com\/ita\/platba\/","name":"Pago+env\u00edo","isPartOf":{"@id":"https:\/\/furkamotors.com\/#website"},"primaryImageOfPage":{"@id":"https:\/\/furkamotors.com\/ita\/platba\/#primaryimage"},"image":{"@id":"https:\/\/furkamotors.com\/ita\/platba\/#primaryimage"},"thumbnailUrl":"https:\/\/furkamotors.com\/wp-content\/uploads\/2022\/10\/obrazok_2022-10-01_202552604-e1664648773291.png","datePublished":"2017-05-21T18:49:09+00:00","dateModified":"2024-01-22T11:16:25+00:00","inLanguage":"es-ES","potentialAction":[{"@type":"ReadAction","target":["https:\/\/furkamotors.com\/ita\/platba\/"]}]},{"@type":"ImageObject","inLanguage":"es-ES","@id":"https:\/\/furkamotors.com\/ita\/platba\/#primaryimage","url":"https:\/\/furkamotors.com\/wp-content\/uploads\/2022\/10\/obrazok_2022-10-01_202552604-e1664648773291.png","contentUrl":"https:\/\/furkamotors.com\/wp-content\/uploads\/2022\/10\/obrazok_2022-10-01_202552604-e1664648773291.png","width":932,"height":622},{"@type":"WebSite","@id":"https:\/\/furkamotors.com\/#website","url":"https:\/\/furkamotors.com\/","name":"FURKA MOTORS","description":"Estilo propio...","publisher":{"@id":"https:\/\/furkamotors.com\/#organization"},"potentialAction":[{"@type":"SearchAction","target":{"@type":"EntryPoint","urlTemplate":"https:\/\/furkamotors.com\/?s={search_term_string}"},"query-input":{"@type":"PropertyValueSpecification","valueRequired":true,"valueName":"search_term_string"}}],"inLanguage":"es-ES"},{"@type":"Organization","@id":"https:\/\/furkamotors.com\/#organization","name":"FURKA MOTORS","url":"https:\/\/furkamotors.com\/","logo":{"@type":"ImageObject","inLanguage":"es-ES","@id":"https:\/\/furkamotors.com\/#\/schema\/logo\/image\/","url":"https:\/\/furkamotors.com\/wp-content\/uploads\/2022\/07\/logo-od2022.png","contentUrl":"https:\/\/furkamotors.com\/wp-content\/uploads\/2022\/07\/logo-od2022.png","width":468,"height":462,"caption":"FURKA MOTORS"},"image":{"@id":"https:\/\/furkamotors.com\/#\/schema\/logo\/image\/"},"sameAs":["https:\/\/www.facebook.com\/furkamotors"]}]}},"_links":{"self":[{"href":"https:\/\/furkamotors.com\/es\/wp-json\/wp\/v2\/pages\/78","targetHints":{"allow":["GET"]}}],"collection":[{"href":"https:\/\/furkamotors.com\/es\/wp-json\/wp\/v2\/pages"}],"about":[{"href":"https:\/\/furkamotors.com\/es\/wp-json\/wp\/v2\/types\/page"}],"author":[{"embeddable":true,"href":"https:\/\/furkamotors.com\/es\/wp-json\/wp\/v2\/users\/1"}],"replies":[{"embeddable":true,"href":"https:\/\/furkamotors.com\/es\/wp-json\/wp\/v2\/comments?post=78"}],"version-history":[{"count":157,"href":"https:\/\/furkamotors.com\/es\/wp-json\/wp\/v2\/pages\/78\/revisions"}],"predecessor-version":[{"id":3634,"href":"https:\/\/furkamotors.com\/es\/wp-json\/wp\/v2\/pages\/78\/revisions\/3634"}],"wp:featuredmedia":[{"embeddable":true,"href":"https:\/\/furkamotors.com\/es\/wp-json\/wp\/v2\/media\/2538"}],"wp:attachment":[{"href":"https:\/\/furkamotors.com\/es\/wp-json\/wp\/v2\/media?parent=78"}],"curies":[{"name":"wp","href":"https:\/\/api.w.org\/{rel}","templated":true}]}}