{"id":76,"date":"2017-05-21T20:48:56","date_gmt":"2017-05-21T18:48:56","guid":{"rendered":"http:\/\/furkamotors.com\/?page_id=76"},"modified":"2024-01-22T12:37:15","modified_gmt":"2024-01-22T11:37:15","slug":"technicka-podpora","status":"publish","type":"page","link":"https:\/\/furkamotors.com\/es\/technicka-podpora\/","title":{"rendered":"Soporte t\u00e9cnico"},"content":{"rendered":"<h3>Sus documentos para descargar &#8211; instrucciones\/manual<\/h3>\n<p>En el paquete recibi\u00f3 un manual impreso en ingl\u00e9s, incluida la documentaci\u00f3n, si necesita enviar la documentaci\u00f3n nuevamente, escriba a la direcci\u00f3n:<span style=\"color: #0000ff;\"><a style=\"color: #0000ff;\" href=\"mailto:info@furkamotors.com\"> info@furkamotors.com<\/a><\/span>.<\/p>\n<h3>Soporte t\u00e9cnico<\/h3>\n<p>Las complicaciones t\u00e9cnicas no son frecuentes, pero en caso de ocurrir, puedes contactarnos. Puedes encontrar una lista de todos los potenciales problemas abajo. Se recomiendo hacer el primer chequeo t\u00e9cnico a los 500 km. La condici\u00f3n general de la bicicleta es completamente chequeada, incluyendo apriete de los tornillos del guardabarros y caballete y las luces auxiliares. En caso de no saber si existen otras complicaciones, cont\u00e1ctanos y con gusto te ayudaremos en el servicio.<\/p>\n<ul>\n<li>Desaceleraci\u00f3n: La motobicicleta puede desacelerar por un enfriamiento del motor. Es necesario calentar el motor seg\u00fan las instrucciones del manual. Otra causa podr\u00eda ser una incorrecta configuraci\u00f3n del suministro de aire. En ese caso, se debe cerrar la palanca de aire.<\/li>\n<li>Taponamiento por suciedad o precipitados del combustible: se deben limpiar los tubos de combustible, filtros de los tubos y filtro del tanque sobre su v\u00e1lvula.<\/li>\n<li>Subir una pendiente inclinada: el combustible no fluye adecuadamente, se debe pedalear o usar la botella de impulso extra.<\/li>\n<li>Alto volumen del aceite: puede notarse por emisiones de humo excesivas. Se debe diluir la mezcla en el tanque con gasolina pura y revolverla. Har\u00e1 efecto un tiempo despu\u00e9s de encender el motor, luego que toda la mezcla no diluida en el carburador y los tubo se consuma.<\/li>\n<\/ul>\n<p>Para m\u00e1s consejos, visite la versi\u00f3n <strong><span style=\"color: #0000ff;\"><a style=\"color: #0000ff;\" href=\"https:\/\/furkamotors.com\/en\/technicka-podpora\/\">en ingl\u00e9s de la p\u00e1gina web<\/a><\/span><\/strong>.<\/p>\n","protected":false},"excerpt":{"rendered":"<p>Sus documentos para descargar &#8211; instrucciones\/manual En el paquete recibi\u00f3 un manual impreso en ingl\u00e9s, incluida la documentaci\u00f3n, si necesita enviar la documentaci\u00f3n nuevamente, escriba a la direcci\u00f3n: info@furkamotors.com. Soporte t\u00e9cnico Las complicaciones t\u00e9cnicas no son frecuentes, pero en caso de ocurrir, puedes contactarnos. Puedes encontrar una lista de todos los potenciales problemas abajo. Se [&hellip;]<\/p>\n","protected":false},"author":1,"featured_media":2542,"parent":0,"menu_order":0,"comment_status":"closed","ping_status":"closed","template":"template-fullwidth.php","meta":{"footnotes":""},"class_list":["post-76","page","type-page","status-publish","has-post-thumbnail","hentry"],"yoast_head":"<!-- This site is optimized with the Yoast SEO plugin v24.8.1 - https:\/\/yoast.com\/wordpress\/plugins\/seo\/ -->\n<title>Soporte t\u00e9cnico | FURKA MOTORS<\/title>\n<meta name=\"robots\" content=\"index, follow, max-snippet:-1, max-image-preview:large, max-video-preview:-1\" \/>\n<link rel=\"canonical\" href=\"https:\/\/furkamotors.com\/es\/technicka-podpora\/\" \/>\n<meta property=\"og:locale\" content=\"es_ES\" \/>\n<meta property=\"og:locale:alternate\" content=\"en_US\" \/>\n<meta property=\"og:locale:alternate\" content=\"sk_SK\" \/>\n<meta property=\"og:locale:alternate\" content=\"it_IT\" \/>\n<meta property=\"og:type\" content=\"article\" \/>\n<meta property=\"og:title\" content=\"Soporte t\u00e9cnico\" \/>\n<meta property=\"og:description\" content=\"Sus documentos para descargar &#8211; instrucciones\/manual En el paquete recibi\u00f3 un manual impreso en ingl\u00e9s, incluida la documentaci\u00f3n, si necesita enviar la documentaci\u00f3n nuevamente, escriba a la direcci\u00f3n: info@furkamotors.com. Soporte t\u00e9cnico Las complicaciones t\u00e9cnicas no son frecuentes, pero en caso de ocurrir, puedes contactarnos. Puedes encontrar una lista de todos los potenciales problemas abajo. Se [&hellip;]\" \/>\n<meta property=\"og:url\" content=\"https:\/\/furkamotors.com\/es\/technicka-podpora\/\" \/>\n<meta property=\"og:site_name\" content=\"FURKA MOTORS\" \/>\n<meta property=\"article:publisher\" content=\"https:\/\/www.facebook.com\/furkamotors\" \/>\n<meta property=\"article:modified_time\" content=\"2024-01-22T11:37:15+00:00\" \/>\n<meta property=\"og:image\" content=\"https:\/\/furkamotors.com\/wp-content\/uploads\/2022\/10\/obrazok_2022-10-01_202843221-e1664649012130.png\" \/>\n\t<meta property=\"og:image:width\" content=\"928\" \/>\n\t<meta property=\"og:image:height\" content=\"893\" \/>\n\t<meta property=\"og:image:type\" content=\"image\/png\" \/>\n<meta name=\"twitter:card\" content=\"summary_large_image\" \/>\n<meta name=\"twitter:label1\" content=\"Tiempo de lectura\" \/>\n\t<meta name=\"twitter:data1\" content=\"5 minutos\" \/>\n<script type=\"application\/ld+json\" class=\"yoast-schema-graph\">{\"@context\":\"https:\/\/schema.org\",\"@graph\":[{\"@type\":\"WebPage\",\"@id\":\"https:\/\/furkamotors.com\/ita\/technicka-podpora\/\",\"url\":\"https:\/\/furkamotors.com\/ita\/technicka-podpora\/\",\"name\":\"Soporte t\u00e9cnico\",\"isPartOf\":{\"@id\":\"https:\/\/furkamotors.com\/#website\"},\"primaryImageOfPage\":{\"@id\":\"https:\/\/furkamotors.com\/ita\/technicka-podpora\/#primaryimage\"},\"image\":{\"@id\":\"https:\/\/furkamotors.com\/ita\/technicka-podpora\/#primaryimage\"},\"thumbnailUrl\":\"https:\/\/furkamotors.com\/wp-content\/uploads\/2022\/10\/obrazok_2022-10-01_202843221-e1664649012130.png\",\"datePublished\":\"2017-05-21T18:48:56+00:00\",\"dateModified\":\"2024-01-22T11:37:15+00:00\",\"inLanguage\":\"es-ES\",\"potentialAction\":[{\"@type\":\"ReadAction\",\"target\":[\"https:\/\/furkamotors.com\/ita\/technicka-podpora\/\"]}]},{\"@type\":\"ImageObject\",\"inLanguage\":\"es-ES\",\"@id\":\"https:\/\/furkamotors.com\/ita\/technicka-podpora\/#primaryimage\",\"url\":\"https:\/\/furkamotors.com\/wp-content\/uploads\/2022\/10\/obrazok_2022-10-01_202843221-e1664649012130.png\",\"contentUrl\":\"https:\/\/furkamotors.com\/wp-content\/uploads\/2022\/10\/obrazok_2022-10-01_202843221-e1664649012130.png\",\"width\":928,\"height\":893},{\"@type\":\"WebSite\",\"@id\":\"https:\/\/furkamotors.com\/#website\",\"url\":\"https:\/\/furkamotors.com\/\",\"name\":\"FURKA MOTORS\",\"description\":\"Estilo propio...\",\"publisher\":{\"@id\":\"https:\/\/furkamotors.com\/#organization\"},\"potentialAction\":[{\"@type\":\"SearchAction\",\"target\":{\"@type\":\"EntryPoint\",\"urlTemplate\":\"https:\/\/furkamotors.com\/?s={search_term_string}\"},\"query-input\":{\"@type\":\"PropertyValueSpecification\",\"valueRequired\":true,\"valueName\":\"search_term_string\"}}],\"inLanguage\":\"es-ES\"},{\"@type\":\"Organization\",\"@id\":\"https:\/\/furkamotors.com\/#organization\",\"name\":\"FURKA MOTORS\",\"url\":\"https:\/\/furkamotors.com\/\",\"logo\":{\"@type\":\"ImageObject\",\"inLanguage\":\"es-ES\",\"@id\":\"https:\/\/furkamotors.com\/#\/schema\/logo\/image\/\",\"url\":\"https:\/\/furkamotors.com\/wp-content\/uploads\/2022\/07\/logo-od2022.png\",\"contentUrl\":\"https:\/\/furkamotors.com\/wp-content\/uploads\/2022\/07\/logo-od2022.png\",\"width\":468,\"height\":462,\"caption\":\"FURKA MOTORS\"},\"image\":{\"@id\":\"https:\/\/furkamotors.com\/#\/schema\/logo\/image\/\"},\"sameAs\":[\"https:\/\/www.facebook.com\/furkamotors\"]}]}<\/script>\n<!-- \/ Yoast SEO plugin. -->","yoast_head_json":{"title":"Soporte t\u00e9cnico | FURKA MOTORS","robots":{"index":"index","follow":"follow","max-snippet":"max-snippet:-1","max-image-preview":"max-image-preview:large","max-video-preview":"max-video-preview:-1"},"canonical":"https:\/\/furkamotors.com\/es\/technicka-podpora\/","og_locale":"es_ES","og_type":"article","og_title":"[:en]Technical support[:sk]Technick\u00e1 podpora[:es]Soporte t\u00e9cnico[:ita]Supporto tecnico[:] | FURKA MOTORS","og_description":"Sus documentos para descargar &#8211; instrucciones\/manual En el paquete recibi\u00f3 un manual impreso en ingl\u00e9s, incluida la documentaci\u00f3n, si necesita enviar la documentaci\u00f3n nuevamente, escriba a la direcci\u00f3n: info@furkamotors.com. Soporte t\u00e9cnico Las complicaciones t\u00e9cnicas no son frecuentes, pero en caso de ocurrir, puedes contactarnos. Puedes encontrar una lista de todos los potenciales problemas abajo. Se [&hellip;]","og_url":"https:\/\/furkamotors.com\/es\/technicka-podpora\/","og_site_name":"FURKA MOTORS","article_publisher":"https:\/\/www.facebook.com\/furkamotors","article_modified_time":"2024-01-22T11:37:15+00:00","og_image":[{"width":928,"height":893,"url":"https:\/\/furkamotors.com\/wp-content\/uploads\/2022\/10\/obrazok_2022-10-01_202843221-e1664649012130.png","type":"image\/png"}],"twitter_card":"summary_large_image","twitter_misc":{"Tiempo de lectura":"5 minutos"},"schema":{"@context":"https:\/\/schema.org","@graph":[{"@type":"WebPage","@id":"https:\/\/furkamotors.com\/ita\/technicka-podpora\/","url":"https:\/\/furkamotors.com\/ita\/technicka-podpora\/","name":"Soporte t\u00e9cnico","isPartOf":{"@id":"https:\/\/furkamotors.com\/#website"},"primaryImageOfPage":{"@id":"https:\/\/furkamotors.com\/ita\/technicka-podpora\/#primaryimage"},"image":{"@id":"https:\/\/furkamotors.com\/ita\/technicka-podpora\/#primaryimage"},"thumbnailUrl":"https:\/\/furkamotors.com\/wp-content\/uploads\/2022\/10\/obrazok_2022-10-01_202843221-e1664649012130.png","datePublished":"2017-05-21T18:48:56+00:00","dateModified":"2024-01-22T11:37:15+00:00","inLanguage":"es-ES","potentialAction":[{"@type":"ReadAction","target":["https:\/\/furkamotors.com\/ita\/technicka-podpora\/"]}]},{"@type":"ImageObject","inLanguage":"es-ES","@id":"https:\/\/furkamotors.com\/ita\/technicka-podpora\/#primaryimage","url":"https:\/\/furkamotors.com\/wp-content\/uploads\/2022\/10\/obrazok_2022-10-01_202843221-e1664649012130.png","contentUrl":"https:\/\/furkamotors.com\/wp-content\/uploads\/2022\/10\/obrazok_2022-10-01_202843221-e1664649012130.png","width":928,"height":893},{"@type":"WebSite","@id":"https:\/\/furkamotors.com\/#website","url":"https:\/\/furkamotors.com\/","name":"FURKA MOTORS","description":"Estilo propio...","publisher":{"@id":"https:\/\/furkamotors.com\/#organization"},"potentialAction":[{"@type":"SearchAction","target":{"@type":"EntryPoint","urlTemplate":"https:\/\/furkamotors.com\/?s={search_term_string}"},"query-input":{"@type":"PropertyValueSpecification","valueRequired":true,"valueName":"search_term_string"}}],"inLanguage":"es-ES"},{"@type":"Organization","@id":"https:\/\/furkamotors.com\/#organization","name":"FURKA MOTORS","url":"https:\/\/furkamotors.com\/","logo":{"@type":"ImageObject","inLanguage":"es-ES","@id":"https:\/\/furkamotors.com\/#\/schema\/logo\/image\/","url":"https:\/\/furkamotors.com\/wp-content\/uploads\/2022\/07\/logo-od2022.png","contentUrl":"https:\/\/furkamotors.com\/wp-content\/uploads\/2022\/07\/logo-od2022.png","width":468,"height":462,"caption":"FURKA MOTORS"},"image":{"@id":"https:\/\/furkamotors.com\/#\/schema\/logo\/image\/"},"sameAs":["https:\/\/www.facebook.com\/furkamotors"]}]}},"_links":{"self":[{"href":"https:\/\/furkamotors.com\/es\/wp-json\/wp\/v2\/pages\/76","targetHints":{"allow":["GET"]}}],"collection":[{"href":"https:\/\/furkamotors.com\/es\/wp-json\/wp\/v2\/pages"}],"about":[{"href":"https:\/\/furkamotors.com\/es\/wp-json\/wp\/v2\/types\/page"}],"author":[{"embeddable":true,"href":"https:\/\/furkamotors.com\/es\/wp-json\/wp\/v2\/users\/1"}],"replies":[{"embeddable":true,"href":"https:\/\/furkamotors.com\/es\/wp-json\/wp\/v2\/comments?post=76"}],"version-history":[{"count":20,"href":"https:\/\/furkamotors.com\/es\/wp-json\/wp\/v2\/pages\/76\/revisions"}],"predecessor-version":[{"id":3649,"href":"https:\/\/furkamotors.com\/es\/wp-json\/wp\/v2\/pages\/76\/revisions\/3649"}],"wp:featuredmedia":[{"embeddable":true,"href":"https:\/\/furkamotors.com\/es\/wp-json\/wp\/v2\/media\/2542"}],"wp:attachment":[{"href":"https:\/\/furkamotors.com\/es\/wp-json\/wp\/v2\/media?parent=76"}],"curies":[{"name":"wp","href":"https:\/\/api.w.org\/{rel}","templated":true}]}}