{"id":74,"date":"2017-05-21T20:48:37","date_gmt":"2017-05-21T18:48:37","guid":{"rendered":"http:\/\/furkamotors.com\/?page_id=74"},"modified":"2024-08-02T15:35:26","modified_gmt":"2024-08-02T13:35:26","slug":"motobicykle-a-zakon","status":"publish","type":"page","link":"https:\/\/furkamotors.com\/es\/motobicykle-a-zakon\/","title":{"rendered":"Motobicycletas y marco legal"},"content":{"rendered":"<h3><strong><i class=\"fas fa-bicycle \" ><\/i> Conducci\u00f3n como una bicicleta normal<\/strong><\/h3>\n<p>La bicicleta es un veh\u00edculo no motorizado, m\u00e1s precisamente, cuenta con un motor auxiliar (EU 2018\/858). Por ello, no es obligatorio poseer una licencia de conducir para su uso, por lo tanto puedes pasear en ella libremente; tal como en una bicicleta normal.<\/p>\n<h3><strong><i class=\"fas fa-book-medical \" ><\/i> Cuida de ti y tambi\u00e9n de tu entorno<\/strong><\/h3>\n<p>Sin embargo, es necesario respetar las reglas de tr\u00e1nsito y no poner en riesgo al tr\u00e1fico en ninguna circunstancia. Puedes encontrar detalles de la regulaci\u00f3n legislativa actualizada en el sitio web del Ministerio. Sigue la legislaci\u00f3n vigente para evitar poner en riesgo la seguridad vial como tambi\u00e9n la tuya. No manejes en condiciones meteorol\u00f3gicas adversas o cuando el camino est\u00e9 mojado o resbaladizo, para as\u00ed evitar resbalones. Cuando el camino est\u00e9 mojado, pedregoso o en otras malas condiciones, te recomendamos usar los frenos traseros para desacelerar. T\u00fa eres el conductor, por eso eres completa e incondicionalmente responsable por tu veh\u00edculo y su uso.<\/p>\n<ul>\n<li><strong>Velocidad del dise\u00f1o:<\/strong> \u00a025 km\/h (velocidad m\u00e1xima de hasta 45 km\/h para garantizar la seguridad al girar y conducir cuesta arriba)\u00a0 &#8211; Seg\u00fan tu pa\u00eds de residencia<\/li>\n<li><strong>Volumen del motor : <\/strong>45 ccm &#8211; 85 ccm &#8211; Seg\u00fan tu pa\u00eds de residencia<\/li>\n<li><strong>Accesorio del motor:<\/strong> Sin ninguna intrusi\u00f3n en el marco (Rep\u00fablica Checa, algunos pa\u00edses de la UE).<\/li>\n<li><strong>Spojka:<\/strong> Autom\u00e1tico, 1 velocidad &#8211; \u00a0Seg\u00fan tu pa\u00eds de residencia<\/li>\n<li><strong>Potencia del motor: <\/strong>1,0 kW \u2013 3.5 kW &#8211; \u00a0Seg\u00fan tu pa\u00eds de residencia<\/li>\n<\/ul>\n<h3><strong><i class=\"fas fa-edit \" ><\/i> Ley y definiciones<\/strong><\/h3>\n<p>Si est\u00e1s interesado en m\u00e1s informaci\u00f3n, no dudes en <strong><span style=\"color: #0000ff;\"><a style=\"color: #0000ff;\" href=\"https:\/\/furkamotors.com\/es\/kontakt\/\" target=\"_blank\" rel=\"noopener\">contactar con nosotros<\/a>.<\/span><\/strong><\/p>\n<p>&nbsp;<\/p>\n","protected":false},"excerpt":{"rendered":"<p>Conducci\u00f3n como una bicicleta normal La bicicleta es un veh\u00edculo no motorizado, m\u00e1s precisamente, cuenta con un motor auxiliar (EU 2018\/858). Por ello, no es obligatorio poseer una licencia de conducir para su uso, por lo tanto puedes pasear en ella libremente; tal como en una bicicleta normal. Cuida de ti y tambi\u00e9n de tu [&hellip;]<\/p>\n","protected":false},"author":1,"featured_media":0,"parent":0,"menu_order":0,"comment_status":"closed","ping_status":"closed","template":"template-fullwidth.php","meta":{"footnotes":""},"class_list":["post-74","page","type-page","status-publish","hentry"],"yoast_head":"<!-- This site is optimized with the Yoast SEO plugin v24.8.1 - https:\/\/yoast.com\/wordpress\/plugins\/seo\/ -->\n<title>Motobicycletas y marco legal | FURKA MOTORS<\/title>\n<meta name=\"robots\" content=\"index, follow, max-snippet:-1, max-image-preview:large, max-video-preview:-1\" \/>\n<link rel=\"canonical\" href=\"https:\/\/furkamotors.com\/es\/motobicykle-a-zakon\/\" \/>\n<meta property=\"og:locale\" content=\"es_ES\" \/>\n<meta property=\"og:locale:alternate\" content=\"en_US\" \/>\n<meta property=\"og:locale:alternate\" content=\"sk_SK\" \/>\n<meta property=\"og:locale:alternate\" content=\"it_IT\" \/>\n<meta property=\"og:type\" content=\"article\" \/>\n<meta property=\"og:title\" content=\"Motobicycletas y marco legal\" \/>\n<meta property=\"og:description\" content=\"Conducci\u00f3n como una bicicleta normal La bicicleta es un veh\u00edculo no motorizado, m\u00e1s precisamente, cuenta con un motor auxiliar (EU 2018\/858). Por ello, no es obligatorio poseer una licencia de conducir para su uso, por lo tanto puedes pasear en ella libremente; tal como en una bicicleta normal. Cuida de ti y tambi\u00e9n de tu [&hellip;]\" \/>\n<meta property=\"og:url\" content=\"https:\/\/furkamotors.com\/es\/motobicykle-a-zakon\/\" \/>\n<meta property=\"og:site_name\" content=\"FURKA MOTORS\" \/>\n<meta property=\"article:publisher\" content=\"https:\/\/www.facebook.com\/furkamotors\" \/>\n<meta property=\"article:modified_time\" content=\"2024-08-02T13:35:26+00:00\" \/>\n<meta property=\"og:image\" content=\"https:\/\/furkamotors.com\/wp-content\/uploads\/2023\/09\/obrazok_2023-09-05_152755398.png\" \/>\n<meta name=\"twitter:card\" content=\"summary_large_image\" \/>\n<meta name=\"twitter:label1\" content=\"Tiempo de lectura\" \/>\n\t<meta name=\"twitter:data1\" content=\"3 minutos\" \/>\n<script type=\"application\/ld+json\" class=\"yoast-schema-graph\">{\"@context\":\"https:\/\/schema.org\",\"@graph\":[{\"@type\":\"WebPage\",\"@id\":\"https:\/\/furkamotors.com\/motobicykle-a-zakon\/\",\"url\":\"https:\/\/furkamotors.com\/motobicykle-a-zakon\/\",\"name\":\"Motobicycletas y marco legal\",\"isPartOf\":{\"@id\":\"https:\/\/furkamotors.com\/#website\"},\"primaryImageOfPage\":{\"@id\":\"https:\/\/furkamotors.com\/motobicykle-a-zakon\/#primaryimage\"},\"image\":{\"@id\":\"https:\/\/furkamotors.com\/motobicykle-a-zakon\/#primaryimage\"},\"thumbnailUrl\":\"https:\/\/furkamotors.com\/wp-content\/uploads\/2023\/09\/obrazok_2023-09-05_152755398.png\",\"datePublished\":\"2017-05-21T18:48:37+00:00\",\"dateModified\":\"2024-08-02T13:35:26+00:00\",\"inLanguage\":\"es-ES\",\"potentialAction\":[{\"@type\":\"ReadAction\",\"target\":[\"https:\/\/furkamotors.com\/motobicykle-a-zakon\/\"]}]},{\"@type\":\"ImageObject\",\"inLanguage\":\"es-ES\",\"@id\":\"https:\/\/furkamotors.com\/motobicykle-a-zakon\/#primaryimage\",\"url\":\"https:\/\/furkamotors.com\/wp-content\/uploads\/2023\/09\/obrazok_2023-09-05_152755398.png\",\"contentUrl\":\"https:\/\/furkamotors.com\/wp-content\/uploads\/2023\/09\/obrazok_2023-09-05_152755398.png\"},{\"@type\":\"WebSite\",\"@id\":\"https:\/\/furkamotors.com\/#website\",\"url\":\"https:\/\/furkamotors.com\/\",\"name\":\"FURKA MOTORS\",\"description\":\"Estilo propio...\",\"publisher\":{\"@id\":\"https:\/\/furkamotors.com\/#organization\"},\"potentialAction\":[{\"@type\":\"SearchAction\",\"target\":{\"@type\":\"EntryPoint\",\"urlTemplate\":\"https:\/\/furkamotors.com\/?s={search_term_string}\"},\"query-input\":{\"@type\":\"PropertyValueSpecification\",\"valueRequired\":true,\"valueName\":\"search_term_string\"}}],\"inLanguage\":\"es-ES\"},{\"@type\":\"Organization\",\"@id\":\"https:\/\/furkamotors.com\/#organization\",\"name\":\"FURKA MOTORS\",\"url\":\"https:\/\/furkamotors.com\/\",\"logo\":{\"@type\":\"ImageObject\",\"inLanguage\":\"es-ES\",\"@id\":\"https:\/\/furkamotors.com\/#\/schema\/logo\/image\/\",\"url\":\"https:\/\/furkamotors.com\/wp-content\/uploads\/2022\/07\/logo-od2022.png\",\"contentUrl\":\"https:\/\/furkamotors.com\/wp-content\/uploads\/2022\/07\/logo-od2022.png\",\"width\":468,\"height\":462,\"caption\":\"FURKA MOTORS\"},\"image\":{\"@id\":\"https:\/\/furkamotors.com\/#\/schema\/logo\/image\/\"},\"sameAs\":[\"https:\/\/www.facebook.com\/furkamotors\"]}]}<\/script>\n<!-- \/ Yoast SEO plugin. -->","yoast_head_json":{"title":"Motobicycletas y marco legal | FURKA MOTORS","robots":{"index":"index","follow":"follow","max-snippet":"max-snippet:-1","max-image-preview":"max-image-preview:large","max-video-preview":"max-video-preview:-1"},"canonical":"https:\/\/furkamotors.com\/es\/motobicykle-a-zakon\/","og_locale":"es_ES","og_type":"article","og_title":"[:en]The law[:sk]Motobicykle a z\u00e1kon[:es]Motobicycletas y marco legal[:ita]La legge[:] | FURKA MOTORS","og_description":"Conducci\u00f3n como una bicicleta normal La bicicleta es un veh\u00edculo no motorizado, m\u00e1s precisamente, cuenta con un motor auxiliar (EU 2018\/858). Por ello, no es obligatorio poseer una licencia de conducir para su uso, por lo tanto puedes pasear en ella libremente; tal como en una bicicleta normal. Cuida de ti y tambi\u00e9n de tu [&hellip;]","og_url":"https:\/\/furkamotors.com\/es\/motobicykle-a-zakon\/","og_site_name":"FURKA MOTORS","article_publisher":"https:\/\/www.facebook.com\/furkamotors","article_modified_time":"2024-08-02T13:35:26+00:00","og_image":[{"url":"https:\/\/furkamotors.com\/wp-content\/uploads\/2023\/09\/obrazok_2023-09-05_152755398.png","type":"","width":"","height":""}],"twitter_card":"summary_large_image","twitter_misc":{"Tiempo de lectura":"3 minutos"},"schema":{"@context":"https:\/\/schema.org","@graph":[{"@type":"WebPage","@id":"https:\/\/furkamotors.com\/motobicykle-a-zakon\/","url":"https:\/\/furkamotors.com\/motobicykle-a-zakon\/","name":"Motobicycletas y marco legal","isPartOf":{"@id":"https:\/\/furkamotors.com\/#website"},"primaryImageOfPage":{"@id":"https:\/\/furkamotors.com\/motobicykle-a-zakon\/#primaryimage"},"image":{"@id":"https:\/\/furkamotors.com\/motobicykle-a-zakon\/#primaryimage"},"thumbnailUrl":"https:\/\/furkamotors.com\/wp-content\/uploads\/2023\/09\/obrazok_2023-09-05_152755398.png","datePublished":"2017-05-21T18:48:37+00:00","dateModified":"2024-08-02T13:35:26+00:00","inLanguage":"es-ES","potentialAction":[{"@type":"ReadAction","target":["https:\/\/furkamotors.com\/motobicykle-a-zakon\/"]}]},{"@type":"ImageObject","inLanguage":"es-ES","@id":"https:\/\/furkamotors.com\/motobicykle-a-zakon\/#primaryimage","url":"https:\/\/furkamotors.com\/wp-content\/uploads\/2023\/09\/obrazok_2023-09-05_152755398.png","contentUrl":"https:\/\/furkamotors.com\/wp-content\/uploads\/2023\/09\/obrazok_2023-09-05_152755398.png"},{"@type":"WebSite","@id":"https:\/\/furkamotors.com\/#website","url":"https:\/\/furkamotors.com\/","name":"FURKA MOTORS","description":"Estilo propio...","publisher":{"@id":"https:\/\/furkamotors.com\/#organization"},"potentialAction":[{"@type":"SearchAction","target":{"@type":"EntryPoint","urlTemplate":"https:\/\/furkamotors.com\/?s={search_term_string}"},"query-input":{"@type":"PropertyValueSpecification","valueRequired":true,"valueName":"search_term_string"}}],"inLanguage":"es-ES"},{"@type":"Organization","@id":"https:\/\/furkamotors.com\/#organization","name":"FURKA MOTORS","url":"https:\/\/furkamotors.com\/","logo":{"@type":"ImageObject","inLanguage":"es-ES","@id":"https:\/\/furkamotors.com\/#\/schema\/logo\/image\/","url":"https:\/\/furkamotors.com\/wp-content\/uploads\/2022\/07\/logo-od2022.png","contentUrl":"https:\/\/furkamotors.com\/wp-content\/uploads\/2022\/07\/logo-od2022.png","width":468,"height":462,"caption":"FURKA MOTORS"},"image":{"@id":"https:\/\/furkamotors.com\/#\/schema\/logo\/image\/"},"sameAs":["https:\/\/www.facebook.com\/furkamotors"]}]}},"_links":{"self":[{"href":"https:\/\/furkamotors.com\/es\/wp-json\/wp\/v2\/pages\/74","targetHints":{"allow":["GET"]}}],"collection":[{"href":"https:\/\/furkamotors.com\/es\/wp-json\/wp\/v2\/pages"}],"about":[{"href":"https:\/\/furkamotors.com\/es\/wp-json\/wp\/v2\/types\/page"}],"author":[{"embeddable":true,"href":"https:\/\/furkamotors.com\/es\/wp-json\/wp\/v2\/users\/1"}],"replies":[{"embeddable":true,"href":"https:\/\/furkamotors.com\/es\/wp-json\/wp\/v2\/comments?post=74"}],"version-history":[{"count":46,"href":"https:\/\/furkamotors.com\/es\/wp-json\/wp\/v2\/pages\/74\/revisions"}],"predecessor-version":[{"id":3789,"href":"https:\/\/furkamotors.com\/es\/wp-json\/wp\/v2\/pages\/74\/revisions\/3789"}],"wp:attachment":[{"href":"https:\/\/furkamotors.com\/es\/wp-json\/wp\/v2\/media?parent=74"}],"curies":[{"name":"wp","href":"https:\/\/api.w.org\/{rel}","templated":true}]}}