{"id":72,"date":"2017-05-21T20:48:05","date_gmt":"2017-05-21T18:48:05","guid":{"rendered":"http:\/\/furkamotors.com\/?page_id=72"},"modified":"2024-01-22T11:58:59","modified_gmt":"2024-01-22T10:58:59","slug":"mapa-kde-uz-jazdime","status":"publish","type":"page","link":"https:\/\/furkamotors.com\/es\/mapa-kde-uz-jazdime\/","title":{"rendered":"Mapa donde conduces FURKAMOTORS"},"content":{"rendered":"<div id=\"pl-72\"  class=\"panel-layout\" ><div id=\"pg-72-0\"  class=\"panel-grid panel-no-style\" ><div id=\"pgc-72-0-0\"  class=\"panel-grid-cell\" ><div id=\"panel-72-0-0-0\" class=\"so-panel widget widget_sow-editor panel-first-child panel-last-child\" data-index=\"0\" ><div\n\t\t\t\n\t\t\tclass=\"so-widget-sow-editor so-widget-sow-editor-base\"\n\t\t\t\n\t\t>\n<div class=\"siteorigin-widget-tinymce textwidget\">\n\t<div class=\"su-animate\" style=\"opacity:0;-webkit-animation-duration:2s;-webkit-animation-delay:0.1s;animation-duration:2s;animation-delay:0.1s;\" data-animation=\"fadeIn\" data-duration=\"2\" data-delay=\"0.1\"><div class=\"su-note\"  style=\"border-color:#a5e54c;border-radius:8px;-moz-border-radius:8px;-webkit-border-radius:8px;\"><div class=\"su-note-inner su-u-clearfix su-u-trim\" style=\"background-color:#bfff66;border-color:#ffffff;color:#333333;border-radius:8px;-moz-border-radius:8px;-webkit-border-radius:8px;\"><i class=\"fas fa-info-circle \" ><\/i>\u00a0 <i class=\"far fa-check-circle \" ><\/i> TAMBI\u00c9N CONDUCIMOS EN TU PA\u00cdS (verificaci\u00f3n por geolocalizaci\u00f3n aproximada) <\/div><\/div><\/div>\n<\/div>\n<\/div><\/div><\/div><\/div><div id=\"pg-72-1\"  class=\"panel-grid panel-no-style\" ><div id=\"pgc-72-1-0\"  class=\"panel-grid-cell\" ><div id=\"panel-72-1-0-0\" class=\"so-panel widget widget_sow-editor panel-first-child panel-last-child\" data-index=\"1\" ><div\n\t\t\t\n\t\t\tclass=\"so-widget-sow-editor so-widget-sow-editor-base\"\n\t\t\t\n\t\t>\n<div class=\"siteorigin-widget-tinymce textwidget\">\n\t<h3><strong>Tambi\u00e9n conducimos en...<\/strong><\/h3>\n<p><strong><u><i class=\"fas fa-globe-africa \" ><\/i> EUROPE (+400 motobicycles)<\/u><\/strong><br \/>\nEslovaquia, Rep\u00fablica Checa<br \/>\nAustria, Hungr\u00eda<br \/>\nAlemania, Francia...<br \/>\nEspa\u00f1a, Portugal<br \/>\nItalia, Suecia...<br \/>\nDinamarca, Noruega...<br \/>\nInglaterra, Irlanda<br \/>\nGrecia, Croacia...<br \/>\nBulgaria, Ruman\u00eda...<\/p>\n<p><strong><u><i class=\"fas fa-globe-americas \" ><\/i> AMERICA (+40 motobicicletas)<\/u><\/strong><br \/>\nCuba, Canad\u00e1, Estados Unidos<\/p>\n<p><strong><u><i class=\"fas fa-globe-asia \" ><\/i> ASIA (+26 motobicicletas)<\/u><\/strong><br \/>\nRusia, Turqu\u00eda<\/p>\n<p><strong><u><i class=\"fas fa-globe-africa \" ><\/i> \u00c1FRICA (16 motobicicletas)<\/u><\/strong><br \/>\nEgipto<\/p>\n<p><strong><u><i class=\"fas fa-globe-asia \" ><\/i> OC\u011aANO PAC\u00cdFICO (31 motobicicletas)<\/u><\/strong><br \/>\nAustralia, Nueva Zelanda<\/p>\n<\/div>\n<\/div><\/div><\/div><div id=\"pgc-72-1-1\"  class=\"panel-grid-cell\" ><div id=\"panel-72-1-1-0\" class=\"so-panel widget widget_sow-editor panel-first-child panel-last-child\" data-index=\"2\" ><div\n\t\t\t\n\t\t\tclass=\"so-widget-sow-editor so-widget-sow-editor-base\"\n\t\t\t\n\t\t>\n<div class=\"siteorigin-widget-tinymce textwidget\">\n\t<h3><strong>Los pa\u00edses donde puedes encontrar nuestras motobicycletas se muestran en el mapa..<\/strong><\/h3>\n<p><span style=\"color: #0000ff;\"><a style=\"color: #0000ff;\" href=\"https:\/\/www.furkamotors.com\/images\/map_furkamotors.png\" target=\"_blank\" rel=\"noopener\">(haga clic aqu\u00ed para tama\u00f1o completo\/ampliaci\u00f3n) <i class=\"fas fa-map-marked-alt \" ><\/i><\/a><\/span><br \/>\n<a href=\"https:\/\/www.furkamotors.com\/images\/map_furkamotors.png\" target=\"_blank\" rel=\"noopener\"><img loading=\"lazy\" decoding=\"async\" class=\"alignnone wp-image-2344 size-full\" src=\"http:\/\/furkamotors.com\/wp-content\/uploads\/2022\/10\/furkamotors-in-the-world.jpg\" alt=\"\" width=\"1024\" height=\"539\" srcset=\"https:\/\/furkamotors.com\/wp-content\/uploads\/2022\/10\/furkamotors-in-the-world.jpg 1024w, https:\/\/furkamotors.com\/wp-content\/uploads\/2022\/10\/furkamotors-in-the-world-600x316.jpg 600w, https:\/\/furkamotors.com\/wp-content\/uploads\/2022\/10\/furkamotors-in-the-world-768x404.jpg 768w, https:\/\/furkamotors.com\/wp-content\/uploads\/2022\/10\/furkamotors-in-the-world-555x292.jpg 555w\" sizes=\"auto, (max-width: 1024px) 100vw, 1024px\" \/><\/a><\/p>\n<\/div>\n<\/div><\/div><\/div><\/div><\/div>","protected":false},"excerpt":{"rendered":"<p>Tambi\u00e9n conducimos en&#8230; EUROPE (+400 motobicycles) Eslovaquia, Rep\u00fablica Checa Austria, Hungr\u00eda Alemania, Francia&#8230; Espa\u00f1a, Portugal Italia, Suecia&#8230; Dinamarca, Noruega&#8230; Inglaterra, Irlanda Grecia, Croacia&#8230; Bulgaria, Ruman\u00eda&#8230; AMERICA (+40 motobicicletas) Cuba, Canad\u00e1, Estados Unidos ASIA (+26 motobicicletas) Rusia, Turqu\u00eda \u00c1FRICA (16 motobicicletas) Egipto OC\u011aANO PAC\u00cdFICO (31 motobicicletas) Australia, Nueva Zelanda Los pa\u00edses donde puedes encontrar nuestras motobicycletas [&hellip;]<\/p>\n","protected":false},"author":1,"featured_media":0,"parent":0,"menu_order":0,"comment_status":"closed","ping_status":"closed","template":"template-fullwidth.php","meta":{"footnotes":""},"class_list":["post-72","page","type-page","status-publish","hentry"],"yoast_head":"<!-- This site is optimized with the Yoast SEO plugin v24.8.1 - https:\/\/yoast.com\/wordpress\/plugins\/seo\/ -->\n<title>Mapa donde conduces FURKAMOTORS | FURKA MOTORS<\/title>\n<meta name=\"robots\" content=\"index, follow, max-snippet:-1, max-image-preview:large, max-video-preview:-1\" \/>\n<link rel=\"canonical\" href=\"https:\/\/furkamotors.com\/es\/mapa-kde-uz-jazdime\/\" \/>\n<meta property=\"og:locale\" content=\"es_ES\" \/>\n<meta property=\"og:locale:alternate\" content=\"en_US\" \/>\n<meta property=\"og:locale:alternate\" content=\"sk_SK\" \/>\n<meta property=\"og:locale:alternate\" content=\"it_IT\" \/>\n<meta property=\"og:type\" content=\"article\" \/>\n<meta property=\"og:title\" content=\"Mapa donde conduces FURKAMOTORS\" \/>\n<meta property=\"og:description\" content=\"Tambi\u00e9n conducimos en... EUROPE (+400 motobicycles) Eslovaquia, Rep\u00fablica Checa Austria, Hungr\u00eda Alemania, Francia... Espa\u00f1a, Portugal Italia, Suecia... Dinamarca, Noruega... Inglaterra, Irlanda Grecia, Croacia... Bulgaria, Ruman\u00eda... AMERICA (+40 motobicicletas) Cuba, Canad\u00e1, Estados Unidos ASIA (+26 motobicicletas) Rusia, Turqu\u00eda \u00c1FRICA (16 motobicicletas) Egipto OC\u011aANO PAC\u00cdFICO (31 motobicicletas) Australia, Nueva Zelanda Los pa\u00edses donde puedes encontrar nuestras motobicycletas [&hellip;]\" \/>\n<meta property=\"og:url\" content=\"https:\/\/furkamotors.com\/es\/mapa-kde-uz-jazdime\/\" \/>\n<meta property=\"og:site_name\" content=\"FURKA MOTORS\" \/>\n<meta property=\"article:publisher\" content=\"https:\/\/www.facebook.com\/furkamotors\" \/>\n<meta property=\"article:modified_time\" content=\"2024-01-22T10:58:59+00:00\" \/>\n<meta property=\"og:image\" content=\"http:\/\/furkamotors.com\/wp-content\/uploads\/2022\/10\/furkamotors-in-the-world.jpg\" \/>\n<meta name=\"twitter:card\" content=\"summary_large_image\" \/>\n<meta name=\"twitter:label1\" content=\"Tiempo de lectura\" \/>\n\t<meta name=\"twitter:data1\" content=\"1 minuto\" \/>\n<script type=\"application\/ld+json\" class=\"yoast-schema-graph\">{\"@context\":\"https:\/\/schema.org\",\"@graph\":[{\"@type\":\"WebPage\",\"@id\":\"https:\/\/furkamotors.com\/ita\/mapa-kde-uz-jazdime\/\",\"url\":\"https:\/\/furkamotors.com\/ita\/mapa-kde-uz-jazdime\/\",\"name\":\"Mapa donde conduces FURKAMOTORS\",\"isPartOf\":{\"@id\":\"https:\/\/furkamotors.com\/#website\"},\"primaryImageOfPage\":{\"@id\":\"https:\/\/furkamotors.com\/ita\/mapa-kde-uz-jazdime\/#primaryimage\"},\"image\":{\"@id\":\"https:\/\/furkamotors.com\/ita\/mapa-kde-uz-jazdime\/#primaryimage\"},\"thumbnailUrl\":\"http:\/\/furkamotors.com\/wp-content\/uploads\/2022\/10\/furkamotors-in-the-world.jpg\",\"datePublished\":\"2017-05-21T18:48:05+00:00\",\"dateModified\":\"2024-01-22T10:58:59+00:00\",\"inLanguage\":\"es-ES\",\"potentialAction\":[{\"@type\":\"ReadAction\",\"target\":[\"https:\/\/furkamotors.com\/ita\/mapa-kde-uz-jazdime\/\"]}]},{\"@type\":\"ImageObject\",\"inLanguage\":\"es-ES\",\"@id\":\"https:\/\/furkamotors.com\/ita\/mapa-kde-uz-jazdime\/#primaryimage\",\"url\":\"http:\/\/furkamotors.com\/wp-content\/uploads\/2022\/10\/furkamotors-in-the-world.jpg\",\"contentUrl\":\"http:\/\/furkamotors.com\/wp-content\/uploads\/2022\/10\/furkamotors-in-the-world.jpg\"},{\"@type\":\"WebSite\",\"@id\":\"https:\/\/furkamotors.com\/#website\",\"url\":\"https:\/\/furkamotors.com\/\",\"name\":\"FURKA MOTORS\",\"description\":\"Estilo propio...\",\"publisher\":{\"@id\":\"https:\/\/furkamotors.com\/#organization\"},\"potentialAction\":[{\"@type\":\"SearchAction\",\"target\":{\"@type\":\"EntryPoint\",\"urlTemplate\":\"https:\/\/furkamotors.com\/?s={search_term_string}\"},\"query-input\":{\"@type\":\"PropertyValueSpecification\",\"valueRequired\":true,\"valueName\":\"search_term_string\"}}],\"inLanguage\":\"es-ES\"},{\"@type\":\"Organization\",\"@id\":\"https:\/\/furkamotors.com\/#organization\",\"name\":\"FURKA MOTORS\",\"url\":\"https:\/\/furkamotors.com\/\",\"logo\":{\"@type\":\"ImageObject\",\"inLanguage\":\"es-ES\",\"@id\":\"https:\/\/furkamotors.com\/#\/schema\/logo\/image\/\",\"url\":\"https:\/\/furkamotors.com\/wp-content\/uploads\/2022\/07\/logo-od2022.png\",\"contentUrl\":\"https:\/\/furkamotors.com\/wp-content\/uploads\/2022\/07\/logo-od2022.png\",\"width\":468,\"height\":462,\"caption\":\"FURKA MOTORS\"},\"image\":{\"@id\":\"https:\/\/furkamotors.com\/#\/schema\/logo\/image\/\"},\"sameAs\":[\"https:\/\/www.facebook.com\/furkamotors\"]}]}<\/script>\n<!-- \/ Yoast SEO plugin. -->","yoast_head_json":{"title":"Mapa donde conduces FURKAMOTORS | FURKA MOTORS","robots":{"index":"index","follow":"follow","max-snippet":"max-snippet:-1","max-image-preview":"max-image-preview:large","max-video-preview":"max-video-preview:-1"},"canonical":"https:\/\/furkamotors.com\/es\/mapa-kde-uz-jazdime\/","og_locale":"es_ES","og_type":"article","og_title":"[:en]Map where you can find FURKAMOTORS[:sk]Mapa kde u\u017e jazd\u00edte[:es]Mapa donde conduces FURKAMOTORS[:ita]Mappa dove puoi trovare FURKAMOTORS[:] | FURKA MOTORS","og_description":"Tambi\u00e9n conducimos en... EUROPE (+400 motobicycles) Eslovaquia, Rep\u00fablica Checa Austria, Hungr\u00eda Alemania, Francia... Espa\u00f1a, Portugal Italia, Suecia... Dinamarca, Noruega... Inglaterra, Irlanda Grecia, Croacia... Bulgaria, Ruman\u00eda... AMERICA (+40 motobicicletas) Cuba, Canad\u00e1, Estados Unidos ASIA (+26 motobicicletas) Rusia, Turqu\u00eda \u00c1FRICA (16 motobicicletas) Egipto OC\u011aANO PAC\u00cdFICO (31 motobicicletas) Australia, Nueva Zelanda Los pa\u00edses donde puedes encontrar nuestras motobicycletas [&hellip;]","og_url":"https:\/\/furkamotors.com\/es\/mapa-kde-uz-jazdime\/","og_site_name":"FURKA MOTORS","article_publisher":"https:\/\/www.facebook.com\/furkamotors","article_modified_time":"2024-01-22T10:58:59+00:00","og_image":[{"url":"http:\/\/furkamotors.com\/wp-content\/uploads\/2022\/10\/furkamotors-in-the-world.jpg","type":"","width":"","height":""}],"twitter_card":"summary_large_image","twitter_misc":{"Tiempo de lectura":"1 minuto"},"schema":{"@context":"https:\/\/schema.org","@graph":[{"@type":"WebPage","@id":"https:\/\/furkamotors.com\/ita\/mapa-kde-uz-jazdime\/","url":"https:\/\/furkamotors.com\/ita\/mapa-kde-uz-jazdime\/","name":"Mapa donde conduces FURKAMOTORS","isPartOf":{"@id":"https:\/\/furkamotors.com\/#website"},"primaryImageOfPage":{"@id":"https:\/\/furkamotors.com\/ita\/mapa-kde-uz-jazdime\/#primaryimage"},"image":{"@id":"https:\/\/furkamotors.com\/ita\/mapa-kde-uz-jazdime\/#primaryimage"},"thumbnailUrl":"http:\/\/furkamotors.com\/wp-content\/uploads\/2022\/10\/furkamotors-in-the-world.jpg","datePublished":"2017-05-21T18:48:05+00:00","dateModified":"2024-01-22T10:58:59+00:00","inLanguage":"es-ES","potentialAction":[{"@type":"ReadAction","target":["https:\/\/furkamotors.com\/ita\/mapa-kde-uz-jazdime\/"]}]},{"@type":"ImageObject","inLanguage":"es-ES","@id":"https:\/\/furkamotors.com\/ita\/mapa-kde-uz-jazdime\/#primaryimage","url":"http:\/\/furkamotors.com\/wp-content\/uploads\/2022\/10\/furkamotors-in-the-world.jpg","contentUrl":"http:\/\/furkamotors.com\/wp-content\/uploads\/2022\/10\/furkamotors-in-the-world.jpg"},{"@type":"WebSite","@id":"https:\/\/furkamotors.com\/#website","url":"https:\/\/furkamotors.com\/","name":"FURKA MOTORS","description":"Estilo propio...","publisher":{"@id":"https:\/\/furkamotors.com\/#organization"},"potentialAction":[{"@type":"SearchAction","target":{"@type":"EntryPoint","urlTemplate":"https:\/\/furkamotors.com\/?s={search_term_string}"},"query-input":{"@type":"PropertyValueSpecification","valueRequired":true,"valueName":"search_term_string"}}],"inLanguage":"es-ES"},{"@type":"Organization","@id":"https:\/\/furkamotors.com\/#organization","name":"FURKA MOTORS","url":"https:\/\/furkamotors.com\/","logo":{"@type":"ImageObject","inLanguage":"es-ES","@id":"https:\/\/furkamotors.com\/#\/schema\/logo\/image\/","url":"https:\/\/furkamotors.com\/wp-content\/uploads\/2022\/07\/logo-od2022.png","contentUrl":"https:\/\/furkamotors.com\/wp-content\/uploads\/2022\/07\/logo-od2022.png","width":468,"height":462,"caption":"FURKA MOTORS"},"image":{"@id":"https:\/\/furkamotors.com\/#\/schema\/logo\/image\/"},"sameAs":["https:\/\/www.facebook.com\/furkamotors"]}]}},"_links":{"self":[{"href":"https:\/\/furkamotors.com\/es\/wp-json\/wp\/v2\/pages\/72","targetHints":{"allow":["GET"]}}],"collection":[{"href":"https:\/\/furkamotors.com\/es\/wp-json\/wp\/v2\/pages"}],"about":[{"href":"https:\/\/furkamotors.com\/es\/wp-json\/wp\/v2\/types\/page"}],"author":[{"embeddable":true,"href":"https:\/\/furkamotors.com\/es\/wp-json\/wp\/v2\/users\/1"}],"replies":[{"embeddable":true,"href":"https:\/\/furkamotors.com\/es\/wp-json\/wp\/v2\/comments?post=72"}],"version-history":[{"count":60,"href":"https:\/\/furkamotors.com\/es\/wp-json\/wp\/v2\/pages\/72\/revisions"}],"predecessor-version":[{"id":3619,"href":"https:\/\/furkamotors.com\/es\/wp-json\/wp\/v2\/pages\/72\/revisions\/3619"}],"wp:attachment":[{"href":"https:\/\/furkamotors.com\/es\/wp-json\/wp\/v2\/media?parent=72"}],"curies":[{"name":"wp","href":"https:\/\/api.w.org\/{rel}","templated":true}]}}