{"id":68,"date":"2017-05-21T20:47:03","date_gmt":"2017-05-21T18:47:03","guid":{"rendered":"http:\/\/furkamotors.com\/?page_id=68"},"modified":"2024-01-22T12:40:52","modified_gmt":"2024-01-22T11:40:52","slug":"podmienky","status":"publish","type":"page","link":"https:\/\/furkamotors.com\/es\/podmienky\/","title":{"rendered":"T\u00e9rminos y condiciones"},"content":{"rendered":"<h3>T\u00e9rminos y condiciones de FURKA s.r.o.<\/h3>\n<p>PDF: <i class=\"far fa-file-pdf \" ><\/i> <strong><span style=\"color: #0000ff;\"><a style=\"color: #0000ff;\" href=\"http:\/\/furkamotors.com\/wp-content\/uploads\/2022\/10\/Obchodne-podmienky-2022-v5.pdf\">Obchodne-podmienky-2022-v5.pdf<\/a><\/span><\/strong> (0,3 MB)<\/p>\n<h3>CONDICIONES DE USUARIO DE LOS PRODUCTOS DE FURKAMOTOR<\/h3>\n<p>Al obtener el producto, usted acepta conocer las condiciones de reparaci\u00f3n del servicio. No es posible devolver las bicicletas despu\u00e9s de haberlas montado, ya que se fabrican espec\u00edficamente seg\u00fan su pedido. No obstante, puede utilizar nuestro servicio, que es gratuito en algunos casos (defectos raros como resultado del proceso de producci\u00f3n, de los que nos estamos deshaciendo continuamente).<\/p>\n<p>Las condiciones v\u00e1lidas establecidas en este sitio web est\u00e1n escritas en idioma eslovaco. Nos reservamos el derecho de modificarlos o ampliarlos. Puede solicitar la versi\u00f3n completa en info@furkamotors.com.<\/p>\n<p>La p\u00e1gina web furkamotors.com junto con los productos FURKAMOTORS solo se puede utilizar en la aceptaci\u00f3n de las disposiciones legales del pa\u00eds donde se utiliza la moto o cualquier otro producto.<\/p>\n<p>Los productos cumplen con la estandarizaci\u00f3n legal, homologaci\u00f3n y normas t\u00e9cnicas de la Uni\u00f3n Europea, USA y Canad\u00e1. El propietario asume la responsabilidad total e incondicional del mantenimiento del producto y su estabilidad t\u00e9cnica mediante la instalaci\u00f3n de un carburador, conducci\u00f3n o cualquier otro uso del producto. La versi\u00f3n completa de las condiciones t\u00e9cnicas, reclamos, reclamos de servicio y otros reclamos se entrega en papel junto con el producto.<\/p>\n<p>De acuerdo con las directivas, es posible reclamar una reparaci\u00f3n gratuita del motor de combusti\u00f3n en un m\u00e1ximo de 30 d\u00edas a partir del d\u00eda de recepci\u00f3n del producto. Sin embargo, el servicio de reclamaci\u00f3n no se aplica a los da\u00f1os mec\u00e1nicos graves.<\/p>\n<h3>SEGURIDAD DE LA INFORMACI\u00d3N PERSONAL<\/h3>\n<p>La seguridad de la informaci\u00f3n personal sigue las leyes de la Rep\u00fablica Eslovaca y las normas vigentes de la Uni\u00f3n Europea. Estamos obligados a no difundir o compartir con ning\u00fan tercero la informaci\u00f3n que nos ha proporcionado. La informaci\u00f3n se almacena solo por un per\u00edodo de tiempo inmediato necesario para la comunicaci\u00f3n con el cliente. La informaci\u00f3n proporcionada se utiliza exclusivamente para procesar su pedido o comunicaci\u00f3n. Toda informaci\u00f3n sobre su pedido o visita a la p\u00e1gina ser\u00e1 eliminada a m\u00e1s tardar 120 d\u00edas despu\u00e9s de haberla obtenido (VER RGPD DETALLADO)<\/p>\n<h3>ARCHIVOS DE COOKIES<\/h3>\n<p>Los archivos de cookies de la p\u00e1gina web de FURKAMOTORS.COM se utilizan para procesar los pedidos y mostrar la configuraci\u00f3n de su cuenta.<\/p>\n<h3>USO DE LA WEB<\/h3>\n<p>Su cuenta de usuario contiene una lista de los pedidos que ha realizado. No es posible utilizarlo de forma diferente a como lo dan los elementos interactivos b\u00e1sicos de estos sitios web. En caso de que el uso de la web cause alg\u00fan da\u00f1o, se reclamar\u00e1 una compensaci\u00f3n del precio total.<\/p>\n<p>Solo la versi\u00f3n eslovaca de esta p\u00e1gina es v\u00e1lida para uso oficial.<\/p>\n","protected":false},"excerpt":{"rendered":"<p>T\u00e9rminos y condiciones de FURKA s.r.o. PDF: Obchodne-podmienky-2022-v5.pdf (0,3 MB) CONDICIONES DE USUARIO DE LOS PRODUCTOS DE FURKAMOTOR Al obtener el producto, usted acepta conocer las condiciones de reparaci\u00f3n del servicio. No es posible devolver las bicicletas despu\u00e9s de haberlas montado, ya que se fabrican espec\u00edficamente seg\u00fan su pedido. No obstante, puede utilizar nuestro servicio, [&hellip;]<\/p>\n","protected":false},"author":1,"featured_media":2535,"parent":0,"menu_order":0,"comment_status":"closed","ping_status":"closed","template":"template-fullwidth.php","meta":{"footnotes":""},"class_list":["post-68","page","type-page","status-publish","has-post-thumbnail","hentry"],"yoast_head":"<!-- This site is optimized with the Yoast SEO plugin v24.8.1 - https:\/\/yoast.com\/wordpress\/plugins\/seo\/ -->\n<title>T\u00e9rminos y condiciones | FURKA MOTORS<\/title>\n<meta name=\"robots\" content=\"index, follow, max-snippet:-1, max-image-preview:large, max-video-preview:-1\" \/>\n<link rel=\"canonical\" href=\"https:\/\/furkamotors.com\/es\/podmienky\/\" \/>\n<meta property=\"og:locale\" content=\"es_ES\" \/>\n<meta property=\"og:locale:alternate\" content=\"en_US\" \/>\n<meta property=\"og:locale:alternate\" content=\"sk_SK\" \/>\n<meta property=\"og:locale:alternate\" content=\"it_IT\" \/>\n<meta property=\"og:type\" content=\"article\" \/>\n<meta property=\"og:title\" content=\"T\u00e9rminos y condiciones\" \/>\n<meta property=\"og:description\" content=\"T\u00e9rminos y condiciones de FURKA s.r.o. PDF: Obchodne-podmienky-2022-v5.pdf (0,3 MB) CONDICIONES DE USUARIO DE LOS PRODUCTOS DE FURKAMOTOR Al obtener el producto, usted acepta conocer las condiciones de reparaci\u00f3n del servicio. No es posible devolver las bicicletas despu\u00e9s de haberlas montado, ya que se fabrican espec\u00edficamente seg\u00fan su pedido. No obstante, puede utilizar nuestro servicio, [&hellip;]\" \/>\n<meta property=\"og:url\" content=\"https:\/\/furkamotors.com\/es\/podmienky\/\" \/>\n<meta property=\"og:site_name\" content=\"FURKA MOTORS\" \/>\n<meta property=\"article:publisher\" content=\"https:\/\/www.facebook.com\/furkamotors\" \/>\n<meta property=\"article:modified_time\" content=\"2024-01-22T11:40:52+00:00\" \/>\n<meta property=\"og:image\" content=\"https:\/\/furkamotors.com\/wp-content\/uploads\/2022\/10\/obrazok_2022-10-01_202216892.png\" \/>\n\t<meta property=\"og:image:width\" content=\"500\" \/>\n\t<meta property=\"og:image:height\" content=\"500\" \/>\n\t<meta property=\"og:image:type\" content=\"image\/png\" \/>\n<meta name=\"twitter:card\" content=\"summary_large_image\" \/>\n<meta name=\"twitter:label1\" content=\"Tiempo de lectura\" \/>\n\t<meta name=\"twitter:data1\" content=\"3 minutos\" \/>\n<script type=\"application\/ld+json\" class=\"yoast-schema-graph\">{\"@context\":\"https:\/\/schema.org\",\"@graph\":[{\"@type\":\"WebPage\",\"@id\":\"https:\/\/furkamotors.com\/ita\/podmienky\/\",\"url\":\"https:\/\/furkamotors.com\/ita\/podmienky\/\",\"name\":\"T\u00e9rminos y condiciones\",\"isPartOf\":{\"@id\":\"https:\/\/furkamotors.com\/#website\"},\"primaryImageOfPage\":{\"@id\":\"https:\/\/furkamotors.com\/ita\/podmienky\/#primaryimage\"},\"image\":{\"@id\":\"https:\/\/furkamotors.com\/ita\/podmienky\/#primaryimage\"},\"thumbnailUrl\":\"https:\/\/furkamotors.com\/wp-content\/uploads\/2022\/10\/obrazok_2022-10-01_202216892.png\",\"datePublished\":\"2017-05-21T18:47:03+00:00\",\"dateModified\":\"2024-01-22T11:40:52+00:00\",\"inLanguage\":\"es-ES\",\"potentialAction\":[{\"@type\":\"ReadAction\",\"target\":[\"https:\/\/furkamotors.com\/ita\/podmienky\/\"]}]},{\"@type\":\"ImageObject\",\"inLanguage\":\"es-ES\",\"@id\":\"https:\/\/furkamotors.com\/ita\/podmienky\/#primaryimage\",\"url\":\"https:\/\/furkamotors.com\/wp-content\/uploads\/2022\/10\/obrazok_2022-10-01_202216892.png\",\"contentUrl\":\"https:\/\/furkamotors.com\/wp-content\/uploads\/2022\/10\/obrazok_2022-10-01_202216892.png\",\"width\":500,\"height\":500},{\"@type\":\"WebSite\",\"@id\":\"https:\/\/furkamotors.com\/#website\",\"url\":\"https:\/\/furkamotors.com\/\",\"name\":\"FURKA MOTORS\",\"description\":\"Estilo propio...\",\"publisher\":{\"@id\":\"https:\/\/furkamotors.com\/#organization\"},\"potentialAction\":[{\"@type\":\"SearchAction\",\"target\":{\"@type\":\"EntryPoint\",\"urlTemplate\":\"https:\/\/furkamotors.com\/?s={search_term_string}\"},\"query-input\":{\"@type\":\"PropertyValueSpecification\",\"valueRequired\":true,\"valueName\":\"search_term_string\"}}],\"inLanguage\":\"es-ES\"},{\"@type\":\"Organization\",\"@id\":\"https:\/\/furkamotors.com\/#organization\",\"name\":\"FURKA MOTORS\",\"url\":\"https:\/\/furkamotors.com\/\",\"logo\":{\"@type\":\"ImageObject\",\"inLanguage\":\"es-ES\",\"@id\":\"https:\/\/furkamotors.com\/#\/schema\/logo\/image\/\",\"url\":\"https:\/\/furkamotors.com\/wp-content\/uploads\/2022\/07\/logo-od2022.png\",\"contentUrl\":\"https:\/\/furkamotors.com\/wp-content\/uploads\/2022\/07\/logo-od2022.png\",\"width\":468,\"height\":462,\"caption\":\"FURKA MOTORS\"},\"image\":{\"@id\":\"https:\/\/furkamotors.com\/#\/schema\/logo\/image\/\"},\"sameAs\":[\"https:\/\/www.facebook.com\/furkamotors\"]}]}<\/script>\n<!-- \/ Yoast SEO plugin. -->","yoast_head_json":{"title":"T\u00e9rminos y condiciones | FURKA MOTORS","robots":{"index":"index","follow":"follow","max-snippet":"max-snippet:-1","max-image-preview":"max-image-preview:large","max-video-preview":"max-video-preview:-1"},"canonical":"https:\/\/furkamotors.com\/es\/podmienky\/","og_locale":"es_ES","og_type":"article","og_title":"[:en]Terms and conditions & protection of personal data[:sk]Obchodn\u00e9 podmienky a ochrana osobn\u00fdch \u00fadajov[:es]T\u00e9rminos y condiciones[:ita]Termini e condizioni e protezione dei dati personali[:] | FURKA MOTORS","og_description":"T\u00e9rminos y condiciones de FURKA s.r.o. PDF: Obchodne-podmienky-2022-v5.pdf (0,3 MB) CONDICIONES DE USUARIO DE LOS PRODUCTOS DE FURKAMOTOR Al obtener el producto, usted acepta conocer las condiciones de reparaci\u00f3n del servicio. No es posible devolver las bicicletas despu\u00e9s de haberlas montado, ya que se fabrican espec\u00edficamente seg\u00fan su pedido. No obstante, puede utilizar nuestro servicio, [&hellip;]","og_url":"https:\/\/furkamotors.com\/es\/podmienky\/","og_site_name":"FURKA MOTORS","article_publisher":"https:\/\/www.facebook.com\/furkamotors","article_modified_time":"2024-01-22T11:40:52+00:00","og_image":[{"width":500,"height":500,"url":"https:\/\/furkamotors.com\/wp-content\/uploads\/2022\/10\/obrazok_2022-10-01_202216892.png","type":"image\/png"}],"twitter_card":"summary_large_image","twitter_misc":{"Tiempo de lectura":"3 minutos"},"schema":{"@context":"https:\/\/schema.org","@graph":[{"@type":"WebPage","@id":"https:\/\/furkamotors.com\/ita\/podmienky\/","url":"https:\/\/furkamotors.com\/ita\/podmienky\/","name":"T\u00e9rminos y condiciones","isPartOf":{"@id":"https:\/\/furkamotors.com\/#website"},"primaryImageOfPage":{"@id":"https:\/\/furkamotors.com\/ita\/podmienky\/#primaryimage"},"image":{"@id":"https:\/\/furkamotors.com\/ita\/podmienky\/#primaryimage"},"thumbnailUrl":"https:\/\/furkamotors.com\/wp-content\/uploads\/2022\/10\/obrazok_2022-10-01_202216892.png","datePublished":"2017-05-21T18:47:03+00:00","dateModified":"2024-01-22T11:40:52+00:00","inLanguage":"es-ES","potentialAction":[{"@type":"ReadAction","target":["https:\/\/furkamotors.com\/ita\/podmienky\/"]}]},{"@type":"ImageObject","inLanguage":"es-ES","@id":"https:\/\/furkamotors.com\/ita\/podmienky\/#primaryimage","url":"https:\/\/furkamotors.com\/wp-content\/uploads\/2022\/10\/obrazok_2022-10-01_202216892.png","contentUrl":"https:\/\/furkamotors.com\/wp-content\/uploads\/2022\/10\/obrazok_2022-10-01_202216892.png","width":500,"height":500},{"@type":"WebSite","@id":"https:\/\/furkamotors.com\/#website","url":"https:\/\/furkamotors.com\/","name":"FURKA MOTORS","description":"Estilo propio...","publisher":{"@id":"https:\/\/furkamotors.com\/#organization"},"potentialAction":[{"@type":"SearchAction","target":{"@type":"EntryPoint","urlTemplate":"https:\/\/furkamotors.com\/?s={search_term_string}"},"query-input":{"@type":"PropertyValueSpecification","valueRequired":true,"valueName":"search_term_string"}}],"inLanguage":"es-ES"},{"@type":"Organization","@id":"https:\/\/furkamotors.com\/#organization","name":"FURKA MOTORS","url":"https:\/\/furkamotors.com\/","logo":{"@type":"ImageObject","inLanguage":"es-ES","@id":"https:\/\/furkamotors.com\/#\/schema\/logo\/image\/","url":"https:\/\/furkamotors.com\/wp-content\/uploads\/2022\/07\/logo-od2022.png","contentUrl":"https:\/\/furkamotors.com\/wp-content\/uploads\/2022\/07\/logo-od2022.png","width":468,"height":462,"caption":"FURKA MOTORS"},"image":{"@id":"https:\/\/furkamotors.com\/#\/schema\/logo\/image\/"},"sameAs":["https:\/\/www.facebook.com\/furkamotors"]}]}},"_links":{"self":[{"href":"https:\/\/furkamotors.com\/es\/wp-json\/wp\/v2\/pages\/68","targetHints":{"allow":["GET"]}}],"collection":[{"href":"https:\/\/furkamotors.com\/es\/wp-json\/wp\/v2\/pages"}],"about":[{"href":"https:\/\/furkamotors.com\/es\/wp-json\/wp\/v2\/types\/page"}],"author":[{"embeddable":true,"href":"https:\/\/furkamotors.com\/es\/wp-json\/wp\/v2\/users\/1"}],"replies":[{"embeddable":true,"href":"https:\/\/furkamotors.com\/es\/wp-json\/wp\/v2\/comments?post=68"}],"version-history":[{"count":29,"href":"https:\/\/furkamotors.com\/es\/wp-json\/wp\/v2\/pages\/68\/revisions"}],"predecessor-version":[{"id":3652,"href":"https:\/\/furkamotors.com\/es\/wp-json\/wp\/v2\/pages\/68\/revisions\/3652"}],"wp:featuredmedia":[{"embeddable":true,"href":"https:\/\/furkamotors.com\/es\/wp-json\/wp\/v2\/media\/2535"}],"wp:attachment":[{"href":"https:\/\/furkamotors.com\/es\/wp-json\/wp\/v2\/media?parent=68"}],"curies":[{"name":"wp","href":"https:\/\/api.w.org\/{rel}","templated":true}]}}