{"id":66,"date":"2017-05-21T20:46:44","date_gmt":"2017-05-21T18:46:44","guid":{"rendered":"http:\/\/furkamotors.com\/?page_id=66"},"modified":"2024-01-22T11:36:03","modified_gmt":"2024-01-22T10:36:03","slug":"o-nas","status":"publish","type":"page","link":"https:\/\/furkamotors.com\/es\/o-nas\/","title":{"rendered":"Sobre nosotros"},"content":{"rendered":"<div id=\"pl-66\"  class=\"panel-layout\" ><div id=\"pg-66-0\"  class=\"panel-grid panel-no-style\" ><div id=\"pgc-66-0-0\"  class=\"panel-grid-cell\" ><div id=\"panel-66-0-0-0\" class=\"so-panel widget widget_sow-editor panel-first-child panel-last-child\" data-index=\"0\" ><div\n\t\t\t\n\t\t\tclass=\"so-widget-sow-editor so-widget-sow-editor-base\"\n\t\t\t\n\t\t>\n<div class=\"siteorigin-widget-tinymce textwidget\">\n\t<h3>As\u00ed comenz\u00f3<\/h3>\n<p>FURKAMOTORS empez\u00f3 como un proyecto estudiantil de motobicicletas baratas y potentes. Comenzamos produciendo algunas de nuestras motobicicletas. Luego del inter\u00e9s de algunos amigos, comenzamos el montaje de otras bicicletas junto con ellos. Estamos muy contentos de que te gusten nuestros productos. Gracias a eso, intentamos constantemente expandir nuestros servicios para ti. Revisa donde puedes encontrar nuestras motobicicletas:<span style=\"color: #0000ff;\"> <a style=\"color: #0000ff;\" href=\"https:\/\/furkamotors.com\/es\/mapa-kde-uz-jazdime\/\" target=\"_blank\" rel=\"noopener\">MAPA <i class=\"fas fa-map-marked \" ><\/i><\/a><\/span>.<\/p>\n<p><img loading=\"lazy\" decoding=\"async\" class=\"aligncenter  wp-image-2360\" src=\"https:\/\/furkamotors.com\/wp-content\/uploads\/2022\/10\/made-in-eu.jpg\" alt=\"\" width=\"144\" height=\"142\" \/><\/p>\n<p>&nbsp;<\/p>\n<h3>\u00bfCu\u00e1nto tiempo tom\u00f3?<\/h3>\n<p>El desarrollo de la primera motobicicleta tom\u00f3 casi tres a\u00f1os. Al comienzo, durante la construcci\u00f3n de nuestras propias bicicletas, usamos componentes libremente disponibles para nuestros montajes. Pero luego de algunos a\u00f1os, nos dimos cuenta de que necesit\u00e1bamos hacer todo por nuestra cuenta, seg\u00fan nuestras ideas y dise\u00f1os. Nuestra experticia en f\u00edsica y bioqu\u00edmica nos ayud\u00f3 a producir motores nuevos y de alta calidad. Fue un largo y dif\u00edcil camino, pero hemos aprendido de nuestros errores y ahora somos capaces de entregarte motobicicletas confiables y bien construidas. Esperamos que quedes satisfecho.<\/p>\n<h3>Nuestros objetivos<\/h3>\n<p>Nuestra siguiente meta en la que estamos trabajando es producir un autom\u00f3vil el\u00e9ctrico. Ya contamos con el material para el armaz\u00f3n, pero seguimos trabajando en una fuente de energ\u00eda adecuada; ya que las alternativas disponibles no nos satisfacen. Gracias a ti podremos terminar este proyecto, por eso estamos muy agradecidos por tu apoyo. Samuel Furka y Daniel Furka<\/p>\n<p>&nbsp;<\/p>\n<p><img loading=\"lazy\" decoding=\"async\" class=\"aligncenter  wp-image-371\" src=\"https:\/\/furkamotors.com\/wp-content\/uploads\/2017\/06\/19420320_969448946530756_4867244975681574514_n.jpg\" alt=\"\" width=\"819\" height=\"545\" srcset=\"https:\/\/furkamotors.com\/wp-content\/uploads\/2017\/06\/19420320_969448946530756_4867244975681574514_n.jpg 960w, https:\/\/furkamotors.com\/wp-content\/uploads\/2017\/06\/19420320_969448946530756_4867244975681574514_n-555x369.jpg 555w, https:\/\/furkamotors.com\/wp-content\/uploads\/2017\/06\/19420320_969448946530756_4867244975681574514_n-600x399.jpg 600w, https:\/\/furkamotors.com\/wp-content\/uploads\/2017\/06\/19420320_969448946530756_4867244975681574514_n-768x511.jpg 768w, https:\/\/furkamotors.com\/wp-content\/uploads\/2017\/06\/19420320_969448946530756_4867244975681574514_n-750x500.jpg 750w\" sizes=\"auto, (max-width: 819px) 100vw, 819px\" \/><\/p>\n<\/div>\n<\/div><\/div><\/div><\/div><div id=\"pg-66-1\"  class=\"panel-grid panel-no-style\" ><div id=\"pgc-66-1-0\"  class=\"panel-grid-cell\" ><div id=\"panel-66-1-0-0\" class=\"so-panel widget widget_sow-editor panel-first-child panel-last-child\" data-index=\"1\" ><div\n\t\t\t\n\t\t\tclass=\"so-widget-sow-editor so-widget-sow-editor-base\"\n\t\t\t\n\t\t>\n<div class=\"siteorigin-widget-tinymce textwidget\">\n\t<h3><strong>FURKA S.R.O. \/ FURKA LIMITED<\/strong><\/h3>\n<p>N\u00famero de identificaci\u00f3n\/I\u010cO: 51789418, Bratislava,<br \/>\nDirecci\u00f3n para la correspondencia: Pri \u0160ajb\u00e1ch 20, 83106 Bratislava, Slovakia<br \/>\nLa empresa est\u00e1 inscrita en el Registro Mercantil del Tribunal de Distrito de Bratislava I, inserte no. <strong>129398\/B<\/strong><\/p>\n<h3><strong>Navegar para m\u00e1s informaci\u00f3n<\/strong><\/h3>\n<ul>\n<li><span style=\"color: #0000ff;\"><a style=\"color: #0000ff;\" href=\"https:\/\/furkamotors.com\/es\/kontakt\/\"><b>Detalles de contacto<\/b><\/a><\/span><\/li>\n<li><span style=\"color: #0000ff;\"><a style=\"color: #0000ff;\" href=\"https:\/\/furkamotors.com\/es\/platba\/\"><b>Pago y entrega<\/b><\/a><\/span><\/li>\n<\/ul>\n<\/div>\n<\/div><\/div><\/div><div id=\"pgc-66-1-1\"  class=\"panel-grid-cell\" ><div id=\"panel-66-1-1-0\" class=\"so-panel widget widget_sow-editor panel-first-child panel-last-child\" data-index=\"2\" ><div\n\t\t\t\n\t\t\tclass=\"so-widget-sow-editor so-widget-sow-editor-base\"\n\t\t\t\n\t\t>\n<div class=\"siteorigin-widget-tinymce textwidget\">\n\t<p><img loading=\"lazy\" decoding=\"async\" class=\"wp-image-2360 aligncenter\" src=\"https:\/\/furkamotors.com\/wp-content\/uploads\/2022\/10\/made-in-eu.jpg\" alt=\"\" width=\"235\" height=\"232\" \/><\/p>\n<\/div>\n<\/div><\/div><\/div><\/div><\/div>","protected":false},"excerpt":{"rendered":"<p>As\u00ed comenz\u00f3 FURKAMOTORS empez\u00f3 como un proyecto estudiantil de motobicicletas baratas y potentes. Comenzamos produciendo algunas de nuestras motobicicletas. Luego del inter\u00e9s de algunos amigos, comenzamos el montaje de otras bicicletas junto con ellos. Estamos muy contentos de que te gusten nuestros productos. Gracias a eso, intentamos constantemente expandir nuestros servicios para ti. Revisa donde [&hellip;]<\/p>\n","protected":false},"author":1,"featured_media":2555,"parent":0,"menu_order":0,"comment_status":"closed","ping_status":"closed","template":"template-fullwidth.php","meta":{"footnotes":""},"class_list":["post-66","page","type-page","status-publish","has-post-thumbnail","hentry"],"yoast_head":"<!-- This site is optimized with the Yoast SEO plugin v24.8.1 - https:\/\/yoast.com\/wordpress\/plugins\/seo\/ -->\n<title>Sobre nosotros | FURKA MOTORS<\/title>\n<meta name=\"robots\" content=\"index, follow, max-snippet:-1, max-image-preview:large, max-video-preview:-1\" \/>\n<link rel=\"canonical\" href=\"https:\/\/furkamotors.com\/es\/o-nas\/\" \/>\n<meta property=\"og:locale\" content=\"es_ES\" \/>\n<meta property=\"og:locale:alternate\" content=\"en_US\" \/>\n<meta property=\"og:locale:alternate\" content=\"sk_SK\" \/>\n<meta property=\"og:locale:alternate\" content=\"it_IT\" \/>\n<meta property=\"og:type\" content=\"article\" \/>\n<meta property=\"og:title\" content=\"Sobre nosotros\" \/>\n<meta property=\"og:description\" content=\"As\u00ed comenz\u00f3 FURKAMOTORS empez\u00f3 como un proyecto estudiantil de motobicicletas baratas y potentes. Comenzamos produciendo algunas de nuestras motobicicletas. Luego del inter\u00e9s de algunos amigos, comenzamos el montaje de otras bicicletas junto con ellos. Estamos muy contentos de que te gusten nuestros productos. Gracias a eso, intentamos constantemente expandir nuestros servicios para ti. Revisa donde [&hellip;]\" \/>\n<meta property=\"og:url\" content=\"https:\/\/furkamotors.com\/es\/o-nas\/\" \/>\n<meta property=\"og:site_name\" content=\"FURKA MOTORS\" \/>\n<meta property=\"article:publisher\" content=\"https:\/\/www.facebook.com\/furkamotors\" \/>\n<meta property=\"article:modified_time\" content=\"2024-01-22T10:36:03+00:00\" \/>\n<meta property=\"og:image\" content=\"https:\/\/furkamotors.com\/wp-content\/uploads\/2022\/10\/19467957_1446153525469486_1247470023007948517_o-scaled-e1664649546866.jpg\" \/>\n\t<meta property=\"og:image:width\" content=\"2534\" \/>\n\t<meta property=\"og:image:height\" content=\"627\" \/>\n\t<meta property=\"og:image:type\" content=\"image\/jpeg\" \/>\n<meta name=\"twitter:card\" content=\"summary_large_image\" \/>\n<meta name=\"twitter:label1\" content=\"Tiempo de lectura\" \/>\n\t<meta name=\"twitter:data1\" content=\"3 minutos\" \/>\n<script type=\"application\/ld+json\" class=\"yoast-schema-graph\">{\"@context\":\"https:\/\/schema.org\",\"@graph\":[{\"@type\":\"WebPage\",\"@id\":\"https:\/\/furkamotors.com\/ita\/o-nas\/\",\"url\":\"https:\/\/furkamotors.com\/ita\/o-nas\/\",\"name\":\"Sobre nosotros\",\"isPartOf\":{\"@id\":\"https:\/\/furkamotors.com\/#website\"},\"primaryImageOfPage\":{\"@id\":\"https:\/\/furkamotors.com\/ita\/o-nas\/#primaryimage\"},\"image\":{\"@id\":\"https:\/\/furkamotors.com\/ita\/o-nas\/#primaryimage\"},\"thumbnailUrl\":\"https:\/\/furkamotors.com\/wp-content\/uploads\/2022\/10\/19467957_1446153525469486_1247470023007948517_o-scaled-e1664649546866.jpg\",\"datePublished\":\"2017-05-21T18:46:44+00:00\",\"dateModified\":\"2024-01-22T10:36:03+00:00\",\"inLanguage\":\"es-ES\",\"potentialAction\":[{\"@type\":\"ReadAction\",\"target\":[\"https:\/\/furkamotors.com\/ita\/o-nas\/\"]}]},{\"@type\":\"ImageObject\",\"inLanguage\":\"es-ES\",\"@id\":\"https:\/\/furkamotors.com\/ita\/o-nas\/#primaryimage\",\"url\":\"https:\/\/furkamotors.com\/wp-content\/uploads\/2022\/10\/19467957_1446153525469486_1247470023007948517_o-scaled-e1664649546866.jpg\",\"contentUrl\":\"https:\/\/furkamotors.com\/wp-content\/uploads\/2022\/10\/19467957_1446153525469486_1247470023007948517_o-scaled-e1664649546866.jpg\",\"width\":2534,\"height\":627},{\"@type\":\"WebSite\",\"@id\":\"https:\/\/furkamotors.com\/#website\",\"url\":\"https:\/\/furkamotors.com\/\",\"name\":\"FURKA MOTORS\",\"description\":\"Estilo propio...\",\"publisher\":{\"@id\":\"https:\/\/furkamotors.com\/#organization\"},\"potentialAction\":[{\"@type\":\"SearchAction\",\"target\":{\"@type\":\"EntryPoint\",\"urlTemplate\":\"https:\/\/furkamotors.com\/?s={search_term_string}\"},\"query-input\":{\"@type\":\"PropertyValueSpecification\",\"valueRequired\":true,\"valueName\":\"search_term_string\"}}],\"inLanguage\":\"es-ES\"},{\"@type\":\"Organization\",\"@id\":\"https:\/\/furkamotors.com\/#organization\",\"name\":\"FURKA MOTORS\",\"url\":\"https:\/\/furkamotors.com\/\",\"logo\":{\"@type\":\"ImageObject\",\"inLanguage\":\"es-ES\",\"@id\":\"https:\/\/furkamotors.com\/#\/schema\/logo\/image\/\",\"url\":\"https:\/\/furkamotors.com\/wp-content\/uploads\/2022\/07\/logo-od2022.png\",\"contentUrl\":\"https:\/\/furkamotors.com\/wp-content\/uploads\/2022\/07\/logo-od2022.png\",\"width\":468,\"height\":462,\"caption\":\"FURKA MOTORS\"},\"image\":{\"@id\":\"https:\/\/furkamotors.com\/#\/schema\/logo\/image\/\"},\"sameAs\":[\"https:\/\/www.facebook.com\/furkamotors\"]}]}<\/script>\n<!-- \/ Yoast SEO plugin. -->","yoast_head_json":{"title":"Sobre nosotros | FURKA MOTORS","robots":{"index":"index","follow":"follow","max-snippet":"max-snippet:-1","max-image-preview":"max-image-preview:large","max-video-preview":"max-video-preview:-1"},"canonical":"https:\/\/furkamotors.com\/es\/o-nas\/","og_locale":"es_ES","og_type":"article","og_title":"[:en]About us[:sk]O n\u00e1s[:es]Sobre nosotros[:ita]Chi siamo[:] | FURKA MOTORS","og_description":"As\u00ed comenz\u00f3 FURKAMOTORS empez\u00f3 como un proyecto estudiantil de motobicicletas baratas y potentes. Comenzamos produciendo algunas de nuestras motobicicletas. Luego del inter\u00e9s de algunos amigos, comenzamos el montaje de otras bicicletas junto con ellos. Estamos muy contentos de que te gusten nuestros productos. Gracias a eso, intentamos constantemente expandir nuestros servicios para ti. Revisa donde [&hellip;]","og_url":"https:\/\/furkamotors.com\/es\/o-nas\/","og_site_name":"FURKA MOTORS","article_publisher":"https:\/\/www.facebook.com\/furkamotors","article_modified_time":"2024-01-22T10:36:03+00:00","og_image":[{"width":2534,"height":627,"url":"https:\/\/furkamotors.com\/wp-content\/uploads\/2022\/10\/19467957_1446153525469486_1247470023007948517_o-scaled-e1664649546866.jpg","type":"image\/jpeg"}],"twitter_card":"summary_large_image","twitter_misc":{"Tiempo de lectura":"3 minutos"},"schema":{"@context":"https:\/\/schema.org","@graph":[{"@type":"WebPage","@id":"https:\/\/furkamotors.com\/ita\/o-nas\/","url":"https:\/\/furkamotors.com\/ita\/o-nas\/","name":"Sobre nosotros","isPartOf":{"@id":"https:\/\/furkamotors.com\/#website"},"primaryImageOfPage":{"@id":"https:\/\/furkamotors.com\/ita\/o-nas\/#primaryimage"},"image":{"@id":"https:\/\/furkamotors.com\/ita\/o-nas\/#primaryimage"},"thumbnailUrl":"https:\/\/furkamotors.com\/wp-content\/uploads\/2022\/10\/19467957_1446153525469486_1247470023007948517_o-scaled-e1664649546866.jpg","datePublished":"2017-05-21T18:46:44+00:00","dateModified":"2024-01-22T10:36:03+00:00","inLanguage":"es-ES","potentialAction":[{"@type":"ReadAction","target":["https:\/\/furkamotors.com\/ita\/o-nas\/"]}]},{"@type":"ImageObject","inLanguage":"es-ES","@id":"https:\/\/furkamotors.com\/ita\/o-nas\/#primaryimage","url":"https:\/\/furkamotors.com\/wp-content\/uploads\/2022\/10\/19467957_1446153525469486_1247470023007948517_o-scaled-e1664649546866.jpg","contentUrl":"https:\/\/furkamotors.com\/wp-content\/uploads\/2022\/10\/19467957_1446153525469486_1247470023007948517_o-scaled-e1664649546866.jpg","width":2534,"height":627},{"@type":"WebSite","@id":"https:\/\/furkamotors.com\/#website","url":"https:\/\/furkamotors.com\/","name":"FURKA MOTORS","description":"Estilo propio...","publisher":{"@id":"https:\/\/furkamotors.com\/#organization"},"potentialAction":[{"@type":"SearchAction","target":{"@type":"EntryPoint","urlTemplate":"https:\/\/furkamotors.com\/?s={search_term_string}"},"query-input":{"@type":"PropertyValueSpecification","valueRequired":true,"valueName":"search_term_string"}}],"inLanguage":"es-ES"},{"@type":"Organization","@id":"https:\/\/furkamotors.com\/#organization","name":"FURKA MOTORS","url":"https:\/\/furkamotors.com\/","logo":{"@type":"ImageObject","inLanguage":"es-ES","@id":"https:\/\/furkamotors.com\/#\/schema\/logo\/image\/","url":"https:\/\/furkamotors.com\/wp-content\/uploads\/2022\/07\/logo-od2022.png","contentUrl":"https:\/\/furkamotors.com\/wp-content\/uploads\/2022\/07\/logo-od2022.png","width":468,"height":462,"caption":"FURKA MOTORS"},"image":{"@id":"https:\/\/furkamotors.com\/#\/schema\/logo\/image\/"},"sameAs":["https:\/\/www.facebook.com\/furkamotors"]}]}},"_links":{"self":[{"href":"https:\/\/furkamotors.com\/es\/wp-json\/wp\/v2\/pages\/66","targetHints":{"allow":["GET"]}}],"collection":[{"href":"https:\/\/furkamotors.com\/es\/wp-json\/wp\/v2\/pages"}],"about":[{"href":"https:\/\/furkamotors.com\/es\/wp-json\/wp\/v2\/types\/page"}],"author":[{"embeddable":true,"href":"https:\/\/furkamotors.com\/es\/wp-json\/wp\/v2\/users\/1"}],"replies":[{"embeddable":true,"href":"https:\/\/furkamotors.com\/es\/wp-json\/wp\/v2\/comments?post=66"}],"version-history":[{"count":85,"href":"https:\/\/furkamotors.com\/es\/wp-json\/wp\/v2\/pages\/66\/revisions"}],"predecessor-version":[{"id":3601,"href":"https:\/\/furkamotors.com\/es\/wp-json\/wp\/v2\/pages\/66\/revisions\/3601"}],"wp:featuredmedia":[{"embeddable":true,"href":"https:\/\/furkamotors.com\/es\/wp-json\/wp\/v2\/media\/2555"}],"wp:attachment":[{"href":"https:\/\/furkamotors.com\/es\/wp-json\/wp\/v2\/media?parent=66"}],"curies":[{"name":"wp","href":"https:\/\/api.w.org\/{rel}","templated":true}]}}