{"id":389,"date":"2017-06-29T18:43:38","date_gmt":"2017-06-29T16:43:38","guid":{"rendered":"http:\/\/furkamotors.com\/?page_id=389"},"modified":"2024-01-22T12:33:41","modified_gmt":"2024-01-22T11:33:41","slug":"vyroba","status":"publish","type":"page","link":"https:\/\/furkamotors.com\/es\/vyroba\/","title":{"rendered":"Producci\u00f3n"},"content":{"rendered":"<h3><strong>\u00bfCu\u00e1nto tiempo se tarda desde el pedido hasta el env\u00edo y la entrega?<\/strong><\/h3>\n<p>La producci\u00f3n de tu motobicicleta comenzar\u00e1 una vez recibido el pago. El tiempo de construcci\u00f3n puede variar, pero toma usualmente entre 2 a 5 semanas, dependiendo del tiempo de comprobaci\u00f3n requerido para la motobicicleta. Los pedidos individuales van a una lista de espera (no m\u00e1s de 2 d\u00edas de atraso). Sin embargo, no te desesperes, hacemos esto para garantizarte un uso del producto sin inconvenientes, el cual ha sido totalmente chequeado antes del env\u00edo. El tiempo total de la ruta debe calcularse como:<br \/>\n<strong><span style=\"color: #800080;\">Tiempo de espera<\/span><\/strong> + <strong><span style=\"color: #ff6600;\">Tiempo de env\u00edo <span style=\"color: #000000;\">= El tiempo de entrega<\/span><\/span><\/strong><\/p>\n<h3><strong><span style=\"color: #800080;\">Tiempo de espera<\/span> actual, de la versi\u00f3n de color negro<\/strong><\/h3>\n<div class=\"su-animate\" style=\"opacity:0;-webkit-animation-duration:2s;-webkit-animation-delay:0.1s;animation-duration:2s;animation-delay:0.1s;\" data-animation=\"fadeIn\" data-duration=\"2\" data-delay=\"0.1\"><div class=\"su-note\"  style=\"border-color:#a5e54c;border-radius:8px;-moz-border-radius:8px;-webkit-border-radius:8px;\"><div class=\"su-note-inner su-u-clearfix su-u-trim\" style=\"background-color:#bfff66;border-color:#ffffff;color:#333333;border-radius:8px;-moz-border-radius:8px;-webkit-border-radius:8px;\"><i class=\"fas fa-info-circle \" ><\/i> <i class=\"far fa-clock \" ><\/i> El tiempo de espera para el env\u00edo de la moto es de 1-2 semanas despu\u00e9s de recibir el pago (este valor ha sido verificado: <strong><span style=\"color: #ff0000;\">hoy a las 03:52<\/span><\/strong> ) <\/div><\/div><\/div>\n<h3><strong><span style=\"color: #800080;\">Tiempo de espera<\/span> actual, incluida la pintura en el color elegido<\/strong><\/h3>\n<div class=\"su-animate\" style=\"opacity:0;-webkit-animation-duration:2s;-webkit-animation-delay:0.1s;animation-duration:2s;animation-delay:0.1s;\" data-animation=\"fadeIn\" data-duration=\"2\" data-delay=\"0.1\"><div class=\"su-note\"  style=\"border-color:#a5e54c;border-radius:8px;-moz-border-radius:8px;-webkit-border-radius:8px;\"><div class=\"su-note-inner su-u-clearfix su-u-trim\" style=\"background-color:#bfff66;border-color:#ffffff;color:#333333;border-radius:8px;-moz-border-radius:8px;-webkit-border-radius:8px;\"><i class=\"fas fa-info-circle \" ><\/i> <i class=\"far fa-clock \" ><\/i> El tiempo de espera para el env\u00edo de la moto es de 4-5 semanas despu\u00e9s de recibir el pago (este valor ha sido verificado: <strong><span style=\"color: #ff0000;\">hoy a las 03:56<\/span><\/strong>\u00a0) <\/div><\/div><\/div>\n<h3><strong><span style=\"color: #ff6600;\">Tiempo de env\u00edo <span style=\"color: #000000;\">requerido por la oficina de correos para la entrega<\/span><\/span><\/strong><\/h3>\n<p>La entrega por correo postal se realiza de la siguiente manera<\/p>\n<ul>\n<li style=\"list-style-type: none;\">\n<ul>\n<li><strong>Eslovaquia:<\/strong> 2 d\u00edas laborables, <span style=\"color: #008000;\">env\u00edo gratis<\/span><\/li>\n<li><strong>Rep\u00fablica Checa:<\/strong> 4-6 d\u00edas laborables, <span style=\"color: #008000;\">env\u00edo gratis<\/span><\/li>\n<li><strong>Espa\u00f1a, Italia:<\/strong> 4-12 d\u00edas laborables, <span style=\"color: #008000;\">env\u00edo gratis<\/span><\/li>\n<li><strong>Resto de la Uni\u00f3n Europea e Inglaterra:<\/strong> 5 &#8211; 13 d\u00edas laborables, <span style=\"color: #008000;\">env\u00edo gratis<\/span><\/li>\n<li><strong>\u00c1frica:<\/strong> 4 &#8211; 7 semanas, p\u00f3ngase en contacto con info@furkamotors.com para el precio de env\u00edo<\/li>\n<li><strong>USA, Canad\u00e1:<\/strong> 2 &#8211; 4 semanas, p\u00f3ngase en contacto con info@furkamotors.com para el precio de env\u00edo<\/li>\n<li><strong>Asia<\/strong>: 3 &#8211; 6 semanas, p\u00f3ngase en contacto con info@furkamotors.com para el precio de env\u00edo<\/li>\n<li><strong>Australia y Ocean\u00eda:<\/strong> 3 &#8211; 6 semanas, p\u00f3ngase en contacto con info@furkamotors.com para el precio de env\u00edo<\/li>\n<\/ul>\n<\/li>\n<\/ul>\n","protected":false},"excerpt":{"rendered":"<p>\u00bfCu\u00e1nto tiempo se tarda desde el pedido hasta el env\u00edo y la entrega? La producci\u00f3n de tu motobicicleta comenzar\u00e1 una vez recibido el pago. El tiempo de construcci\u00f3n puede variar, pero toma usualmente entre 2 a 5 semanas, dependiendo del tiempo de comprobaci\u00f3n requerido para la motobicicleta. Los pedidos individuales van a una lista de [&hellip;]<\/p>\n","protected":false},"author":1,"featured_media":176,"parent":0,"menu_order":0,"comment_status":"closed","ping_status":"closed","template":"template-fullwidth.php","meta":{"footnotes":""},"class_list":["post-389","page","type-page","status-publish","has-post-thumbnail","hentry"],"yoast_head":"<!-- This site is optimized with the Yoast SEO plugin v24.8.1 - https:\/\/yoast.com\/wordpress\/plugins\/seo\/ -->\n<title>Producci\u00f3n | FURKA MOTORS<\/title>\n<meta name=\"robots\" content=\"index, follow, max-snippet:-1, max-image-preview:large, max-video-preview:-1\" \/>\n<link rel=\"canonical\" href=\"https:\/\/furkamotors.com\/es\/vyroba\/\" \/>\n<meta property=\"og:locale\" content=\"es_ES\" \/>\n<meta property=\"og:locale:alternate\" content=\"en_US\" \/>\n<meta property=\"og:locale:alternate\" content=\"sk_SK\" \/>\n<meta property=\"og:locale:alternate\" content=\"it_IT\" \/>\n<meta property=\"og:type\" content=\"article\" \/>\n<meta property=\"og:title\" content=\"Producci\u00f3n\" \/>\n<meta property=\"og:description\" content=\"\u00bfCu\u00e1nto tiempo se tarda desde el pedido hasta el env\u00edo y la entrega? La producci\u00f3n de tu motobicicleta comenzar\u00e1 una vez recibido el pago. El tiempo de construcci\u00f3n puede variar, pero toma usualmente entre 2 a 5 semanas, dependiendo del tiempo de comprobaci\u00f3n requerido para la motobicicleta. Los pedidos individuales van a una lista de [&hellip;]\" \/>\n<meta property=\"og:url\" content=\"https:\/\/furkamotors.com\/es\/vyroba\/\" \/>\n<meta property=\"og:site_name\" content=\"FURKA MOTORS\" \/>\n<meta property=\"article:publisher\" content=\"https:\/\/www.facebook.com\/furkamotors\" \/>\n<meta property=\"article:modified_time\" content=\"2024-01-22T11:33:41+00:00\" \/>\n<meta property=\"og:image\" content=\"https:\/\/furkamotors.com\/wp-content\/uploads\/2017\/05\/furkamotors-tornado-2.jpg\" \/>\n\t<meta property=\"og:image:width\" content=\"2000\" \/>\n\t<meta property=\"og:image:height\" content=\"1500\" \/>\n\t<meta property=\"og:image:type\" content=\"image\/jpeg\" \/>\n<meta name=\"twitter:card\" content=\"summary_large_image\" \/>\n<meta name=\"twitter:label1\" content=\"Tiempo de lectura\" \/>\n\t<meta name=\"twitter:data1\" content=\"2 minutos\" \/>\n<script type=\"application\/ld+json\" class=\"yoast-schema-graph\">{\"@context\":\"https:\/\/schema.org\",\"@graph\":[{\"@type\":\"WebPage\",\"@id\":\"https:\/\/furkamotors.com\/ita\/vyroba\/\",\"url\":\"https:\/\/furkamotors.com\/ita\/vyroba\/\",\"name\":\"Producci\u00f3n\",\"isPartOf\":{\"@id\":\"https:\/\/furkamotors.com\/#website\"},\"primaryImageOfPage\":{\"@id\":\"https:\/\/furkamotors.com\/ita\/vyroba\/#primaryimage\"},\"image\":{\"@id\":\"https:\/\/furkamotors.com\/ita\/vyroba\/#primaryimage\"},\"thumbnailUrl\":\"https:\/\/furkamotors.com\/wp-content\/uploads\/2017\/05\/furkamotors-tornado-2.jpg\",\"datePublished\":\"2017-06-29T16:43:38+00:00\",\"dateModified\":\"2024-01-22T11:33:41+00:00\",\"inLanguage\":\"es-ES\",\"potentialAction\":[{\"@type\":\"ReadAction\",\"target\":[\"https:\/\/furkamotors.com\/ita\/vyroba\/\"]}]},{\"@type\":\"ImageObject\",\"inLanguage\":\"es-ES\",\"@id\":\"https:\/\/furkamotors.com\/ita\/vyroba\/#primaryimage\",\"url\":\"https:\/\/furkamotors.com\/wp-content\/uploads\/2017\/05\/furkamotors-tornado-2.jpg\",\"contentUrl\":\"https:\/\/furkamotors.com\/wp-content\/uploads\/2017\/05\/furkamotors-tornado-2.jpg\",\"width\":2000,\"height\":1500},{\"@type\":\"WebSite\",\"@id\":\"https:\/\/furkamotors.com\/#website\",\"url\":\"https:\/\/furkamotors.com\/\",\"name\":\"FURKA MOTORS\",\"description\":\"Estilo propio...\",\"publisher\":{\"@id\":\"https:\/\/furkamotors.com\/#organization\"},\"potentialAction\":[{\"@type\":\"SearchAction\",\"target\":{\"@type\":\"EntryPoint\",\"urlTemplate\":\"https:\/\/furkamotors.com\/?s={search_term_string}\"},\"query-input\":{\"@type\":\"PropertyValueSpecification\",\"valueRequired\":true,\"valueName\":\"search_term_string\"}}],\"inLanguage\":\"es-ES\"},{\"@type\":\"Organization\",\"@id\":\"https:\/\/furkamotors.com\/#organization\",\"name\":\"FURKA MOTORS\",\"url\":\"https:\/\/furkamotors.com\/\",\"logo\":{\"@type\":\"ImageObject\",\"inLanguage\":\"es-ES\",\"@id\":\"https:\/\/furkamotors.com\/#\/schema\/logo\/image\/\",\"url\":\"https:\/\/furkamotors.com\/wp-content\/uploads\/2022\/07\/logo-od2022.png\",\"contentUrl\":\"https:\/\/furkamotors.com\/wp-content\/uploads\/2022\/07\/logo-od2022.png\",\"width\":468,\"height\":462,\"caption\":\"FURKA MOTORS\"},\"image\":{\"@id\":\"https:\/\/furkamotors.com\/#\/schema\/logo\/image\/\"},\"sameAs\":[\"https:\/\/www.facebook.com\/furkamotors\"]}]}<\/script>\n<!-- \/ Yoast SEO plugin. -->","yoast_head_json":{"title":"Producci\u00f3n | FURKA MOTORS","robots":{"index":"index","follow":"follow","max-snippet":"max-snippet:-1","max-image-preview":"max-image-preview:large","max-video-preview":"max-video-preview:-1"},"canonical":"https:\/\/furkamotors.com\/es\/vyroba\/","og_locale":"es_ES","og_type":"article","og_title":"[:en]Production time[:sk]Ko\u013eko trv\u00e1 v\u00fdroba[:es]Producci\u00f3n[:ita]Tempi di produzione[:] | FURKA MOTORS","og_description":"\u00bfCu\u00e1nto tiempo se tarda desde el pedido hasta el env\u00edo y la entrega? La producci\u00f3n de tu motobicicleta comenzar\u00e1 una vez recibido el pago. El tiempo de construcci\u00f3n puede variar, pero toma usualmente entre 2 a 5 semanas, dependiendo del tiempo de comprobaci\u00f3n requerido para la motobicicleta. Los pedidos individuales van a una lista de [&hellip;]","og_url":"https:\/\/furkamotors.com\/es\/vyroba\/","og_site_name":"FURKA MOTORS","article_publisher":"https:\/\/www.facebook.com\/furkamotors","article_modified_time":"2024-01-22T11:33:41+00:00","og_image":[{"width":2000,"height":1500,"url":"https:\/\/furkamotors.com\/wp-content\/uploads\/2017\/05\/furkamotors-tornado-2.jpg","type":"image\/jpeg"}],"twitter_card":"summary_large_image","twitter_misc":{"Tiempo de lectura":"2 minutos"},"schema":{"@context":"https:\/\/schema.org","@graph":[{"@type":"WebPage","@id":"https:\/\/furkamotors.com\/ita\/vyroba\/","url":"https:\/\/furkamotors.com\/ita\/vyroba\/","name":"Producci\u00f3n","isPartOf":{"@id":"https:\/\/furkamotors.com\/#website"},"primaryImageOfPage":{"@id":"https:\/\/furkamotors.com\/ita\/vyroba\/#primaryimage"},"image":{"@id":"https:\/\/furkamotors.com\/ita\/vyroba\/#primaryimage"},"thumbnailUrl":"https:\/\/furkamotors.com\/wp-content\/uploads\/2017\/05\/furkamotors-tornado-2.jpg","datePublished":"2017-06-29T16:43:38+00:00","dateModified":"2024-01-22T11:33:41+00:00","inLanguage":"es-ES","potentialAction":[{"@type":"ReadAction","target":["https:\/\/furkamotors.com\/ita\/vyroba\/"]}]},{"@type":"ImageObject","inLanguage":"es-ES","@id":"https:\/\/furkamotors.com\/ita\/vyroba\/#primaryimage","url":"https:\/\/furkamotors.com\/wp-content\/uploads\/2017\/05\/furkamotors-tornado-2.jpg","contentUrl":"https:\/\/furkamotors.com\/wp-content\/uploads\/2017\/05\/furkamotors-tornado-2.jpg","width":2000,"height":1500},{"@type":"WebSite","@id":"https:\/\/furkamotors.com\/#website","url":"https:\/\/furkamotors.com\/","name":"FURKA MOTORS","description":"Estilo propio...","publisher":{"@id":"https:\/\/furkamotors.com\/#organization"},"potentialAction":[{"@type":"SearchAction","target":{"@type":"EntryPoint","urlTemplate":"https:\/\/furkamotors.com\/?s={search_term_string}"},"query-input":{"@type":"PropertyValueSpecification","valueRequired":true,"valueName":"search_term_string"}}],"inLanguage":"es-ES"},{"@type":"Organization","@id":"https:\/\/furkamotors.com\/#organization","name":"FURKA MOTORS","url":"https:\/\/furkamotors.com\/","logo":{"@type":"ImageObject","inLanguage":"es-ES","@id":"https:\/\/furkamotors.com\/#\/schema\/logo\/image\/","url":"https:\/\/furkamotors.com\/wp-content\/uploads\/2022\/07\/logo-od2022.png","contentUrl":"https:\/\/furkamotors.com\/wp-content\/uploads\/2022\/07\/logo-od2022.png","width":468,"height":462,"caption":"FURKA MOTORS"},"image":{"@id":"https:\/\/furkamotors.com\/#\/schema\/logo\/image\/"},"sameAs":["https:\/\/www.facebook.com\/furkamotors"]}]}},"_links":{"self":[{"href":"https:\/\/furkamotors.com\/es\/wp-json\/wp\/v2\/pages\/389","targetHints":{"allow":["GET"]}}],"collection":[{"href":"https:\/\/furkamotors.com\/es\/wp-json\/wp\/v2\/pages"}],"about":[{"href":"https:\/\/furkamotors.com\/es\/wp-json\/wp\/v2\/types\/page"}],"author":[{"embeddable":true,"href":"https:\/\/furkamotors.com\/es\/wp-json\/wp\/v2\/users\/1"}],"replies":[{"embeddable":true,"href":"https:\/\/furkamotors.com\/es\/wp-json\/wp\/v2\/comments?post=389"}],"version-history":[{"count":31,"href":"https:\/\/furkamotors.com\/es\/wp-json\/wp\/v2\/pages\/389\/revisions"}],"predecessor-version":[{"id":3646,"href":"https:\/\/furkamotors.com\/es\/wp-json\/wp\/v2\/pages\/389\/revisions\/3646"}],"wp:featuredmedia":[{"embeddable":true,"href":"https:\/\/furkamotors.com\/es\/wp-json\/wp\/v2\/media\/176"}],"wp:attachment":[{"href":"https:\/\/furkamotors.com\/es\/wp-json\/wp\/v2\/media?parent=389"}],"curies":[{"name":"wp","href":"https:\/\/api.w.org\/{rel}","templated":true}]}}