{"id":2,"date":"2017-05-21T14:11:50","date_gmt":"2017-05-21T12:11:50","guid":{"rendered":"http:\/\/furkamotors.com\/?page_id=2"},"modified":"2024-01-22T11:54:13","modified_gmt":"2024-01-22T10:54:13","slug":"domov","status":"publish","type":"page","link":"https:\/\/furkamotors.com\/es\/","title":{"rendered":"Inicio"},"content":{"rendered":"<p>Disfruta la experiencia \u00fanica de tu paseo. El dise\u00f1o deportivo te fascinar\u00e1, cada momento ser\u00e1 una experiencia \u00fanica y no querr\u00e1s parar de conducir. El perfil de la bicicleta est\u00e1 reducido en 5 cm comparado con otros modelos, el centro de gravedad est\u00e1 desplazado lo m\u00e1s bajo posible. Tambi\u00e9n redujimos el peso a unos incre\u00edbles 19 kg (12kg bicicleta regular). Un potente motor provee el manejo deportivo y el tanque te permitir\u00e1 recorrer hasta 150 km en una sola carga.<\/p>\n<h3>AS\u00cd COMENZ\u00d3<\/h3>\n<p>FURKAMOTORS empez\u00f3 como un proyecto estudiantil de motobicicletas baratas y potentes. Comenzamos produciendo algunas de nuestras motobicicletas. Luego del inter\u00e9s de algunos amigos, comenzamos el montaje de otras bicicletas junto con ellos. Estamos muy contentos de que te gusten nuestros productos. Gracias a eso, intentamos constantemente expandir nuestros servicios para ti. Revisa donde puedes encontrar nuestras motobicicletas: <a href=\"https:\/\/furkamotors.com\/es\/mapa-kde-uz-jazdime\/\" target=\"_blank\" rel=\"noopener\">MAPA<\/a>.<\/p>\n<h3>\u00bfCU\u00c1NTO TIEMPO TOM\u00d3?<\/h3>\n<p>El desarrollo de la primera motobicicleta tom\u00f3 casi tres a\u00f1os. Al comienzo, durante la construcci\u00f3n de nuestras propias bicicletas, usamos componentes libremente disponibles para nuestros montajes. Pero luego de algunos a\u00f1os, nos dimos cuenta de que necesit\u00e1bamos hacer todo por nuestra cuenta, seg\u00fan nuestras ideas y dise\u00f1os. Nuestra experticia en f\u00edsica y bioqu\u00edmica nos ayud\u00f3 a producir motores nuevos y de alta calidad. Fue un largo y dif\u00edcil camino, pero hemos aprendido de nuestros errores y ahora somos capaces de entregarte motobicicletas confiables y bien construidas. Esperamos que quedes satisfecho.<\/p>\n<h3>TECNOLG\u00cdA AMIGABLE CON EL MEDIOAMBIENTE<\/h3>\n<p>Nos preocupa la naturaleza y por eso creemos que nuestras bicicletas son mucho m\u00e1s amigables con el medioambiente que las bicicletas el\u00e9ctricas. La principal raz\u00f3n de esto es que nuestras motobicicletas son comparables a un peque\u00f1o cortac\u00e9sped, mientras que la producci\u00f3n y operaci\u00f3n de bicicletas el\u00e9ctricas con bater\u00eda de 30 km tienen un impacto ambiental negativo mayor.<\/p>\n<h3>QUE HAY SOBRE LA LEGISLACI\u00d3N?<\/h3>\n<p>Desde el punto de vista legal, es principalmente una bicicleta con motor auxiliar, eso significa que no hay diferencia entre montar una bicicleta com\u00fan o una de nuestras motobicicletas sin licencia de conducir. El marco de la motobicicleta est\u00e1 homologado y el motor cumple con los criterios de un motor auxiliar. Es por eso que operamos en Eslovaquia, Rep\u00fablica Checa, Hungr\u00eda, Suecia, Austria, Polonia, Nueva Zelanda y otros pa\u00edses.<\/p>\n","protected":false},"excerpt":{"rendered":"<p>Disfruta la experiencia \u00fanica de tu paseo. El dise\u00f1o deportivo te fascinar\u00e1, cada momento ser\u00e1 una experiencia \u00fanica y no querr\u00e1s parar de conducir. El perfil de la bicicleta est\u00e1 reducido en 5 cm comparado con otros modelos, el centro de gravedad est\u00e1 desplazado lo m\u00e1s bajo posible. Tambi\u00e9n redujimos el peso a unos incre\u00edbles [&hellip;]<\/p>\n","protected":false},"author":1,"featured_media":0,"parent":0,"menu_order":0,"comment_status":"closed","ping_status":"closed","template":"","meta":{"footnotes":""},"class_list":["post-2","page","type-page","status-publish","hentry"],"yoast_head":"<!-- This site is optimized with the Yoast SEO plugin v24.8.1 - https:\/\/yoast.com\/wordpress\/plugins\/seo\/ -->\n<title>|  | BENZ\u00cdNOV\u00c9 MOTOBICYKLE S PR\u00cdBEHOM[:]<\/title>\n<meta name=\"description\" content=\"\" \/>\n<meta name=\"robots\" content=\"index, follow, max-snippet:-1, max-image-preview:large, max-video-preview:-1\" \/>\n<link rel=\"canonical\" href=\"https:\/\/furkamotors.com\/es\/\" \/>\n<meta property=\"og:locale\" content=\"es_ES\" \/>\n<meta property=\"og:locale:alternate\" content=\"en_US\" \/>\n<meta property=\"og:locale:alternate\" content=\"sk_SK\" \/>\n<meta property=\"og:locale:alternate\" content=\"it_IT\" \/>\n<meta property=\"og:type\" content=\"article\" \/>\n<meta property=\"og:title\" content=\"\" \/>\n<meta property=\"og:description\" content=\"\" \/>\n<meta property=\"og:url\" content=\"https:\/\/furkamotors.com\/es\/\" \/>\n<meta property=\"og:site_name\" content=\"FURKA MOTORS\" \/>\n<meta property=\"article:publisher\" content=\"https:\/\/www.facebook.com\/furkamotors\" \/>\n<meta property=\"article:modified_time\" content=\"2024-01-22T10:54:13+00:00\" \/>\n<meta name=\"twitter:card\" content=\"summary_large_image\" \/>\n<meta name=\"twitter:label1\" content=\"Tiempo de lectura\" \/>\n\t<meta name=\"twitter:data1\" content=\"3 minutos\" \/>\n<script type=\"application\/ld+json\" class=\"yoast-schema-graph\">{\"@context\":\"https:\/\/schema.org\",\"@graph\":[{\"@type\":\"WebPage\",\"@id\":\"https:\/\/furkamotors.com\/es\/\",\"url\":\"https:\/\/furkamotors.com\/es\/\",\"name\":\"\",\"isPartOf\":{\"@id\":\"https:\/\/furkamotors.com\/#website\"},\"datePublished\":\"2017-05-21T12:11:50+00:00\",\"dateModified\":\"2024-01-22T10:54:13+00:00\",\"description\":\"\",\"inLanguage\":\"es-ES\",\"potentialAction\":[{\"@type\":\"ReadAction\",\"target\":[\"https:\/\/furkamotors.com\/es\/\"]}]},{\"@type\":\"WebSite\",\"@id\":\"https:\/\/furkamotors.com\/#website\",\"url\":\"https:\/\/furkamotors.com\/\",\"name\":\"FURKA MOTORS\",\"description\":\"Estilo propio...\",\"publisher\":{\"@id\":\"https:\/\/furkamotors.com\/#organization\"},\"potentialAction\":[{\"@type\":\"SearchAction\",\"target\":{\"@type\":\"EntryPoint\",\"urlTemplate\":\"https:\/\/furkamotors.com\/?s={search_term_string}\"},\"query-input\":{\"@type\":\"PropertyValueSpecification\",\"valueRequired\":true,\"valueName\":\"search_term_string\"}}],\"inLanguage\":\"es-ES\"},{\"@type\":\"Organization\",\"@id\":\"https:\/\/furkamotors.com\/#organization\",\"name\":\"FURKA MOTORS\",\"url\":\"https:\/\/furkamotors.com\/\",\"logo\":{\"@type\":\"ImageObject\",\"inLanguage\":\"es-ES\",\"@id\":\"https:\/\/furkamotors.com\/#\/schema\/logo\/image\/\",\"url\":\"https:\/\/furkamotors.com\/wp-content\/uploads\/2022\/07\/logo-od2022.png\",\"contentUrl\":\"https:\/\/furkamotors.com\/wp-content\/uploads\/2022\/07\/logo-od2022.png\",\"width\":468,\"height\":462,\"caption\":\"FURKA MOTORS\"},\"image\":{\"@id\":\"https:\/\/furkamotors.com\/#\/schema\/logo\/image\/\"},\"sameAs\":[\"https:\/\/www.facebook.com\/furkamotors\"]}]}<\/script>\n<!-- \/ Yoast SEO plugin. -->","yoast_head_json":{"title":"|  | BENZ\u00cdNOV\u00c9 MOTOBICYKLE S PR\u00cdBEHOM[:]","description":"[:en]Electricity is not always more advantageous for a longer route. With our gasoline bikes don\u00b4t worry about running out of battery.[:sk]Jedine\u010dn\u00e9, ru\u010dne vyr\u00e1ban\u00e9 benz\u00ednov\u00e9 motobicykle vyr\u00e1ban\u00e9 v SR a jazdiace po celom svete. Pre\u010d\u00edtajte si n\u00e1\u0161 pr\u00edbeh a sta\u0148te sa jeho s\u00fa\u010das\u0165ou.[:]","robots":{"index":"index","follow":"follow","max-snippet":"max-snippet:-1","max-image-preview":"max-image-preview:large","max-video-preview":"max-video-preview:-1"},"canonical":"https:\/\/furkamotors.com\/es\/","og_locale":"es_ES","og_type":"article","og_title":"[:en]GASOLINE BIKES | FURKA MOTORS[:sk]FURKAMOTORS | BENZ\u00cdNOV\u00c9 MOTOBICYKLE S PR\u00cdBEHOM[:]","og_description":"[:en]Electricity is not always more advantageous for a longer route. With our gasoline bikes don\u00b4t worry about running out of battery.[:sk]Jedine\u010dn\u00e9, ru\u010dne vyr\u00e1ban\u00e9 benz\u00ednov\u00e9 motobicykle vyr\u00e1ban\u00e9 v SR a jazdiace po celom svete. Pre\u010d\u00edtajte si n\u00e1\u0161 pr\u00edbeh a sta\u0148te sa jeho s\u00fa\u010das\u0165ou.[:]","og_url":"https:\/\/furkamotors.com\/es\/","og_site_name":"FURKA MOTORS","article_publisher":"https:\/\/www.facebook.com\/furkamotors","article_modified_time":"2024-01-22T10:54:13+00:00","twitter_card":"summary_large_image","twitter_misc":{"Tiempo de lectura":"3 minutos"},"schema":{"@context":"https:\/\/schema.org","@graph":[{"@type":"WebPage","@id":"https:\/\/furkamotors.com\/es\/","url":"https:\/\/furkamotors.com\/es\/","name":"","isPartOf":{"@id":"https:\/\/furkamotors.com\/#website"},"datePublished":"2017-05-21T12:11:50+00:00","dateModified":"2024-01-22T10:54:13+00:00","description":"","inLanguage":"es-ES","potentialAction":[{"@type":"ReadAction","target":["https:\/\/furkamotors.com\/es\/"]}]},{"@type":"WebSite","@id":"https:\/\/furkamotors.com\/#website","url":"https:\/\/furkamotors.com\/","name":"FURKA MOTORS","description":"Estilo propio...","publisher":{"@id":"https:\/\/furkamotors.com\/#organization"},"potentialAction":[{"@type":"SearchAction","target":{"@type":"EntryPoint","urlTemplate":"https:\/\/furkamotors.com\/?s={search_term_string}"},"query-input":{"@type":"PropertyValueSpecification","valueRequired":true,"valueName":"search_term_string"}}],"inLanguage":"es-ES"},{"@type":"Organization","@id":"https:\/\/furkamotors.com\/#organization","name":"FURKA MOTORS","url":"https:\/\/furkamotors.com\/","logo":{"@type":"ImageObject","inLanguage":"es-ES","@id":"https:\/\/furkamotors.com\/#\/schema\/logo\/image\/","url":"https:\/\/furkamotors.com\/wp-content\/uploads\/2022\/07\/logo-od2022.png","contentUrl":"https:\/\/furkamotors.com\/wp-content\/uploads\/2022\/07\/logo-od2022.png","width":468,"height":462,"caption":"FURKA MOTORS"},"image":{"@id":"https:\/\/furkamotors.com\/#\/schema\/logo\/image\/"},"sameAs":["https:\/\/www.facebook.com\/furkamotors"]}]}},"_links":{"self":[{"href":"https:\/\/furkamotors.com\/es\/wp-json\/wp\/v2\/pages\/2","targetHints":{"allow":["GET"]}}],"collection":[{"href":"https:\/\/furkamotors.com\/es\/wp-json\/wp\/v2\/pages"}],"about":[{"href":"https:\/\/furkamotors.com\/es\/wp-json\/wp\/v2\/types\/page"}],"author":[{"embeddable":true,"href":"https:\/\/furkamotors.com\/es\/wp-json\/wp\/v2\/users\/1"}],"replies":[{"embeddable":true,"href":"https:\/\/furkamotors.com\/es\/wp-json\/wp\/v2\/comments?post=2"}],"version-history":[{"count":19,"href":"https:\/\/furkamotors.com\/es\/wp-json\/wp\/v2\/pages\/2\/revisions"}],"predecessor-version":[{"id":3616,"href":"https:\/\/furkamotors.com\/es\/wp-json\/wp\/v2\/pages\/2\/revisions\/3616"}],"wp:attachment":[{"href":"https:\/\/furkamotors.com\/es\/wp-json\/wp\/v2\/media?parent=2"}],"curies":[{"name":"wp","href":"https:\/\/api.w.org\/{rel}","templated":true}]}}