{"id":1795,"date":"2018-08-08T13:57:12","date_gmt":"2018-08-08T11:57:12","guid":{"rendered":"http:\/\/furkamotors.com\/?page_id=1795"},"modified":"2024-01-22T11:44:12","modified_gmt":"2024-01-22T10:44:12","slug":"ochrana-osobnych-udajov","status":"publish","type":"page","link":"https:\/\/furkamotors.com\/es\/ochrana-osobnych-udajov\/","title":{"rendered":"Pol\u00edtica de privacidad"},"content":{"rendered":"<p>Puede solicitar el texto completo del GDPR en la direcci\u00f3n del administrador: info@furkamotors.com. Tambi\u00e9n puede solicitar al administrador que elimine o env\u00ede una copia de su informaci\u00f3n personal en estricta conformidad con la normativa de la EU. El texto completo del GDPR utilizable para fines legales est\u00e1 disponible en idioma eslovaco en la siguiente direcci\u00f3n: <a href=\"https:\/\/furkamotors.com\/en\/podmienky\/\">GDPR-FULL<\/a>.<\/p>\n","protected":false},"excerpt":{"rendered":"<p>Puede solicitar el texto completo del GDPR en la direcci\u00f3n del administrador: info@furkamotors.com. Tambi\u00e9n puede solicitar al administrador que elimine o env\u00ede una copia de su informaci\u00f3n personal en estricta conformidad con la normativa de la EU. El texto completo del GDPR utilizable para fines legales est\u00e1 disponible en idioma eslovaco en la siguiente direcci\u00f3n: [&hellip;]<\/p>\n","protected":false},"author":1,"featured_media":2537,"parent":0,"menu_order":0,"comment_status":"closed","ping_status":"closed","template":"","meta":{"footnotes":""},"class_list":["post-1795","page","type-page","status-publish","has-post-thumbnail","hentry"],"yoast_head":"<!-- This site is optimized with the Yoast SEO plugin v24.8.1 - https:\/\/yoast.com\/wordpress\/plugins\/seo\/ -->\n<title>Pol\u00edtica de privacidad | FURKA MOTORS<\/title>\n<meta name=\"robots\" content=\"index, follow, max-snippet:-1, max-image-preview:large, max-video-preview:-1\" \/>\n<link rel=\"canonical\" href=\"https:\/\/furkamotors.com\/es\/ochrana-osobnych-udajov\/\" \/>\n<meta property=\"og:locale\" content=\"es_ES\" \/>\n<meta property=\"og:locale:alternate\" content=\"en_US\" \/>\n<meta property=\"og:locale:alternate\" content=\"sk_SK\" \/>\n<meta property=\"og:locale:alternate\" content=\"it_IT\" \/>\n<meta property=\"og:type\" content=\"article\" \/>\n<meta property=\"og:title\" content=\"Pol\u00edtica de privacidad\" \/>\n<meta property=\"og:description\" content=\"Puede solicitar el texto completo del GDPR en la direcci\u00f3n del administrador: info@furkamotors.com. Tambi\u00e9n puede solicitar al administrador que elimine o env\u00ede una copia de su informaci\u00f3n personal en estricta conformidad con la normativa de la EU. El texto completo del GDPR utilizable para fines legales est\u00e1 disponible en idioma eslovaco en la siguiente direcci\u00f3n: [&hellip;]\" \/>\n<meta property=\"og:url\" content=\"https:\/\/furkamotors.com\/es\/ochrana-osobnych-udajov\/\" \/>\n<meta property=\"og:site_name\" content=\"FURKA MOTORS\" \/>\n<meta property=\"article:publisher\" content=\"https:\/\/www.facebook.com\/furkamotors\" \/>\n<meta property=\"article:modified_time\" content=\"2024-01-22T10:44:12+00:00\" \/>\n<meta property=\"og:image\" content=\"https:\/\/furkamotors.com\/wp-content\/uploads\/2022\/10\/obrazok_2022-10-01_202451337.png\" \/>\n\t<meta property=\"og:image:width\" content=\"900\" \/>\n\t<meta property=\"og:image:height\" content=\"601\" \/>\n\t<meta property=\"og:image:type\" content=\"image\/png\" \/>\n<meta name=\"twitter:card\" content=\"summary_large_image\" \/>\n<meta name=\"twitter:label1\" content=\"Tiempo de lectura\" \/>\n\t<meta name=\"twitter:data1\" content=\"1 minuto\" \/>\n<script type=\"application\/ld+json\" class=\"yoast-schema-graph\">{\"@context\":\"https:\/\/schema.org\",\"@graph\":[{\"@type\":\"WebPage\",\"@id\":\"https:\/\/furkamotors.com\/ita\/ochrana-osobnych-udajov\/\",\"url\":\"https:\/\/furkamotors.com\/ita\/ochrana-osobnych-udajov\/\",\"name\":\"Pol\u00edtica de privacidad\",\"isPartOf\":{\"@id\":\"https:\/\/furkamotors.com\/#website\"},\"primaryImageOfPage\":{\"@id\":\"https:\/\/furkamotors.com\/ita\/ochrana-osobnych-udajov\/#primaryimage\"},\"image\":{\"@id\":\"https:\/\/furkamotors.com\/ita\/ochrana-osobnych-udajov\/#primaryimage\"},\"thumbnailUrl\":\"https:\/\/furkamotors.com\/wp-content\/uploads\/2022\/10\/obrazok_2022-10-01_202451337.png\",\"datePublished\":\"2018-08-08T11:57:12+00:00\",\"dateModified\":\"2024-01-22T10:44:12+00:00\",\"inLanguage\":\"es-ES\",\"potentialAction\":[{\"@type\":\"ReadAction\",\"target\":[\"https:\/\/furkamotors.com\/ita\/ochrana-osobnych-udajov\/\"]}]},{\"@type\":\"ImageObject\",\"inLanguage\":\"es-ES\",\"@id\":\"https:\/\/furkamotors.com\/ita\/ochrana-osobnych-udajov\/#primaryimage\",\"url\":\"https:\/\/furkamotors.com\/wp-content\/uploads\/2022\/10\/obrazok_2022-10-01_202451337.png\",\"contentUrl\":\"https:\/\/furkamotors.com\/wp-content\/uploads\/2022\/10\/obrazok_2022-10-01_202451337.png\",\"width\":900,\"height\":601},{\"@type\":\"WebSite\",\"@id\":\"https:\/\/furkamotors.com\/#website\",\"url\":\"https:\/\/furkamotors.com\/\",\"name\":\"FURKA MOTORS\",\"description\":\"Estilo propio...\",\"publisher\":{\"@id\":\"https:\/\/furkamotors.com\/#organization\"},\"potentialAction\":[{\"@type\":\"SearchAction\",\"target\":{\"@type\":\"EntryPoint\",\"urlTemplate\":\"https:\/\/furkamotors.com\/?s={search_term_string}\"},\"query-input\":{\"@type\":\"PropertyValueSpecification\",\"valueRequired\":true,\"valueName\":\"search_term_string\"}}],\"inLanguage\":\"es-ES\"},{\"@type\":\"Organization\",\"@id\":\"https:\/\/furkamotors.com\/#organization\",\"name\":\"FURKA MOTORS\",\"url\":\"https:\/\/furkamotors.com\/\",\"logo\":{\"@type\":\"ImageObject\",\"inLanguage\":\"es-ES\",\"@id\":\"https:\/\/furkamotors.com\/#\/schema\/logo\/image\/\",\"url\":\"https:\/\/furkamotors.com\/wp-content\/uploads\/2022\/07\/logo-od2022.png\",\"contentUrl\":\"https:\/\/furkamotors.com\/wp-content\/uploads\/2022\/07\/logo-od2022.png\",\"width\":468,\"height\":462,\"caption\":\"FURKA MOTORS\"},\"image\":{\"@id\":\"https:\/\/furkamotors.com\/#\/schema\/logo\/image\/\"},\"sameAs\":[\"https:\/\/www.facebook.com\/furkamotors\"]}]}<\/script>\n<!-- \/ Yoast SEO plugin. -->","yoast_head_json":{"title":"Pol\u00edtica de privacidad | FURKA MOTORS","robots":{"index":"index","follow":"follow","max-snippet":"max-snippet:-1","max-image-preview":"max-image-preview:large","max-video-preview":"max-video-preview:-1"},"canonical":"https:\/\/furkamotors.com\/es\/ochrana-osobnych-udajov\/","og_locale":"es_ES","og_type":"article","og_title":"[:en]GDPR[:sk]Ochrana osobn\u00fdch \u00fadajov[:es]Pol\u00edtica de privacidad[:ita]GDPR[:] | FURKA MOTORS","og_description":"Puede solicitar el texto completo del GDPR en la direcci\u00f3n del administrador: info@furkamotors.com. Tambi\u00e9n puede solicitar al administrador que elimine o env\u00ede una copia de su informaci\u00f3n personal en estricta conformidad con la normativa de la EU. El texto completo del GDPR utilizable para fines legales est\u00e1 disponible en idioma eslovaco en la siguiente direcci\u00f3n: [&hellip;]","og_url":"https:\/\/furkamotors.com\/es\/ochrana-osobnych-udajov\/","og_site_name":"FURKA MOTORS","article_publisher":"https:\/\/www.facebook.com\/furkamotors","article_modified_time":"2024-01-22T10:44:12+00:00","og_image":[{"width":900,"height":601,"url":"https:\/\/furkamotors.com\/wp-content\/uploads\/2022\/10\/obrazok_2022-10-01_202451337.png","type":"image\/png"}],"twitter_card":"summary_large_image","twitter_misc":{"Tiempo de lectura":"1 minuto"},"schema":{"@context":"https:\/\/schema.org","@graph":[{"@type":"WebPage","@id":"https:\/\/furkamotors.com\/ita\/ochrana-osobnych-udajov\/","url":"https:\/\/furkamotors.com\/ita\/ochrana-osobnych-udajov\/","name":"Pol\u00edtica de privacidad","isPartOf":{"@id":"https:\/\/furkamotors.com\/#website"},"primaryImageOfPage":{"@id":"https:\/\/furkamotors.com\/ita\/ochrana-osobnych-udajov\/#primaryimage"},"image":{"@id":"https:\/\/furkamotors.com\/ita\/ochrana-osobnych-udajov\/#primaryimage"},"thumbnailUrl":"https:\/\/furkamotors.com\/wp-content\/uploads\/2022\/10\/obrazok_2022-10-01_202451337.png","datePublished":"2018-08-08T11:57:12+00:00","dateModified":"2024-01-22T10:44:12+00:00","inLanguage":"es-ES","potentialAction":[{"@type":"ReadAction","target":["https:\/\/furkamotors.com\/ita\/ochrana-osobnych-udajov\/"]}]},{"@type":"ImageObject","inLanguage":"es-ES","@id":"https:\/\/furkamotors.com\/ita\/ochrana-osobnych-udajov\/#primaryimage","url":"https:\/\/furkamotors.com\/wp-content\/uploads\/2022\/10\/obrazok_2022-10-01_202451337.png","contentUrl":"https:\/\/furkamotors.com\/wp-content\/uploads\/2022\/10\/obrazok_2022-10-01_202451337.png","width":900,"height":601},{"@type":"WebSite","@id":"https:\/\/furkamotors.com\/#website","url":"https:\/\/furkamotors.com\/","name":"FURKA MOTORS","description":"Estilo propio...","publisher":{"@id":"https:\/\/furkamotors.com\/#organization"},"potentialAction":[{"@type":"SearchAction","target":{"@type":"EntryPoint","urlTemplate":"https:\/\/furkamotors.com\/?s={search_term_string}"},"query-input":{"@type":"PropertyValueSpecification","valueRequired":true,"valueName":"search_term_string"}}],"inLanguage":"es-ES"},{"@type":"Organization","@id":"https:\/\/furkamotors.com\/#organization","name":"FURKA MOTORS","url":"https:\/\/furkamotors.com\/","logo":{"@type":"ImageObject","inLanguage":"es-ES","@id":"https:\/\/furkamotors.com\/#\/schema\/logo\/image\/","url":"https:\/\/furkamotors.com\/wp-content\/uploads\/2022\/07\/logo-od2022.png","contentUrl":"https:\/\/furkamotors.com\/wp-content\/uploads\/2022\/07\/logo-od2022.png","width":468,"height":462,"caption":"FURKA MOTORS"},"image":{"@id":"https:\/\/furkamotors.com\/#\/schema\/logo\/image\/"},"sameAs":["https:\/\/www.facebook.com\/furkamotors"]}]}},"_links":{"self":[{"href":"https:\/\/furkamotors.com\/es\/wp-json\/wp\/v2\/pages\/1795","targetHints":{"allow":["GET"]}}],"collection":[{"href":"https:\/\/furkamotors.com\/es\/wp-json\/wp\/v2\/pages"}],"about":[{"href":"https:\/\/furkamotors.com\/es\/wp-json\/wp\/v2\/types\/page"}],"author":[{"embeddable":true,"href":"https:\/\/furkamotors.com\/es\/wp-json\/wp\/v2\/users\/1"}],"replies":[{"embeddable":true,"href":"https:\/\/furkamotors.com\/es\/wp-json\/wp\/v2\/comments?post=1795"}],"version-history":[{"count":10,"href":"https:\/\/furkamotors.com\/es\/wp-json\/wp\/v2\/pages\/1795\/revisions"}],"predecessor-version":[{"id":3604,"href":"https:\/\/furkamotors.com\/es\/wp-json\/wp\/v2\/pages\/1795\/revisions\/3604"}],"wp:featuredmedia":[{"embeddable":true,"href":"https:\/\/furkamotors.com\/es\/wp-json\/wp\/v2\/media\/2537"}],"wp:attachment":[{"href":"https:\/\/furkamotors.com\/es\/wp-json\/wp\/v2\/media?parent=1795"}],"curies":[{"name":"wp","href":"https:\/\/api.w.org\/{rel}","templated":true}]}}