{"id":1795,"date":"2018-08-08T13:57:12","date_gmt":"2018-08-08T11:57:12","guid":{"rendered":"http:\/\/furkamotors.com\/?page_id=1795"},"modified":"2024-01-22T11:44:12","modified_gmt":"2024-01-22T10:44:12","slug":"ochrana-osobnych-udajov","status":"publish","type":"page","link":"https:\/\/furkamotors.com\/en\/ochrana-osobnych-udajov\/","title":{"rendered":"GDPR"},"content":{"rendered":"<p>You can request the full text of the GDPR at the administrator&#8217;s address &#8211; <strong>info@furkamotors.com<\/strong>. You can also ask the administrator to delete or send a copy of your personal information in strict accordance with EU regulations. The full text of the GDPR usable for legal purposes is available in the Slovak language at the following address: <a href=\"https:\/\/furkamotors.com\/sk\/ochrana-osobnych-udajov\/\" target=\"_blank\" rel=\"noopener\"><span style=\"color: #0000ff;\">GDPR-FULL<\/span>.<\/a><\/p>\n","protected":false},"excerpt":{"rendered":"<p>You can request the full text of the GDPR at the administrator&#8217;s address &#8211; info@furkamotors.com. You can also ask the administrator to delete or send a copy of your personal information in strict accordance with EU regulations. The full text of the GDPR usable for legal purposes is available in the Slovak language at the [&hellip;]<\/p>\n","protected":false},"author":1,"featured_media":2537,"parent":0,"menu_order":0,"comment_status":"closed","ping_status":"closed","template":"","meta":{"footnotes":""},"class_list":["post-1795","page","type-page","status-publish","has-post-thumbnail","hentry"],"yoast_head":"<!-- This site is optimized with the Yoast SEO plugin v24.8.1 - https:\/\/yoast.com\/wordpress\/plugins\/seo\/ -->\n<title>GDPR | FURKA MOTORS<\/title>\n<meta name=\"robots\" content=\"index, follow, max-snippet:-1, max-image-preview:large, max-video-preview:-1\" \/>\n<link rel=\"canonical\" href=\"https:\/\/furkamotors.com\/en\/ochrana-osobnych-udajov\/\" \/>\n<meta property=\"og:locale\" content=\"en_US\" \/>\n<meta property=\"og:locale:alternate\" content=\"sk_SK\" \/>\n<meta property=\"og:locale:alternate\" content=\"es_ES\" \/>\n<meta property=\"og:locale:alternate\" content=\"it_IT\" \/>\n<meta property=\"og:type\" content=\"article\" \/>\n<meta property=\"og:title\" content=\"GDPR\" \/>\n<meta property=\"og:description\" content=\"You can request the full text of the GDPR at the administrator&#8217;s address &#8211; info@furkamotors.com. You can also ask the administrator to delete or send a copy of your personal information in strict accordance with EU regulations. The full text of the GDPR usable for legal purposes is available in the Slovak language at the [&hellip;]\" \/>\n<meta property=\"og:url\" content=\"https:\/\/furkamotors.com\/en\/ochrana-osobnych-udajov\/\" \/>\n<meta property=\"og:site_name\" content=\"FURKA MOTORS\" \/>\n<meta property=\"article:publisher\" content=\"https:\/\/www.facebook.com\/furkamotors\" \/>\n<meta property=\"article:modified_time\" content=\"2024-01-22T10:44:12+00:00\" \/>\n<meta property=\"og:image\" content=\"https:\/\/furkamotors.com\/wp-content\/uploads\/2022\/10\/obrazok_2022-10-01_202451337.png\" \/>\n\t<meta property=\"og:image:width\" content=\"900\" \/>\n\t<meta property=\"og:image:height\" content=\"601\" \/>\n\t<meta property=\"og:image:type\" content=\"image\/png\" \/>\n<meta name=\"twitter:card\" content=\"summary_large_image\" \/>\n<meta name=\"twitter:label1\" content=\"Est. reading time\" \/>\n\t<meta name=\"twitter:data1\" content=\"1 minute\" \/>\n<script type=\"application\/ld+json\" class=\"yoast-schema-graph\">{\"@context\":\"https:\/\/schema.org\",\"@graph\":[{\"@type\":\"WebPage\",\"@id\":\"https:\/\/furkamotors.com\/ita\/ochrana-osobnych-udajov\/\",\"url\":\"https:\/\/furkamotors.com\/ita\/ochrana-osobnych-udajov\/\",\"name\":\"GDPR\",\"isPartOf\":{\"@id\":\"https:\/\/furkamotors.com\/#website\"},\"primaryImageOfPage\":{\"@id\":\"https:\/\/furkamotors.com\/ita\/ochrana-osobnych-udajov\/#primaryimage\"},\"image\":{\"@id\":\"https:\/\/furkamotors.com\/ita\/ochrana-osobnych-udajov\/#primaryimage\"},\"thumbnailUrl\":\"https:\/\/furkamotors.com\/wp-content\/uploads\/2022\/10\/obrazok_2022-10-01_202451337.png\",\"datePublished\":\"2018-08-08T11:57:12+00:00\",\"dateModified\":\"2024-01-22T10:44:12+00:00\",\"inLanguage\":\"en-US\",\"potentialAction\":[{\"@type\":\"ReadAction\",\"target\":[\"https:\/\/furkamotors.com\/ita\/ochrana-osobnych-udajov\/\"]}]},{\"@type\":\"ImageObject\",\"inLanguage\":\"en-US\",\"@id\":\"https:\/\/furkamotors.com\/ita\/ochrana-osobnych-udajov\/#primaryimage\",\"url\":\"https:\/\/furkamotors.com\/wp-content\/uploads\/2022\/10\/obrazok_2022-10-01_202451337.png\",\"contentUrl\":\"https:\/\/furkamotors.com\/wp-content\/uploads\/2022\/10\/obrazok_2022-10-01_202451337.png\",\"width\":900,\"height\":601},{\"@type\":\"WebSite\",\"@id\":\"https:\/\/furkamotors.com\/#website\",\"url\":\"https:\/\/furkamotors.com\/\",\"name\":\"FURKA MOTORS\",\"description\":\"Your style...\",\"publisher\":{\"@id\":\"https:\/\/furkamotors.com\/#organization\"},\"potentialAction\":[{\"@type\":\"SearchAction\",\"target\":{\"@type\":\"EntryPoint\",\"urlTemplate\":\"https:\/\/furkamotors.com\/?s={search_term_string}\"},\"query-input\":{\"@type\":\"PropertyValueSpecification\",\"valueRequired\":true,\"valueName\":\"search_term_string\"}}],\"inLanguage\":\"en-US\"},{\"@type\":\"Organization\",\"@id\":\"https:\/\/furkamotors.com\/#organization\",\"name\":\"FURKA MOTORS\",\"url\":\"https:\/\/furkamotors.com\/\",\"logo\":{\"@type\":\"ImageObject\",\"inLanguage\":\"en-US\",\"@id\":\"https:\/\/furkamotors.com\/#\/schema\/logo\/image\/\",\"url\":\"https:\/\/furkamotors.com\/wp-content\/uploads\/2022\/07\/logo-od2022.png\",\"contentUrl\":\"https:\/\/furkamotors.com\/wp-content\/uploads\/2022\/07\/logo-od2022.png\",\"width\":468,\"height\":462,\"caption\":\"FURKA MOTORS\"},\"image\":{\"@id\":\"https:\/\/furkamotors.com\/#\/schema\/logo\/image\/\"},\"sameAs\":[\"https:\/\/www.facebook.com\/furkamotors\"]}]}<\/script>\n<!-- \/ Yoast SEO plugin. -->","yoast_head_json":{"title":"GDPR | FURKA MOTORS","robots":{"index":"index","follow":"follow","max-snippet":"max-snippet:-1","max-image-preview":"max-image-preview:large","max-video-preview":"max-video-preview:-1"},"canonical":"https:\/\/furkamotors.com\/en\/ochrana-osobnych-udajov\/","og_locale":"en_US","og_type":"article","og_title":"[:en]GDPR[:sk]Ochrana osobn\u00fdch \u00fadajov[:es]Pol\u00edtica de privacidad[:ita]GDPR[:] | FURKA MOTORS","og_description":"You can request the full text of the GDPR at the administrator&#8217;s address &#8211; info@furkamotors.com. You can also ask the administrator to delete or send a copy of your personal information in strict accordance with EU regulations. The full text of the GDPR usable for legal purposes is available in the Slovak language at the [&hellip;]","og_url":"https:\/\/furkamotors.com\/en\/ochrana-osobnych-udajov\/","og_site_name":"FURKA MOTORS","article_publisher":"https:\/\/www.facebook.com\/furkamotors","article_modified_time":"2024-01-22T10:44:12+00:00","og_image":[{"width":900,"height":601,"url":"https:\/\/furkamotors.com\/wp-content\/uploads\/2022\/10\/obrazok_2022-10-01_202451337.png","type":"image\/png"}],"twitter_card":"summary_large_image","twitter_misc":{"Est. reading time":"1 minute"},"schema":{"@context":"https:\/\/schema.org","@graph":[{"@type":"WebPage","@id":"https:\/\/furkamotors.com\/ita\/ochrana-osobnych-udajov\/","url":"https:\/\/furkamotors.com\/ita\/ochrana-osobnych-udajov\/","name":"GDPR","isPartOf":{"@id":"https:\/\/furkamotors.com\/#website"},"primaryImageOfPage":{"@id":"https:\/\/furkamotors.com\/ita\/ochrana-osobnych-udajov\/#primaryimage"},"image":{"@id":"https:\/\/furkamotors.com\/ita\/ochrana-osobnych-udajov\/#primaryimage"},"thumbnailUrl":"https:\/\/furkamotors.com\/wp-content\/uploads\/2022\/10\/obrazok_2022-10-01_202451337.png","datePublished":"2018-08-08T11:57:12+00:00","dateModified":"2024-01-22T10:44:12+00:00","inLanguage":"en-US","potentialAction":[{"@type":"ReadAction","target":["https:\/\/furkamotors.com\/ita\/ochrana-osobnych-udajov\/"]}]},{"@type":"ImageObject","inLanguage":"en-US","@id":"https:\/\/furkamotors.com\/ita\/ochrana-osobnych-udajov\/#primaryimage","url":"https:\/\/furkamotors.com\/wp-content\/uploads\/2022\/10\/obrazok_2022-10-01_202451337.png","contentUrl":"https:\/\/furkamotors.com\/wp-content\/uploads\/2022\/10\/obrazok_2022-10-01_202451337.png","width":900,"height":601},{"@type":"WebSite","@id":"https:\/\/furkamotors.com\/#website","url":"https:\/\/furkamotors.com\/","name":"FURKA MOTORS","description":"Your style...","publisher":{"@id":"https:\/\/furkamotors.com\/#organization"},"potentialAction":[{"@type":"SearchAction","target":{"@type":"EntryPoint","urlTemplate":"https:\/\/furkamotors.com\/?s={search_term_string}"},"query-input":{"@type":"PropertyValueSpecification","valueRequired":true,"valueName":"search_term_string"}}],"inLanguage":"en-US"},{"@type":"Organization","@id":"https:\/\/furkamotors.com\/#organization","name":"FURKA MOTORS","url":"https:\/\/furkamotors.com\/","logo":{"@type":"ImageObject","inLanguage":"en-US","@id":"https:\/\/furkamotors.com\/#\/schema\/logo\/image\/","url":"https:\/\/furkamotors.com\/wp-content\/uploads\/2022\/07\/logo-od2022.png","contentUrl":"https:\/\/furkamotors.com\/wp-content\/uploads\/2022\/07\/logo-od2022.png","width":468,"height":462,"caption":"FURKA MOTORS"},"image":{"@id":"https:\/\/furkamotors.com\/#\/schema\/logo\/image\/"},"sameAs":["https:\/\/www.facebook.com\/furkamotors"]}]}},"_links":{"self":[{"href":"https:\/\/furkamotors.com\/en\/wp-json\/wp\/v2\/pages\/1795","targetHints":{"allow":["GET"]}}],"collection":[{"href":"https:\/\/furkamotors.com\/en\/wp-json\/wp\/v2\/pages"}],"about":[{"href":"https:\/\/furkamotors.com\/en\/wp-json\/wp\/v2\/types\/page"}],"author":[{"embeddable":true,"href":"https:\/\/furkamotors.com\/en\/wp-json\/wp\/v2\/users\/1"}],"replies":[{"embeddable":true,"href":"https:\/\/furkamotors.com\/en\/wp-json\/wp\/v2\/comments?post=1795"}],"version-history":[{"count":10,"href":"https:\/\/furkamotors.com\/en\/wp-json\/wp\/v2\/pages\/1795\/revisions"}],"predecessor-version":[{"id":3604,"href":"https:\/\/furkamotors.com\/en\/wp-json\/wp\/v2\/pages\/1795\/revisions\/3604"}],"wp:featuredmedia":[{"embeddable":true,"href":"https:\/\/furkamotors.com\/en\/wp-json\/wp\/v2\/media\/2537"}],"wp:attachment":[{"href":"https:\/\/furkamotors.com\/en\/wp-json\/wp\/v2\/media?parent=1795"}],"curies":[{"name":"wp","href":"https:\/\/api.w.org\/{rel}","templated":true}]}}